{"id":5802,"date":"2023-02-14T17:25:15","date_gmt":"2023-02-14T16:25:15","guid":{"rendered":"https:\/\/casaporciatti.it\/shop\/prodotto\/grattamacco-bolgheri-superiore-2018\/"},"modified":"2025-08-29T09:11:52","modified_gmt":"2025-08-29T07:11:52","slug":"grattamacco-bolgheri-superiore-2020","status":"publish","type":"product","link":"https:\/\/casaporciatti.it\/shop\/prodotto\/grattamacco-bolgheri-superiore-2020\/","title":{"rendered":"GRATTAMACCO Bolgheri Superiore 2020"},"content":{"rendered":"<p>Il Grattamacco \u00e8 un Bolgheri Superiore proveniente da un vigneto di 10 ettari posto a 100 metri sul livello del mare con vitigni di et\u00e0 media di 20 anni. Terreni equilibrati che godono di un clima mediterraneo delicato. La densit\u00e0 dei vitigni \u00e8 compresa tra 4500 e 6000 per ettaro, che producono circa 7000 kg di uva.<\/p>\n<p>L&#8217;allevamento della vite con la potatura a cordone speronato ne conservano l&#8217;equilibrio. La vendemmia \u00e8 eseguita esclusivamente a mano. La vinificazione ha inizio con la fermentazione aperta del mosto in barili di rovere conici.<\/p>\n<p>Dopo la fermentazione malolattica in serbatoi di acciaio inossidabile, il vino invecchia per 18 mesi in barrique nuove e usate. Segue l&#8217;affinamento in bottiglia per ulteriori 12 mesi<\/p>\n","protected":false},"excerpt":{"rendered":"<p>Il Grattamacco \u00e8 un Bolgheri Superiore proveniente da un vigneto di 10 ettari posto a 100 metri sul livello del [&hellip;]<\/p>\n","protected":false},"featured_media":5803,"template":"","meta":[],"product_brand":[],"product_cat":[16,17],"product_tag":[98,194],"class_list":{"0":"post-5802","1":"product","2":"type-product","3":"status-publish","4":"has-post-thumbnail","6":"product_cat-bere","7":"product_cat-vini-rossi","8":"product_tag-bolgheri","9":"product_tag-grattamacco","10":"pa_produttore-grattamacco","12":"first","13":"outofstock","14":"shipping-taxable","15":"purchasable","16":"product-type-simple"},"acf":[],"_links":{"self":[{"href":"https:\/\/casaporciatti.it\/shop\/wp-json\/wp\/v2\/product\/5802","targetHints":{"allow":["GET"]}}],"collection":[{"href":"https:\/\/casaporciatti.it\/shop\/wp-json\/wp\/v2\/product"}],"about":[{"href":"https:\/\/casaporciatti.it\/shop\/wp-json\/wp\/v2\/types\/product"}],"wp:featuredmedia":[{"embeddable":true,"href":"https:\/\/casaporciatti.it\/shop\/wp-json\/wp\/v2\/media\/5803"}],"wp:attachment":[{"href":"https:\/\/casaporciatti.it\/shop\/wp-json\/wp\/v2\/media?parent=5802"}],"wp:term":[{"taxonomy":"product_brand","embeddable":true,"href":"https:\/\/casaporciatti.it\/shop\/wp-json\/wp\/v2\/product_brand?post=5802"},{"taxonomy":"product_cat","embeddable":true,"href":"https:\/\/casaporciatti.it\/shop\/wp-json\/wp\/v2\/product_cat?post=5802"},{"taxonomy":"product_tag","embeddable":true,"href":"https:\/\/casaporciatti.it\/shop\/wp-json\/wp\/v2\/product_tag?post=5802"}],"curies":[{"name":"wp","href":"https:\/\/api.w.org\/{rel}","templated":true}]}}