{"id":5445,"date":"2023-02-14T17:23:24","date_gmt":"2023-02-14T16:23:24","guid":{"rendered":"https:\/\/casaporciatti.it\/shop\/prodotto\/boscarelli-vino-nobile-di-montepulciano-2018\/"},"modified":"2023-10-21T10:03:05","modified_gmt":"2023-10-21T08:03:05","slug":"boscarelli-vino-nobile-di-montepulciano-2020","status":"publish","type":"product","link":"https:\/\/casaporciatti.it\/shop\/prodotto\/boscarelli-vino-nobile-di-montepulciano-2020\/","title":{"rendered":"BOSCARELLI Vino Nobile di Montepulciano 2020"},"content":{"rendered":"<p>Il Vino Nobile di Montepulciano di Boscarelli\u00a0 mostra un colore rubino scuro con riflessi granati. Il vino \u00e8 a base di Sangiovese ma ha parti minori di Canaiolo e Colorino nell&#8217;uvaggio. Il Colorino conferisce al vino il suo colore attraente e il Canaiolo fornisce parte della componente aromatica. \u00a0Al naso spiccano aromi di amarena, prugna e mandorla tostata. E&#8217; vino di peso medio e buona acidit\u00e0 rinfrescante.<\/p>\n<p>La storia di Boscarelli inizia nel 1962, quando Egidio Corradi decide di realizzare il suo sogno di creare un vino &#8216;nobile&#8217; di terroir. Rinunciando alla sua carriera di broker internazionale per acquistare terreni agricoli abbandonati a Cervognano, uno splendido angolo della vecchia Toscana etrusca, inizi\u00f2 a coltivare la sua terra e i suoi vigneti in modo tradizionale. \u00c8 stata per\u00f2 sua figlia, Paola De Ferrari, a dare il via al marchio Boscarelli, impiantando vigneti specializzati a 3.500 ceppi per ettaro e adattando le vecchie stalle alla prima cantina dell&#8217;azienda.<\/p>\n<p>La tenuta \u00e8 ora nelle mani di Luca e Nicol\u00f2 De Ferrari, terza generazione della famiglia. Continuano a lavorare con la stessa passione che animava il nonno, assicurandosi che ogni bottiglia sia intrisa dei profumi e dei sapori della regione che tanto amava. La produzione \u00e8 principalmente centrata sul Vino Nobile di Montepulciano DOCG, ma negli ultimi anni l&#8217;azienda si \u00e8 ampliata per produrre vini da parcelle speciali provenienti da luoghi particolarmente vocati<\/p>\n","protected":false},"excerpt":{"rendered":"<p>Il Vino Nobile di Montepulciano di Boscarelli\u00a0 mostra un colore rubino scuro con riflessi granati. Il vino \u00e8 a base [&hellip;]<\/p>\n","protected":false},"featured_media":5446,"template":"","meta":[],"product_brand":[],"product_cat":[16,17],"product_tag":[171,170],"class_list":{"0":"post-5445","1":"product","2":"type-product","3":"status-publish","4":"has-post-thumbnail","6":"product_cat-bere","7":"product_cat-vini-rossi","8":"product_tag-boscarelli","9":"product_tag-nobile-di-montepulciano","10":"pa_produttore-boscarelli","12":"first","13":"instock","14":"shipping-taxable","15":"purchasable","16":"product-type-simple"},"acf":[],"_links":{"self":[{"href":"https:\/\/casaporciatti.it\/shop\/wp-json\/wp\/v2\/product\/5445","targetHints":{"allow":["GET"]}}],"collection":[{"href":"https:\/\/casaporciatti.it\/shop\/wp-json\/wp\/v2\/product"}],"about":[{"href":"https:\/\/casaporciatti.it\/shop\/wp-json\/wp\/v2\/types\/product"}],"wp:featuredmedia":[{"embeddable":true,"href":"https:\/\/casaporciatti.it\/shop\/wp-json\/wp\/v2\/media\/5446"}],"wp:attachment":[{"href":"https:\/\/casaporciatti.it\/shop\/wp-json\/wp\/v2\/media?parent=5445"}],"wp:term":[{"taxonomy":"product_brand","embeddable":true,"href":"https:\/\/casaporciatti.it\/shop\/wp-json\/wp\/v2\/product_brand?post=5445"},{"taxonomy":"product_cat","embeddable":true,"href":"https:\/\/casaporciatti.it\/shop\/wp-json\/wp\/v2\/product_cat?post=5445"},{"taxonomy":"product_tag","embeddable":true,"href":"https:\/\/casaporciatti.it\/shop\/wp-json\/wp\/v2\/product_tag?post=5445"}],"curies":[{"name":"wp","href":"https:\/\/api.w.org\/{rel}","templated":true}]}}