{"id":5406,"date":"2023-02-14T17:23:24","date_gmt":"2023-02-14T16:23:24","guid":{"rendered":"https:\/\/casaporciatti.it\/shop\/prodotto\/gaja-camarcanda-magari-bolgheri-2019\/"},"modified":"2026-03-18T10:50:51","modified_gmt":"2026-03-18T09:50:51","slug":"gaja-ca-marcanda-magari-bolgheri-2023","status":"publish","type":"product","link":"https:\/\/casaporciatti.it\/shop\/prodotto\/gaja-ca-marcanda-magari-bolgheri-2023\/","title":{"rendered":"GAJA CA&#8217; MARCANDA MAGARI Bolgheri 2023"},"content":{"rendered":"<p>GAJA CA&#8217; MARCANDA MAGARI Bolgheri 2022 \u00e8 uno dei vini di punta della tenuta Ca&#8217;Marcanda. \u00c8 un blend di uve internazionali, tipico della zona di Bolgheri, noto per i suoi vini rossi complessi e strutturati.<\/p>\n<p>Nel 1996 Angelo Gaja acquista la sua seconda propriet\u00e0 toscana, Ca&#8217; Marcanda, situata a Castagneto Carducci a Bolgheri. In piena sintonia con il terroir di Bolgheri Ca&#8217; Marcanda \u00e8 un&#8217;azienda di forte ispirazione internazionale. I 150 ettari della tenuta sono coltivati con Cabernet Sauvignon, Merlot, Cabernet Franc e Syrah.<\/p>\n<p><strong>Gaja<\/strong> \u00e8 una delle aziende vinicole pi\u00f9 prestigiose italiane. Fu fondata nel 1859 da Giovanni Gaja, ma \u00e8 diventata la star dell&#8217;enologia contemporanea con <strong>Angelo Gaja<\/strong> &#8211; il pronipote di Giovanni, che per primo ha introdotto concetti e pratiche tecnologiche innovative in Langa. Oggi\u00a0Angelo Gaja \u00e8 ancora il proprietario della cantina, anche se gran parte del lavoro di gestione \u00e8 affidato alle sue due figlie. Oltre alle aziende piemontesi, Gaja negli ultimi anni si \u00e8 espansa anche in Toscana, dove ora possiede diversi vigneti nelle zone pi\u00f9 vocate di Bolgheri e Montalcino<\/p>\n","protected":false},"excerpt":{"rendered":"<p>GAJA CA&#8217; MARCANDA MAGARI Bolgheri 2022 \u00e8 uno dei vini di punta della tenuta Ca&#8217;Marcanda. \u00c8 un blend di uve [&hellip;]<\/p>\n","protected":false},"featured_media":5407,"template":"","meta":[],"product_brand":[],"product_cat":[16,17],"product_tag":[98,165],"class_list":{"0":"post-5406","1":"product","2":"type-product","3":"status-publish","4":"has-post-thumbnail","6":"product_cat-bere","7":"product_cat-vini-rossi","8":"product_tag-bolgheri","9":"product_tag-camarcanda","10":"pa_produttore-gaja","12":"first","13":"instock","14":"shipping-taxable","15":"purchasable","16":"product-type-simple"},"acf":[],"_links":{"self":[{"href":"https:\/\/casaporciatti.it\/shop\/wp-json\/wp\/v2\/product\/5406","targetHints":{"allow":["GET"]}}],"collection":[{"href":"https:\/\/casaporciatti.it\/shop\/wp-json\/wp\/v2\/product"}],"about":[{"href":"https:\/\/casaporciatti.it\/shop\/wp-json\/wp\/v2\/types\/product"}],"wp:featuredmedia":[{"embeddable":true,"href":"https:\/\/casaporciatti.it\/shop\/wp-json\/wp\/v2\/media\/5407"}],"wp:attachment":[{"href":"https:\/\/casaporciatti.it\/shop\/wp-json\/wp\/v2\/media?parent=5406"}],"wp:term":[{"taxonomy":"product_brand","embeddable":true,"href":"https:\/\/casaporciatti.it\/shop\/wp-json\/wp\/v2\/product_brand?post=5406"},{"taxonomy":"product_cat","embeddable":true,"href":"https:\/\/casaporciatti.it\/shop\/wp-json\/wp\/v2\/product_cat?post=5406"},{"taxonomy":"product_tag","embeddable":true,"href":"https:\/\/casaporciatti.it\/shop\/wp-json\/wp\/v2\/product_tag?post=5406"}],"curies":[{"name":"wp","href":"https:\/\/api.w.org\/{rel}","templated":true}]}}