{"id":5391,"date":"2023-02-14T17:23:24","date_gmt":"2023-02-14T16:23:24","guid":{"rendered":"https:\/\/casaporciatti.it\/shop\/prodotto\/brovia-barolo-garbelet-sue-2015\/"},"modified":"2023-07-19T10:11:29","modified_gmt":"2023-07-19T08:11:29","slug":"brovia-barolo-garbelet-sue-2015","status":"publish","type":"product","link":"https:\/\/casaporciatti.it\/shop\/prodotto\/brovia-barolo-garbelet-sue-2015\/","title":{"rendered":"BROVIA Barolo Garbel\u00e9t Su\u00e9 2015"},"content":{"rendered":"<p>Le uve <strong>nebbiolo<\/strong> per il <strong>Barolo Garbel\u00e9t Su\u00e9<\/strong> di <strong>Brovia<\/strong>\u00a0provengono da questo fantastico CRU di <strong>Castiglion Falletto<\/strong> detto anche &#8220;vigneto Fiasco&#8221;, su pendii sud \/ sud-est a un&#8217;altitudine di 250 metri con terreno prevalentemente calcareo. E&#8217; un vino dinamico e pieno di sorprese un gemello fraterno del pi\u00f9 severo e imponente&#8221; Villero &#8220;. Il vigneto \u00e8 di 0,7 ettari con viti piantate nel 1970 e 1979. Si distingue per la sua energia, ed equilibrio fra note di frutta nera e minerali. Al palato \u00e8 vivace e rotondo.<\/p>\n<p class=\"p1\">Nel 1863 <strong>Giacinto Brovia<\/strong> fond\u00f2 l&#8217;omonima azienda a <strong>Castiglione Falletto<\/strong>, nel cuore della regione del Barolo. La famiglia \u00e8 da allora impegnata nella coltivazione dell&#8217;uva e nella produzione di vino.<\/p>\n<p class=\"p1\">I Brovia, di generazione in generazione, sono stati compratori coscienziosi di alcuni dei migliori vigneti di questa nobile terra, concentrando i loro sforzi a Castiglione Falletto e nella vicina Serralunga d&#8217;Alba. Brovia possiede terreni in una variet\u00e0 dei migliori &#8220;cru&#8221; del Piemonte come Rocche, Villero e Garbl\u00e9t Sue, tutti a Castiglione Falletto, cos\u00ec come Brea a Serralunga.<\/p>\n<p class=\"p1\">Questi diversi cru si differenziano per tipo di terreno, dall&#8217;argilla pi\u00f9 pesante al calcare friabile. I Brovia sono viticoltori estremamente coscienziosi e coltivano in modo biologico (senza essere certificati formalmente). Eseguono analisi del suolo ogni due anni per assicurare che gli elementi siano in equilibrio; la potatura \u00e8 fatta per limitare le rese del raccolto. La vendemmia \u00e8 fatta interamente a mano e di solito inizia a fine settembre con il Dolcetto, l&#8217;Arneis e la Barbera; naturalmente il Nebbiolo matura pi\u00f9 tardi e la raccolta per i vari Baroli avviene normalmente a met\u00e0 ottobre.<\/p>\n<p class=\"p1\">I vini Brovia sono vinificati in stile classico. Le uve vengono leggermente pressate prima di entrare nelle vasche di fermentazione. La durata del periodo di fermentazione dipende dal vitigno, per il nebbiolo da Barolo estendersi fino a un mese o pi\u00f9 a temperature tra i 28 ei 30 gradi Celsius. I Baroli sono invecchiati per almeno due anni in botti da 30 ettolitri di rovere di Slavonia e Francia. I vini vengono quindi imbottigliati senza filtrazione e immessi sul mercato dopo ulteriori 18-24 mesi di affinamento in bottiglia<\/p>\n<p class=\"p1\">L&#8217;azienda di Brovia si estende oggi per 19,2 ettari con il 55% della produzione dedicata al Barolo, il 25% al Dolcetto, il 10% alla Barbera e il restante 10% prodotto da Arneis, Nebbiolo d&#8217;Alba e Freisa.<\/p>\n","protected":false},"excerpt":{"rendered":"<p>Le uve nebbiolo per il Barolo Garbel\u00e9t Su\u00e9 di Brovia\u00a0provengono da questo fantastico CRU di Castiglion Falletto detto anche &#8220;vigneto [&hellip;]<\/p>\n","protected":false},"featured_media":5392,"template":"","meta":[],"product_brand":[],"product_cat":[16,17],"product_tag":[150,160],"class_list":{"0":"post-5391","1":"product","2":"type-product","3":"status-publish","4":"has-post-thumbnail","6":"product_cat-bere","7":"product_cat-vini-rossi","8":"product_tag-barolo","9":"product_tag-brovia","10":"pa_categorie-speciali-vini-pregiati-e-rari","11":"pa_produttore-brovia","13":"first","14":"outofstock","15":"shipping-taxable","16":"purchasable","17":"product-type-simple"},"acf":[],"_links":{"self":[{"href":"https:\/\/casaporciatti.it\/shop\/wp-json\/wp\/v2\/product\/5391","targetHints":{"allow":["GET"]}}],"collection":[{"href":"https:\/\/casaporciatti.it\/shop\/wp-json\/wp\/v2\/product"}],"about":[{"href":"https:\/\/casaporciatti.it\/shop\/wp-json\/wp\/v2\/types\/product"}],"wp:featuredmedia":[{"embeddable":true,"href":"https:\/\/casaporciatti.it\/shop\/wp-json\/wp\/v2\/media\/5392"}],"wp:attachment":[{"href":"https:\/\/casaporciatti.it\/shop\/wp-json\/wp\/v2\/media?parent=5391"}],"wp:term":[{"taxonomy":"product_brand","embeddable":true,"href":"https:\/\/casaporciatti.it\/shop\/wp-json\/wp\/v2\/product_brand?post=5391"},{"taxonomy":"product_cat","embeddable":true,"href":"https:\/\/casaporciatti.it\/shop\/wp-json\/wp\/v2\/product_cat?post=5391"},{"taxonomy":"product_tag","embeddable":true,"href":"https:\/\/casaporciatti.it\/shop\/wp-json\/wp\/v2\/product_tag?post=5391"}],"curies":[{"name":"wp","href":"https:\/\/api.w.org\/{rel}","templated":true}]}}