{"id":5374,"date":"2023-02-14T17:23:08","date_gmt":"2023-02-14T16:23:08","guid":{"rendered":"https:\/\/casaporciatti.it\/shop\/prodotto\/giuseppe-mascarello-barolo-monprivato-2018\/"},"modified":"2024-03-31T05:29:27","modified_gmt":"2024-03-31T03:29:27","slug":"giuseppe-mascarello-barolo-monprivato-2018","status":"publish","type":"product","link":"https:\/\/casaporciatti.it\/shop\/prodotto\/giuseppe-mascarello-barolo-monprivato-2018\/","title":{"rendered":"GIUSEPPE MASCARELLO Barolo Monprivato 2018"},"content":{"rendered":"<p>Il<strong> Barolo Monprivato 2018<\/strong>\u00a0\u00e8 un vino seducente e di\u00a0 buon corpo. Dal bicchiere emergono note di frutta rossa, buccia d&#8217;arancia, menta e spezie dolci e esotiche. Tannini setosi accompagnano il finale in un nebbiolo arioso ed etereo.<\/p>\n<p>Il vigneto <strong>Monprivato<\/strong> dell&#8217;azienda <strong>Giuseppe Mascarello<\/strong> si trova nel comune di <strong>Castiglione Falletto<\/strong> nel cuore della zona vitivinicola del Barolo. \u00c8 un vigneto storico, come confermano i vecchi archivi catastali risalenti al 1666.<br \/>\nIl vigneto si colloca a 280 m slm su un suolo\u00a0calcareo, composto da marne grigio-azzurre di formazione marina. Vinificazione tradizionale con cappello in sospensione per 20\/25 giorni . Affinamento in botte di rovere di Slavonia di medie dimensioni per circa 38 mesi.<\/p>\n<p class=\"p1\"><strong>Giuseppe Mascarello<\/strong> e Figlio ha una lunga e illustre storia in Piemonte ed \u00e8 inequivocabilmente uno dei pi\u00f9 grandi produttori di Barolo. Questa cantina dallo stile tradizionale \u00e8 ora gestita da Mauro Mascarello, che \u00e8 la quarta generazione della famiglia a capo dell&#8217;azienda.<\/p>\n<p class=\"p1\">Le origini della tenuta risalgono alla met\u00e0 dell&#8217;Ottocento, quando Giuseppe Mascarello si fece un nome nella gestione dei vigneti di altri proprietari terrieri e che alla fine decise di acquistare dei vigneti per la propria cantina nel 1881 vicino al borgo di Monforte d&#8217;Alba. Suo figlio Maurizio Mascarello acquist\u00f2 il vigneto Monprivato nel vicino paese di <strong>Castiglione Falletto<\/strong> nel 1904 e trasfer\u00ec l&#8217;azienda di famiglia in questa localit\u00e0. Da quel giorno il nome di Mascarello e la leggendaria vigna di Monprivato sono stati inestricabilmente legati. Nel 1921 Maurizio acquist\u00f2 un vecchio e bellissimo edificio del XVIII secolo a Monchiero e trasfer\u00ec l\u00ec l&#8217;attivit\u00e0 di famiglia dove risiede tutt&#8217;oggi. Quando Maurizio mor\u00ec nel 1923, i suoi due figli, Giuseppe e Natale, subentrarono alla gestione dell&#8217;azienda.<\/p>\n<p class=\"p1\">Il vigneto Monprivato, con una superficie di sei ettari, \u00e8 splendidamente collocato a sud-ovest, nel comune di Castiglione Falletto. I Mascarello possiedono tutto Monprivato (avendo acquistato piccoli lotti da una coppia di vicini nel periodo tra il 1985 e il 1990), rendendo questo vigneto &#8220;un monopole&#8221; sulla falsariga di La T\u00e2che.<\/p>\n<p class=\"p1\">I terreni di Monprivato, insieme alla raffinatezza della variet\u00e0 di Nebbiolo Mich\u00e9t, producono una delle interpretazioni pi\u00f9 avvincenti complesse ed eleganti del Barolo.<\/p>\n<p class=\"p1\">Mauro Mascarello viene spesso descritto come &#8220;un tradizionalista illuminato&#8221; quando si parla del suo approccio enologico. Non ci sono barriques\u00a0 o rotofermentini nelle cantine Mascarello, poich\u00e9 i vini continuano ad essere invecchiati nelle vecchie botti di rovere di Slavonia acquistate da suo padre negli anni &#8217;50.<\/p>\n","protected":false},"excerpt":{"rendered":"<p>Il Barolo Monprivato 2018\u00a0\u00e8 un vino seducente e di\u00a0 buon corpo. Dal bicchiere emergono note di frutta rossa, buccia d&#8217;arancia, [&hellip;]<\/p>\n","protected":false},"featured_media":5372,"template":"","meta":[],"product_brand":[],"product_cat":[16,17],"product_tag":[150,163,34,91],"class_list":{"0":"post-5374","1":"product","2":"type-product","3":"status-publish","4":"has-post-thumbnail","6":"product_cat-bere","7":"product_cat-vini-rossi","8":"product_tag-barolo","9":"product_tag-giuseppe-mascarello","10":"product_tag-scelto-da-riccardo","11":"product_tag-vini-pregiati-e-rari","12":"pa_categorie-speciali-vini-pregiati-e-rari","13":"pa_etichette-porciatti-consigliato-da-riccardo","14":"pa_produttore-giuseppe-mascarello","16":"first","17":"instock","18":"shipping-taxable","19":"purchasable","20":"product-type-simple"},"acf":[],"_links":{"self":[{"href":"https:\/\/casaporciatti.it\/shop\/wp-json\/wp\/v2\/product\/5374","targetHints":{"allow":["GET"]}}],"collection":[{"href":"https:\/\/casaporciatti.it\/shop\/wp-json\/wp\/v2\/product"}],"about":[{"href":"https:\/\/casaporciatti.it\/shop\/wp-json\/wp\/v2\/types\/product"}],"wp:featuredmedia":[{"embeddable":true,"href":"https:\/\/casaporciatti.it\/shop\/wp-json\/wp\/v2\/media\/5372"}],"wp:attachment":[{"href":"https:\/\/casaporciatti.it\/shop\/wp-json\/wp\/v2\/media?parent=5374"}],"wp:term":[{"taxonomy":"product_brand","embeddable":true,"href":"https:\/\/casaporciatti.it\/shop\/wp-json\/wp\/v2\/product_brand?post=5374"},{"taxonomy":"product_cat","embeddable":true,"href":"https:\/\/casaporciatti.it\/shop\/wp-json\/wp\/v2\/product_cat?post=5374"},{"taxonomy":"product_tag","embeddable":true,"href":"https:\/\/casaporciatti.it\/shop\/wp-json\/wp\/v2\/product_tag?post=5374"}],"curies":[{"name":"wp","href":"https:\/\/api.w.org\/{rel}","templated":true}]}}