{"id":5345,"date":"2023-02-14T17:23:08","date_gmt":"2023-02-14T16:23:08","guid":{"rendered":"https:\/\/casaporciatti.it\/shop\/prodotto\/massolino-barbaresco-2019\/"},"modified":"2023-05-14T06:35:43","modified_gmt":"2023-05-14T04:35:43","slug":"massolino-barbaresco-2019","status":"publish","type":"product","link":"https:\/\/casaporciatti.it\/shop\/prodotto\/massolino-barbaresco-2019\/","title":{"rendered":"MASSOLINO Barbaresco 2019"},"content":{"rendered":"<p class=\"p1\"><b>Il BARBARESCO DOCG di Massolino<\/b> \u00e8 prodotto con uve dei vigneti Starderi, Serraboella e in piccola parte Albesani.<\/p>\n<p>Il terreno della zona del Barbaresco\u00a0 offre un\u2019espressione del Nebbiolo molto particolare. Questi vigneti sono in grado di donare vini con un equilibrio ed una finezza eccezionali, delicati e eleganti. Un\u2019espressione molto suadente e affascinate. Emergono seducenti note floreali accompagnate da sentori di frutta rossa che donano al calice un\u2019identit\u00e0 ben precisa; siamo difronte a vini pi\u00f9 gentili e delicati rispetto ai nostri Barolo, ma con un fascino incredibile.<\/p>\n<p>&nbsp;<\/p>\n<p class=\"p1\"><strong>La storia dei Massolino<\/strong> e del loro vino si intrecciarono con la storia di Serralunga d&#8217;Alba sin dal 1896, quando Giovanni fond\u00f2 l&#8217;azienda. Giovanni fu la prima persona a portare elettricit\u00e0 in paese. Uomo intraprendente, tenace e creativo, \u00e8 il progenitore di una famiglia che ha fatto della combinazione di ricerca e tradizione un tratto distintivo.<\/p>\n<p class=\"p1\">La prima cantina dei Massolino fu costruita da Giuseppe, figlio di Giovanni, che, insieme alla sorella Angela, estese l&#8217;azienda con l&#8217;acquisto d nuovi terreni e, nel 1934, fu uno dei fondatori del Consorzio per la Difesa di Barolo e Barbaresco. A quel tempo, Giuseppe aveva sei figli. Tre di loro, Giovanni, Camilla e Renato, hanno seguito le orme del padre, espandendo l&#8217;azienda con l&#8217;acquisto di vigneti cru che sono autentici gioielli: Margheria, Parafada e Vigna Rionda.<\/p>\n<p class=\"p1\">Negli anni &#8217;90, Franco e Roberto, entrambi enologi, si unirono alla tenuta di famiglia. Il loro lavoro condensa l&#8217;esperienza di un&#8217;intera famiglia e l&#8217;ambizione di una nuova generazione, determinata a dare un contributo importante all&#8217;innovazione delle tecniche enologiche e agronomiche e all&#8217;immagine della tenuta in Italia e all&#8217;estero.<\/p>\n","protected":false},"excerpt":{"rendered":"<p>Il BARBARESCO DOCG di Massolino \u00e8 prodotto con uve dei vigneti Starderi, Serraboella e in piccola parte Albesani. Il terreno [&hellip;]<\/p>\n","protected":false},"featured_media":5346,"template":"","meta":[],"product_brand":[],"product_cat":[16,17],"product_tag":[155,158],"class_list":{"0":"post-5345","1":"product","2":"type-product","3":"status-publish","4":"has-post-thumbnail","6":"product_cat-bere","7":"product_cat-vini-rossi","8":"product_tag-barbaresco","9":"product_tag-massolino","10":"pa_produttore-massolino","12":"first","13":"outofstock","14":"shipping-taxable","15":"purchasable","16":"product-type-simple"},"acf":[],"_links":{"self":[{"href":"https:\/\/casaporciatti.it\/shop\/wp-json\/wp\/v2\/product\/5345","targetHints":{"allow":["GET"]}}],"collection":[{"href":"https:\/\/casaporciatti.it\/shop\/wp-json\/wp\/v2\/product"}],"about":[{"href":"https:\/\/casaporciatti.it\/shop\/wp-json\/wp\/v2\/types\/product"}],"wp:featuredmedia":[{"embeddable":true,"href":"https:\/\/casaporciatti.it\/shop\/wp-json\/wp\/v2\/media\/5346"}],"wp:attachment":[{"href":"https:\/\/casaporciatti.it\/shop\/wp-json\/wp\/v2\/media?parent=5345"}],"wp:term":[{"taxonomy":"product_brand","embeddable":true,"href":"https:\/\/casaporciatti.it\/shop\/wp-json\/wp\/v2\/product_brand?post=5345"},{"taxonomy":"product_cat","embeddable":true,"href":"https:\/\/casaporciatti.it\/shop\/wp-json\/wp\/v2\/product_cat?post=5345"},{"taxonomy":"product_tag","embeddable":true,"href":"https:\/\/casaporciatti.it\/shop\/wp-json\/wp\/v2\/product_tag?post=5345"}],"curies":[{"name":"wp","href":"https:\/\/api.w.org\/{rel}","templated":true}]}}