{"id":5337,"date":"2023-02-14T17:23:08","date_gmt":"2023-02-14T16:23:08","guid":{"rendered":"https:\/\/casaporciatti.it\/shop\/prodotto\/ceretto-barbaresco-asili-2015\/"},"modified":"2023-03-16T11:41:58","modified_gmt":"2023-03-16T10:41:58","slug":"ceretto-barbaresco-asili-2015","status":"publish","type":"product","link":"https:\/\/casaporciatti.it\/shop\/prodotto\/ceretto-barbaresco-asili-2015\/","title":{"rendered":"CERETTO Barbaresco Asili 2015"},"content":{"rendered":"<p>Il <strong>Barbaresco Asili<\/strong> di <strong>Ceretto<\/strong>\u00a0esprime un bouquet complesso ed etereo con note di ciliegie essiccate, rose, violette, liquirizia e tabacco dolce. Al palato mostra tutta la sua grande complessit\u00e0 che raggiunger\u00e0 il picco dopo 10\/15 anni dalla vendemmia.<\/p>\n<p>Il nome del vino, Asili, si riferisce al vigneto <strong>Asili<\/strong> dal quale vengono raccolte le uve..<\/p>\n<p class=\"p1\">Per tre generazioni la famiglia Ceretto ha trasformato il frutto delle vigne delle Langhe in vini che parlano dell&#8217;identit\u00e0 della regione.\u00a0 Il rispetto per questa terra \u00e8 alla base dalla filosofia dei Ceretto da sempre impegnata a produrre i vini pi\u00f9 espressivi e autentici che la loro terra possa offrire.<\/p>\n<p class=\"p1\"><strong>La famiglia Ceretto<\/strong> \u00e8 diventata uno dei pi\u00f9 grandi proprietari di vigneti in Piemonte con oltre 400 ettari di vigneti di propriet\u00e0, situati principalmente nelle Langhe e nel Roero. Questo include le prestigiose aree DOCG di Barolo e Barbaresco. Il nome di famiglia \u00e8 sinonimo di\u00a0 vini prodotti con cura capaci di esprimere il carattere varietale con purezza ed eleganza.<\/p>\n<p class=\"p1\">Nel 2012, sotto la guida di Alessandro Ceretto, la famiglia ha iniziato il lungo processo di ottenimento della certificazione biologica per tutte le loro aziende vitivinicole. La famiglia Ceretto non applica diserbanti nei vigneti e concima solo con letame. Le colture di copertura verde sono promosse tra i filari per rafforzare la fertilit\u00e0 e la struttura del suolo. E nei singoli vigneti, gli spray con prodotti naturali vengono utilizzati per aumentare la vitalit\u00e0 delle piante e la capacit\u00e0 fotosintetica. Tutto ci\u00f2 ha lo scopo di sviluppare un sistema vigoroso e sano in grado di mantenere le proprie risorse naturali nel tempo.<\/p>\n<p class=\"p1\">La famiglia possiede quattro aziende vinicole nelle Langhe, ciascuna dedicata alla produzione di vini specifici e ciascuna denominata per la sua posizione geografica:<\/p>\n<p class=\"p1\">Bricco Rocche a Castiglione Falletto, dove vengono prodotti i vini Barolo.<\/p>\n<p class=\"p1\">Bricco Asili nel villaggio di Barbaresco, sede dei vini del Barbaresco.<\/p>\n<p class=\"p1\">Monsordo Bernardina ad Alba, dedicato alla produzione di vini delle Langhe e del Roero<\/p>\n<p class=\"p1\">I Vignaioli Santo Stefano, nel paese di Santo Stefano Belbo dedicato interamente alla produzione di vini Moscato<\/p>\n","protected":false},"excerpt":{"rendered":"<p>Il Barbaresco Asili di Ceretto\u00a0esprime un bouquet complesso ed etereo con note di ciliegie essiccate, rose, violette, liquirizia e tabacco [&hellip;]<\/p>\n","protected":false},"featured_media":5338,"template":"","meta":[],"product_brand":[],"product_cat":[16,17],"product_tag":[155,156],"class_list":{"0":"post-5337","1":"product","2":"type-product","3":"status-publish","4":"has-post-thumbnail","6":"product_cat-bere","7":"product_cat-vini-rossi","8":"product_tag-barbaresco","9":"product_tag-ceretto","10":"pa_categorie-speciali-vini-pregiati-e-rari","11":"pa_produttore-ceretto","13":"first","14":"instock","15":"shipping-taxable","16":"purchasable","17":"product-type-simple"},"acf":[],"_links":{"self":[{"href":"https:\/\/casaporciatti.it\/shop\/wp-json\/wp\/v2\/product\/5337","targetHints":{"allow":["GET"]}}],"collection":[{"href":"https:\/\/casaporciatti.it\/shop\/wp-json\/wp\/v2\/product"}],"about":[{"href":"https:\/\/casaporciatti.it\/shop\/wp-json\/wp\/v2\/types\/product"}],"wp:featuredmedia":[{"embeddable":true,"href":"https:\/\/casaporciatti.it\/shop\/wp-json\/wp\/v2\/media\/5338"}],"wp:attachment":[{"href":"https:\/\/casaporciatti.it\/shop\/wp-json\/wp\/v2\/media?parent=5337"}],"wp:term":[{"taxonomy":"product_brand","embeddable":true,"href":"https:\/\/casaporciatti.it\/shop\/wp-json\/wp\/v2\/product_brand?post=5337"},{"taxonomy":"product_cat","embeddable":true,"href":"https:\/\/casaporciatti.it\/shop\/wp-json\/wp\/v2\/product_cat?post=5337"},{"taxonomy":"product_tag","embeddable":true,"href":"https:\/\/casaporciatti.it\/shop\/wp-json\/wp\/v2\/product_tag?post=5337"}],"curies":[{"name":"wp","href":"https:\/\/api.w.org\/{rel}","templated":true}]}}