{"id":5294,"date":"2023-02-14T17:22:52","date_gmt":"2023-02-14T16:22:52","guid":{"rendered":"https:\/\/casaporciatti.it\/shop\/prodotto\/podere-brizio-brunello-di-montalcino-2013\/"},"modified":"2023-03-16T11:41:51","modified_gmt":"2023-03-16T10:41:51","slug":"podere-brizio-brunello-di-montalcino-2013","status":"publish","type":"product","link":"https:\/\/casaporciatti.it\/shop\/prodotto\/podere-brizio-brunello-di-montalcino-2013\/","title":{"rendered":"PODERE BRIZIO Brunello di Montalcino 2013"},"content":{"rendered":"<p>Il <strong>Brunello di Montalcino<\/strong> di <strong>Podere Brizio<\/strong> ha carattere fiero e classico. <strong>Sangiovese<\/strong> di razza, gioca il suo sorso sulla trama tannica molto elegante e finale lungo e appagante.<\/p>\n<p>Podere Brizio nasce nel 1996 con Roberto Bellini quando vendette la maggior parte delle sue quote della propriet\u00e0 di Pieve di Santa Restituta ad Angelo Gaja e con il ricavato si dedic\u00f2 a questa nuova avventura.<\/p>\n<p>Nel 2013 Bellini decise di vendere la tenuta ad Alejandro Bulgheroni, proprietario della cantina Dievole nel Chianti Classico. Bulgheroni ha avviato un ampio programma di rinnovamento della tenuta e del vigneto.<\/p>\n<p>Il terroir di Brizio non \u00e8 mai stato in discussione, ma con la nuova propriet\u00e0 i vini hanno trovato nuovo slancio: fermentazioni pi\u00f9 lunghe in acciaio con lievito indigeni e invecchiamento in botti da 54 ettolitri hanno fatto emergere una volta per tutte la potenzialit\u00e0 di Podere Brizio. Oltre a Angelo Gaja, i vicini di casa di Brizio includono Case Basse di Gianfranco Soldera e\u00a0 Mocali.<\/p>\n<p>&nbsp;<\/p>\n","protected":false},"excerpt":{"rendered":"<p>Il Brunello di Montalcino di Podere Brizio ha carattere fiero e classico. Sangiovese di razza, gioca il suo sorso sulla [&hellip;]<\/p>\n","protected":false},"featured_media":5295,"template":"","meta":[],"product_brand":[],"product_cat":[16,17],"product_tag":[121,144],"class_list":{"0":"post-5294","1":"product","2":"type-product","3":"status-publish","4":"has-post-thumbnail","6":"product_cat-bere","7":"product_cat-vini-rossi","8":"product_tag-brunello-di-montalcino","9":"product_tag-podere-brizio","10":"pa_categorie-speciali-brunello-di-montalcino","11":"pa_produttore-podere-brizio","13":"first","14":"outofstock","15":"shipping-taxable","16":"purchasable","17":"product-type-simple"},"acf":[],"_links":{"self":[{"href":"https:\/\/casaporciatti.it\/shop\/wp-json\/wp\/v2\/product\/5294","targetHints":{"allow":["GET"]}}],"collection":[{"href":"https:\/\/casaporciatti.it\/shop\/wp-json\/wp\/v2\/product"}],"about":[{"href":"https:\/\/casaporciatti.it\/shop\/wp-json\/wp\/v2\/types\/product"}],"wp:featuredmedia":[{"embeddable":true,"href":"https:\/\/casaporciatti.it\/shop\/wp-json\/wp\/v2\/media\/5295"}],"wp:attachment":[{"href":"https:\/\/casaporciatti.it\/shop\/wp-json\/wp\/v2\/media?parent=5294"}],"wp:term":[{"taxonomy":"product_brand","embeddable":true,"href":"https:\/\/casaporciatti.it\/shop\/wp-json\/wp\/v2\/product_brand?post=5294"},{"taxonomy":"product_cat","embeddable":true,"href":"https:\/\/casaporciatti.it\/shop\/wp-json\/wp\/v2\/product_cat?post=5294"},{"taxonomy":"product_tag","embeddable":true,"href":"https:\/\/casaporciatti.it\/shop\/wp-json\/wp\/v2\/product_tag?post=5294"}],"curies":[{"name":"wp","href":"https:\/\/api.w.org\/{rel}","templated":true}]}}