{"id":5272,"date":"2023-02-14T17:22:52","date_gmt":"2023-02-14T16:22:52","guid":{"rendered":"https:\/\/casaporciatti.it\/shop\/prodotto\/lisini-brunello-di-montalcino-2016\/"},"modified":"2026-03-15T07:08:33","modified_gmt":"2026-03-15T06:08:33","slug":"lisini-brunello-di-montalcino-2021","status":"publish","type":"product","link":"https:\/\/casaporciatti.it\/shop\/prodotto\/lisini-brunello-di-montalcino-2021\/","title":{"rendered":"LISINI Brunello di Montalcino 2021"},"content":{"rendered":"<p>Il <strong>Lisini <\/strong><strong>Brunello di Montalcino<\/strong><strong> 2021<\/strong> si presenta con un rosso rubino carico che si affina con gli anni in aranciato brillante. Il bouquet lievemente etereo \u00e8 di straordinaria eleganza con sentori gudron, sottobosco, tabacco, viola e vaniglia. In bocca \u00e8 asciutto, ma allo stesso tempo tempo pieno ed armonico, nerbo saldo e viperino, stoffa consistente ed aristocratica. Insomma un <strong>sangiovese<\/strong> di razza.<\/p>\n<p class=\"p1\">La famiglia Lisini-Clementi \u00e8 proprietaria di terreni a Montalcino sin dal XVI secolo. Le prime viti furono piantate negli anni &#8217;30, molto prima che il Brunello di Montalcino diventasse quel fenomeno mondiale che \u00e8 oggi.<\/p>\n<p class=\"p1\">Oggi la tenuta ammonta a circa 150 ettari che circondano l&#8217;antico casale e la cantina, e i fratelli Carlo e Lorenzo, insieme alla cugina Ludovica, continuano le tradizioni dei loro antenati. Non solo la produzione di vino, che \u00e8 basata interamente sul nobile vitigno sangiovese, ma anche dell&#8217;olio d&#8217;oliva. La loro posizione, sulle colline che circondano Sant&#8217;Angelo in Colle, nell&#8217;angolo sud-ovest di Montalcino, \u00e8 particolarmente favorevole alla coltivazione di sangiovese. I 20 ettari di vigneto si trovano ad un&#8217;altitudine media di 350 metri sul livello del mare e si aprono verso sud, verso la Maremma Toscana, rendendoli pi\u00f9 asciutti e pi\u00f9 ventilati rispetto ad altre localit\u00e0.<\/p>\n<p class=\"p1\">Il Brunello di Montalcino Lisini \u00e8 un monumento alla classicit\u00e0 e alla tradizione. Le fermentazioni avvengono in vasche di cemento rivestite di vetro e tutti i vini invecchiano in grandi botti di rovere di Slavonia.<\/p>\n","protected":false},"excerpt":{"rendered":"<p>Il Lisini Brunello di Montalcino 2021 si presenta con un rosso rubino carico che si affina con gli anni in [&hellip;]<\/p>\n","protected":false},"featured_media":5273,"template":"","meta":[],"product_brand":[],"product_cat":[16,17],"product_tag":[121,138],"class_list":{"0":"post-5272","1":"product","2":"type-product","3":"status-publish","4":"has-post-thumbnail","6":"product_cat-bere","7":"product_cat-vini-rossi","8":"product_tag-brunello-di-montalcino","9":"product_tag-lisini","10":"pa_categorie-speciali-brunello-di-montalcino","11":"pa_produttore-lisini","13":"first","14":"instock","15":"shipping-taxable","16":"purchasable","17":"product-type-simple"},"acf":[],"_links":{"self":[{"href":"https:\/\/casaporciatti.it\/shop\/wp-json\/wp\/v2\/product\/5272","targetHints":{"allow":["GET"]}}],"collection":[{"href":"https:\/\/casaporciatti.it\/shop\/wp-json\/wp\/v2\/product"}],"about":[{"href":"https:\/\/casaporciatti.it\/shop\/wp-json\/wp\/v2\/types\/product"}],"wp:featuredmedia":[{"embeddable":true,"href":"https:\/\/casaporciatti.it\/shop\/wp-json\/wp\/v2\/media\/5273"}],"wp:attachment":[{"href":"https:\/\/casaporciatti.it\/shop\/wp-json\/wp\/v2\/media?parent=5272"}],"wp:term":[{"taxonomy":"product_brand","embeddable":true,"href":"https:\/\/casaporciatti.it\/shop\/wp-json\/wp\/v2\/product_brand?post=5272"},{"taxonomy":"product_cat","embeddable":true,"href":"https:\/\/casaporciatti.it\/shop\/wp-json\/wp\/v2\/product_cat?post=5272"},{"taxonomy":"product_tag","embeddable":true,"href":"https:\/\/casaporciatti.it\/shop\/wp-json\/wp\/v2\/product_tag?post=5272"}],"curies":[{"name":"wp","href":"https:\/\/api.w.org\/{rel}","templated":true}]}}