{"id":5267,"date":"2023-02-14T17:22:52","date_gmt":"2023-02-14T16:22:52","guid":{"rendered":"https:\/\/casaporciatti.it\/shop\/prodotto\/castello-di-argiano-sesti-phenomena-brunello-di-montalcino-riserva-2016\/"},"modified":"2023-03-16T11:41:49","modified_gmt":"2023-03-16T10:41:49","slug":"castello-di-argiano-sesti-phenomena-brunello-di-montalcino-riserva-2016","status":"publish","type":"product","link":"https:\/\/casaporciatti.it\/shop\/prodotto\/castello-di-argiano-sesti-phenomena-brunello-di-montalcino-riserva-2016\/","title":{"rendered":"CASTELLO DI ARGIANO SESTI PHENOMENA Brunello di Montalcino Riserva 2016"},"content":{"rendered":"<p>Il <strong>Brunello di Montalcino<\/strong>\u00a0<strong>Riserva Phenomena\u00a0Sesti<\/strong> del <strong>Castello di Argiano<\/strong> \u00e8 un vino dall&#8217;innegabile fascino.\u00a0PHENOMENA \u00e8 il nome dato alla Riserva del Brunello di Montalcino per commemorare un evento astronomico significativo che si \u00e8 verificato nell&#8217;anno della vendemmia. L&#8217;immagine in etichetta ne \u00e8 testimone e cambia di anno in anno.<\/p>\n<p class=\"p1\">La tenuta di Sesti del Castello di Argiano si trova nel versante meridionale del quadrante di Montalcino. L&#8217;estensione della Tenuta \u00e8 poco pi\u00f9 di 100 ettari ma solo tredici sono dedicati alle vigne, il resto \u00e8 terreno boschivo, oliveti e pascoli. I vigneti sono esposti a sud a 350 m di altitudine allevate a cordone speronato<\/p>\n<p class=\"p1\">Le viti sono allevate in modo sostenibile, l&#8217;equivalente della lutte raisonn\u00e9e in Francia.<\/p>\n","protected":false},"excerpt":{"rendered":"<p>Il Brunello di Montalcino\u00a0Riserva Phenomena\u00a0Sesti del Castello di Argiano \u00e8 un vino dall&#8217;innegabile fascino.\u00a0PHENOMENA \u00e8 il nome dato alla Riserva [&hellip;]<\/p>\n","protected":false},"featured_media":5268,"template":"","meta":[],"product_brand":[],"product_cat":[16,17],"product_tag":[121,135,136,137],"class_list":{"0":"post-5267","1":"product","2":"type-product","3":"status-publish","4":"has-post-thumbnail","6":"product_cat-bere","7":"product_cat-vini-rossi","8":"product_tag-brunello-di-montalcino","9":"product_tag-castello-di-argiano","10":"product_tag-phenomena","11":"product_tag-sesti","12":"pa_categorie-speciali-brunello-di-montalcino","13":"pa_categorie-speciali-vini-pregiati-e-rari","14":"pa_produttore-castello-di-argiano","15":"pa_produttore-sesti","17":"first","18":"outofstock","19":"shipping-taxable","20":"purchasable","21":"product-type-simple"},"acf":[],"_links":{"self":[{"href":"https:\/\/casaporciatti.it\/shop\/wp-json\/wp\/v2\/product\/5267","targetHints":{"allow":["GET"]}}],"collection":[{"href":"https:\/\/casaporciatti.it\/shop\/wp-json\/wp\/v2\/product"}],"about":[{"href":"https:\/\/casaporciatti.it\/shop\/wp-json\/wp\/v2\/types\/product"}],"wp:featuredmedia":[{"embeddable":true,"href":"https:\/\/casaporciatti.it\/shop\/wp-json\/wp\/v2\/media\/5268"}],"wp:attachment":[{"href":"https:\/\/casaporciatti.it\/shop\/wp-json\/wp\/v2\/media?parent=5267"}],"wp:term":[{"taxonomy":"product_brand","embeddable":true,"href":"https:\/\/casaporciatti.it\/shop\/wp-json\/wp\/v2\/product_brand?post=5267"},{"taxonomy":"product_cat","embeddable":true,"href":"https:\/\/casaporciatti.it\/shop\/wp-json\/wp\/v2\/product_cat?post=5267"},{"taxonomy":"product_tag","embeddable":true,"href":"https:\/\/casaporciatti.it\/shop\/wp-json\/wp\/v2\/product_tag?post=5267"}],"curies":[{"name":"wp","href":"https:\/\/api.w.org\/{rel}","templated":true}]}}