{"id":5224,"date":"2023-02-14T17:22:37","date_gmt":"2023-02-14T16:22:37","guid":{"rendered":"https:\/\/casaporciatti.it\/shop\/prodotto\/argiano-brunello-di-montalcino-2012\/"},"modified":"2026-01-01T20:45:33","modified_gmt":"2026-01-01T19:45:33","slug":"argiano-brunello-di-montalcino-2018","status":"publish","type":"product","link":"https:\/\/casaporciatti.it\/shop\/prodotto\/argiano-brunello-di-montalcino-2018\/","title":{"rendered":"ARGIANO Brunello di Montalcino 2018"},"content":{"rendered":"<p>Il <strong>Argiano <\/strong><strong>Brunello di Montalcino 2018<\/strong>\u00a0\u00e8 vino capace di regale emozioni profonde all&#8217;appassionato di Sangiovese. Solo le uve migliori, frutto di un&#8217;attenta selezione sono destinate al Brunello di Momtalcino. Maturazione per il primo anno in barriques e tonneaux francesi di varie dimensioni per rafforzare la struttura innata del vino, e per il secondo anno in botti di rovere di Slavonia pi\u00f9 grandi che permettono al vino di equilibrarsi. Terminato l\u2019affinamento in legno il vino viene trasferito in vasche di cemento.<\/p>\n<p class=\"p1\">Da pi\u00f9 di cinque secoli, Argiano coltiva uve e produce vini che catturano l&#8217;essenza del vitigno <strong>Sangiovese<\/strong> e del terroir di Montalcino<\/p>\n<p class=\"p1\">La storica tenuta Argiano di Montalcino risale al XVI secolo, quando era di propriet\u00e0 della nobile famiglia senese Pecci. La costruzione inizi\u00f2 nel 1581 e la pittoresca villa fu completata nel 1596. Nel corso dei secoli, la propriet\u00e0 della tenuta \u00e8 passata di mano molte volte: famiglie nobili e papi si sono via via avvicendati alla guida di Argiano.<\/p>\n<p class=\"p1\">L&#8217;impiego di pratiche tradizionali e l&#8217;attenzione di Argiano per i dettagli sia in vigna che in cantina consente di esaltare la migliore espressione del Sangiovese. Oggi, i vini di Argiano sono riconosciuti dai i pi\u00f9 importanti critici.<\/p>\n","protected":false},"excerpt":{"rendered":"<p>Il Argiano Brunello di Montalcino 2018\u00a0\u00e8 vino capace di regale emozioni profonde all&#8217;appassionato di Sangiovese. Solo le uve migliori, frutto [&hellip;]<\/p>\n","protected":false},"featured_media":5225,"template":"","meta":[],"product_brand":[],"product_cat":[16,17],"product_tag":[124,121],"class_list":{"0":"post-5224","1":"product","2":"type-product","3":"status-publish","4":"has-post-thumbnail","6":"product_cat-bere","7":"product_cat-vini-rossi","8":"product_tag-argiano","9":"product_tag-brunello-di-montalcino","10":"pa_categorie-speciali-brunello-di-montalcino","11":"pa_produttore-argiano","13":"first","14":"instock","15":"shipping-taxable","16":"purchasable","17":"product-type-simple"},"acf":[],"_links":{"self":[{"href":"https:\/\/casaporciatti.it\/shop\/wp-json\/wp\/v2\/product\/5224","targetHints":{"allow":["GET"]}}],"collection":[{"href":"https:\/\/casaporciatti.it\/shop\/wp-json\/wp\/v2\/product"}],"about":[{"href":"https:\/\/casaporciatti.it\/shop\/wp-json\/wp\/v2\/types\/product"}],"wp:featuredmedia":[{"embeddable":true,"href":"https:\/\/casaporciatti.it\/shop\/wp-json\/wp\/v2\/media\/5225"}],"wp:attachment":[{"href":"https:\/\/casaporciatti.it\/shop\/wp-json\/wp\/v2\/media?parent=5224"}],"wp:term":[{"taxonomy":"product_brand","embeddable":true,"href":"https:\/\/casaporciatti.it\/shop\/wp-json\/wp\/v2\/product_brand?post=5224"},{"taxonomy":"product_cat","embeddable":true,"href":"https:\/\/casaporciatti.it\/shop\/wp-json\/wp\/v2\/product_cat?post=5224"},{"taxonomy":"product_tag","embeddable":true,"href":"https:\/\/casaporciatti.it\/shop\/wp-json\/wp\/v2\/product_tag?post=5224"}],"curies":[{"name":"wp","href":"https:\/\/api.w.org\/{rel}","templated":true}]}}