{"id":5221,"date":"2023-02-14T17:22:37","date_gmt":"2023-02-14T16:22:37","guid":{"rendered":"https:\/\/casaporciatti.it\/shop\/prodotto\/gianni-brunelli-le-chiuse-di-sotto-rosso-di-montalcino-2017\/"},"modified":"2023-03-16T11:41:40","modified_gmt":"2023-03-16T10:41:40","slug":"gianni-brunelli-le-chiuse-di-sotto-rosso-di-montalcino-2017","status":"publish","type":"product","link":"https:\/\/casaporciatti.it\/shop\/prodotto\/gianni-brunelli-le-chiuse-di-sotto-rosso-di-montalcino-2017\/","title":{"rendered":"GIANNI BRUNELLI LE CHIUSE DI SOTTO Rosso di Montalcino 2017"},"content":{"rendered":"<p>Il\u00a0<strong>Rosso di Montalcino<\/strong>\u00a0di\u00a0<strong>Gianni Brunelli<\/strong>\u00a0\u2013\u00a0<strong>Le Chiuse di Sotto<\/strong>\u00a0\u2013 \u00e8 uno un inno al sangiovese e alle sue potenzialit\u00e0.<\/p>\n<p class=\"p1\">100%\u00a0<strong>Sangiovese<\/strong>\u00a0Grosso piantato a 350 m di altitudine su terreni argillosi con grande presenza di galestro. 18 giorni di macerazione sulle bucce seguiti da 8 mesi di invecchiamento in botte di rovere di Slavonia da 5hl, 10hl, 21hl, 25hl.\u00a09.000 bottiglie prodotte.<\/p>\n<p class=\"p1\"><strong>Gianni Brunelli<\/strong>, uomo dai molteplici interessi, apr\u00ec nel 1971 l\u2019Osteria Le Logge di Siena (oggi uno dei migliori ristoranti della citt\u00e0). Nel 1987, torn\u00f2 a Montalcino e acquist\u00f2 \u201cLe Chiuse di Sotto\u201d, una tenuta che era appartenuta a suo padre Dino, con 2 ettari di vigneti a 200 metri sul livello del mare nella parte settentrionale della regione. Brunelli ripiant\u00f2 la maggior parte delle viti nel 1989, ma lasci\u00f2 intatto un piccolo appezzamento di vecchie propriet\u00e0 risalenti al vigneto originale del 1947 di suo padre. Dopo che Gianni \u00e8 morto nel 2008, sua moglie Laura ha preso le redini insieme a suo fratello, Adriano.<\/p>\n<p class=\"p1\">Alcuni anni fa, l\u2019azienda ha acquistato il vigneto \u201cPodernovone\u201d, situato pi\u00f9 a sud a Montalcino. La propriet\u00e0 di 4 ettari si trova a 350 metri sul livello del mare e gode di una magnifica vista sul Monte Amiata. Il terreno di Podernovone \u00e8 costituito da marna calcarea e scisto, che riflette luce e calore.<\/p>\n","protected":false},"excerpt":{"rendered":"<p>Il\u00a0Rosso di Montalcino\u00a0di\u00a0Gianni Brunelli\u00a0\u2013\u00a0Le Chiuse di Sotto\u00a0\u2013 \u00e8 uno un inno al sangiovese e alle sue potenzialit\u00e0. 100%\u00a0Sangiovese\u00a0Grosso piantato a [&hellip;]<\/p>\n","protected":false},"featured_media":5222,"template":"","meta":[],"product_brand":[],"product_cat":[16,17],"product_tag":[123,120],"class_list":{"0":"post-5221","1":"product","2":"type-product","3":"status-publish","4":"has-post-thumbnail","6":"product_cat-bere","7":"product_cat-vini-rossi","8":"product_tag-gianni-brunelli-le-chiuse-di-sotto","9":"product_tag-rosso-di-montalcino","10":"pa_produttore-gianni-brunelli","12":"first","13":"outofstock","14":"shipping-taxable","15":"purchasable","16":"product-type-simple"},"acf":[],"_links":{"self":[{"href":"https:\/\/casaporciatti.it\/shop\/wp-json\/wp\/v2\/product\/5221","targetHints":{"allow":["GET"]}}],"collection":[{"href":"https:\/\/casaporciatti.it\/shop\/wp-json\/wp\/v2\/product"}],"about":[{"href":"https:\/\/casaporciatti.it\/shop\/wp-json\/wp\/v2\/types\/product"}],"wp:featuredmedia":[{"embeddable":true,"href":"https:\/\/casaporciatti.it\/shop\/wp-json\/wp\/v2\/media\/5222"}],"wp:attachment":[{"href":"https:\/\/casaporciatti.it\/shop\/wp-json\/wp\/v2\/media?parent=5221"}],"wp:term":[{"taxonomy":"product_brand","embeddable":true,"href":"https:\/\/casaporciatti.it\/shop\/wp-json\/wp\/v2\/product_brand?post=5221"},{"taxonomy":"product_cat","embeddable":true,"href":"https:\/\/casaporciatti.it\/shop\/wp-json\/wp\/v2\/product_cat?post=5221"},{"taxonomy":"product_tag","embeddable":true,"href":"https:\/\/casaporciatti.it\/shop\/wp-json\/wp\/v2\/product_tag?post=5221"}],"curies":[{"name":"wp","href":"https:\/\/api.w.org\/{rel}","templated":true}]}}