{"id":5072,"date":"2023-02-14T17:21:52","date_gmt":"2023-02-14T16:21:52","guid":{"rendered":"https:\/\/casaporciatti.it\/shop\/prodotto\/la-massa-toscana-igt-2019\/"},"modified":"2025-08-28T17:07:30","modified_gmt":"2025-08-28T15:07:30","slug":"la-massa-2021","status":"publish","type":"product","link":"https:\/\/casaporciatti.it\/shop\/prodotto\/la-massa-2021\/","title":{"rendered":"LA MASSA 2021"},"content":{"rendered":"<p><strong>La Massa<\/strong> \u00e8 il vino portabandiera di questa importante azienda di\u00a0<strong>Panzano in Chianti.<\/strong><\/p>\n<p class=\"p1\">Dopo aver trascorso del tempo a Bordeaux, <strong>Giampaolo Motta<\/strong> ha lasciato la sua azienda di pelletteria a Napoli e si \u00e8 diretto a nord a lavorare nel Chianti, attirato dalla passione per il vino. A Bordeaux aveva acquisito le pratiche e le conoscenze che gli sarebbero poi servite nella sua avventura chiantigiana a La Massa, dove Giampaolo possiede 27 ettari di vigneti nella Conca d&#8217;Oro di Panzano in Chianti. Acquist\u00f2 questa antica propriet\u00e0 nel 1991, con i suoi vigneti che sono stati coltivati fin dal XV secolo e l&#8217;anno successivo si fece gi\u00e0 conoscere per il Giorgio I.<\/p>\n<p class=\"p1\">Nel 1998, Giampaolo prest\u00f2 &#8220;<strong>La Massa<\/strong>&#8220;, un Chianti Classico che declass\u00f2 a <strong>IGT Toscana<\/strong> nel 2002. Volendo la libert\u00e0 di produrre vini di alta qualit\u00e0 che non richiedessero percentuali specifiche di Sangiovese, Giampaolo decise di produrre solo IGT guidati dal terrior di La Massa. Oggi Giorgio Primo \u00e8 una mix di Cabernet Sauvignon, Merlot e Petit Verdot e La Massa \u00e8 composto da Sangiovese, Cabernet Sauvignon e Merlot o Alicante B.<\/p>\n","protected":false},"excerpt":{"rendered":"<p>La Massa \u00e8 il vino portabandiera di questa importante azienda di\u00a0Panzano in Chianti. Dopo aver trascorso del tempo a Bordeaux, [&hellip;]<\/p>\n","protected":false},"featured_media":5073,"template":"","meta":[],"product_brand":[],"product_cat":[16,17],"product_tag":[97,93,32],"class_list":{"0":"post-5072","1":"product","2":"type-product","3":"status-publish","4":"has-post-thumbnail","6":"product_cat-bere","7":"product_cat-vini-rossi","8":"product_tag-la-massa","9":"product_tag-toscana-igt","10":"product_tag-vini-di-panzano","11":"pa_categorie-speciali-vini-di-panzano-in-chianti","12":"pa_chianti-classico-vini-di-panzano","13":"pa_produttore-la-massa","15":"first","16":"instock","17":"shipping-taxable","18":"purchasable","19":"product-type-simple"},"acf":[],"_links":{"self":[{"href":"https:\/\/casaporciatti.it\/shop\/wp-json\/wp\/v2\/product\/5072","targetHints":{"allow":["GET"]}}],"collection":[{"href":"https:\/\/casaporciatti.it\/shop\/wp-json\/wp\/v2\/product"}],"about":[{"href":"https:\/\/casaporciatti.it\/shop\/wp-json\/wp\/v2\/types\/product"}],"wp:featuredmedia":[{"embeddable":true,"href":"https:\/\/casaporciatti.it\/shop\/wp-json\/wp\/v2\/media\/5073"}],"wp:attachment":[{"href":"https:\/\/casaporciatti.it\/shop\/wp-json\/wp\/v2\/media?parent=5072"}],"wp:term":[{"taxonomy":"product_brand","embeddable":true,"href":"https:\/\/casaporciatti.it\/shop\/wp-json\/wp\/v2\/product_brand?post=5072"},{"taxonomy":"product_cat","embeddable":true,"href":"https:\/\/casaporciatti.it\/shop\/wp-json\/wp\/v2\/product_cat?post=5072"},{"taxonomy":"product_tag","embeddable":true,"href":"https:\/\/casaporciatti.it\/shop\/wp-json\/wp\/v2\/product_tag?post=5072"}],"curies":[{"name":"wp","href":"https:\/\/api.w.org\/{rel}","templated":true}]}}