{"id":5069,"date":"2023-02-14T17:21:52","date_gmt":"2023-02-14T16:21:52","guid":{"rendered":"https:\/\/casaporciatti.it\/shop\/prodotto\/la-massa-giorgio-primo-toscana-igt-2015\/"},"modified":"2025-09-30T17:21:29","modified_gmt":"2025-09-30T15:21:29","slug":"la-massa-giorgio-primo-2019","status":"publish","type":"product","link":"https:\/\/casaporciatti.it\/shop\/prodotto\/la-massa-giorgio-primo-2019\/","title":{"rendered":"LA MASSA GIORGIO PRIMO  2019"},"content":{"rendered":"<p><strong>La Massa Giorgio Primo<\/strong> <strong>2019 <\/strong>(50% Cabernet Sauvignon, 45% Merlot e 5% Petit Verdot) si presenta con un rosso rubino scuro e impenetrabile.\u00a0 Aromi di frutta matura, spezie e erbe mediterranee. L&#8217;ingresso in bocca \u00e8 fluido e morbido. Il corpo vellutato \u00e8 bilanciato da una giusta freschezza. E, naturalmente, questo \u00e8 solo l&#8217;inizio di una lunga vita in cantina.<\/p>\n<p class=\"p1\">Dopo aver trascorso del tempo a Bordeaux, <strong>Giampaolo Motta<\/strong> ha lasciato la sua azienda di pelletteria a Napoli e si \u00e8 diretto a nord a lavorare nel Chianti, attirato dalla passione per il vino. A Bordeaux aveva acquisito le pratiche e le conoscenze che gli sarebbero poi servite nella sua avventura chiantigiana a La Massa, dove Giampaolo possiede 27 ettari di vigneti nella Conca d&#8217;Oro di Panzano in Chianti. Acquist\u00f2 questa antica propriet\u00e0 nel 1991, con i suoi vigneti che sono stati coltivati fin dal XV secolo e l&#8217;anno successivo si fece gi\u00e0 conoscere per il Giorgio I.<\/p>\n<p class=\"p1\">\n<p class=\"p1\">\n","protected":false},"excerpt":{"rendered":"<p>La Massa Giorgio Primo 2019 (50% Cabernet Sauvignon, 45% Merlot e 5% Petit Verdot) si presenta con un rosso rubino [&hellip;]<\/p>\n","protected":false},"featured_media":5070,"template":"","meta":[],"product_brand":[],"product_cat":[16,17],"product_tag":[97,93,32],"class_list":{"0":"post-5069","1":"product","2":"type-product","3":"status-publish","4":"has-post-thumbnail","6":"product_cat-bere","7":"product_cat-vini-rossi","8":"product_tag-la-massa","9":"product_tag-toscana-igt","10":"product_tag-vini-di-panzano","11":"pa_categorie-speciali-la-toscana-nascosta","12":"pa_categorie-speciali-vini-di-panzano-in-chianti","13":"pa_chianti-classico-vini-di-panzano","14":"pa_etichette-porciatti-produttori-artigianali","15":"pa_produttore-la-massa","17":"first","18":"outofstock","19":"shipping-taxable","20":"purchasable","21":"product-type-simple"},"acf":[],"_links":{"self":[{"href":"https:\/\/casaporciatti.it\/shop\/wp-json\/wp\/v2\/product\/5069","targetHints":{"allow":["GET"]}}],"collection":[{"href":"https:\/\/casaporciatti.it\/shop\/wp-json\/wp\/v2\/product"}],"about":[{"href":"https:\/\/casaporciatti.it\/shop\/wp-json\/wp\/v2\/types\/product"}],"wp:featuredmedia":[{"embeddable":true,"href":"https:\/\/casaporciatti.it\/shop\/wp-json\/wp\/v2\/media\/5070"}],"wp:attachment":[{"href":"https:\/\/casaporciatti.it\/shop\/wp-json\/wp\/v2\/media?parent=5069"}],"wp:term":[{"taxonomy":"product_brand","embeddable":true,"href":"https:\/\/casaporciatti.it\/shop\/wp-json\/wp\/v2\/product_brand?post=5069"},{"taxonomy":"product_cat","embeddable":true,"href":"https:\/\/casaporciatti.it\/shop\/wp-json\/wp\/v2\/product_cat?post=5069"},{"taxonomy":"product_tag","embeddable":true,"href":"https:\/\/casaporciatti.it\/shop\/wp-json\/wp\/v2\/product_tag?post=5069"}],"curies":[{"name":"wp","href":"https:\/\/api.w.org\/{rel}","templated":true}]}}