{"id":5034,"date":"2023-02-14T17:21:52","date_gmt":"2023-02-14T16:21:52","guid":{"rendered":"https:\/\/casaporciatti.it\/shop\/prodotto\/riecine-chianti-classico-riserva-2019\/"},"modified":"2025-12-02T07:25:22","modified_gmt":"2025-12-02T06:25:22","slug":"riecine-chianti-classico-riserva-2022","status":"publish","type":"product","link":"https:\/\/casaporciatti.it\/shop\/prodotto\/riecine-chianti-classico-riserva-2022\/","title":{"rendered":"RIECINE Chianti Classico Riserva 2022"},"content":{"rendered":"<p><strong>Il Riecine Chianti Classico Riserva<\/strong> \u00e8 prodotto in poche bottiglie che va gli appassionati di Sangiovese si contendono a ragione. Ricine Chianti Classico Riserva \u00e8 un&#8217;espressione equilibrata e armonica di Sangiovese. La bocca \u00e8 snella, di medio peso e\u00a0 con un finale lungo e persistente. La sua complessit\u00e0 si rivela per gradi suggerendo sensazioni di bacche selvatiche, terra, erbe aromatiche, fiori e sottobosco. Chiude con brillante acidit\u00e0.<\/p>\n<p><strong>Riecine<\/strong>\u00a0 \u00e8 bellissima tenuta al centro del <strong>Chianti Classico<\/strong> nel comune di <strong>Gaiole in Chianti<\/strong>. Riecine ha sempre seguito un percorso particolare chiunque sia stato al comando.Fondata dall\u2019inglese John Dunkley e oggi gestita dalla famiglia Frank, la tenuta \u00e8 impegnata in un approccio naturale.<\/p>\n<p>L\u2019azienda \u00e8 certificata biologica e allo stesso tempo segue delle pratiche biodinamiche.\u00a0 Il terreno \u00e8 dunque vivo, popolato di piante, fiori ed erbe. la biodiversit\u00e0 \u00e8 incoraggiata e di conseguenza le difese proprie delle viti e la salute dei vigneti.\u00a0 Solo i grappoli migliori passano la selezione manuale, quelli pi\u00f9 maturi e sani; tutto il resto rimane nei campi per tornare sulla terra.<\/p>\n<p>Pochissima solforosa, lieviti naturali e lunghe fermentazioni cos\u00ec i vini di Riecine,\u00a0 delicatamente, vengono al mondo. Credendo fortemente nel Sangiovese come unica variet\u00e0 capace di interpretare il terroir, i vini di questa splendida tenuta hanno nell\u2019anima il \u201csenso del luogo\u201d<\/p>\n<p>&nbsp;<\/p>\n","protected":false},"excerpt":{"rendered":"<p>Il Riecine Chianti Classico Riserva \u00e8 prodotto in poche bottiglie che va gli appassionati di Sangiovese si contendono a ragione. [&hellip;]<\/p>\n","protected":false},"featured_media":5035,"template":"","meta":[],"product_brand":[],"product_cat":[16,17],"product_tag":[37,74,26],"class_list":{"0":"post-5034","1":"product","2":"type-product","3":"status-publish","4":"has-post-thumbnail","6":"product_cat-bere","7":"product_cat-vini-rossi","8":"product_tag-chianti-classico-riserva","9":"product_tag-riecine","10":"product_tag-vini-di-gaiole","11":"pa_categorie-speciali-portami-in-chianti","12":"pa_categorie-speciali-vini-di-gaiole-in-chianti","13":"pa_chianti-classico-vini-di-gaiole-in-chianti","14":"pa_produttore-riecine","16":"first","17":"instock","18":"shipping-taxable","19":"purchasable","20":"product-type-simple"},"acf":[],"_links":{"self":[{"href":"https:\/\/casaporciatti.it\/shop\/wp-json\/wp\/v2\/product\/5034","targetHints":{"allow":["GET"]}}],"collection":[{"href":"https:\/\/casaporciatti.it\/shop\/wp-json\/wp\/v2\/product"}],"about":[{"href":"https:\/\/casaporciatti.it\/shop\/wp-json\/wp\/v2\/types\/product"}],"wp:featuredmedia":[{"embeddable":true,"href":"https:\/\/casaporciatti.it\/shop\/wp-json\/wp\/v2\/media\/5035"}],"wp:attachment":[{"href":"https:\/\/casaporciatti.it\/shop\/wp-json\/wp\/v2\/media?parent=5034"}],"wp:term":[{"taxonomy":"product_brand","embeddable":true,"href":"https:\/\/casaporciatti.it\/shop\/wp-json\/wp\/v2\/product_brand?post=5034"},{"taxonomy":"product_cat","embeddable":true,"href":"https:\/\/casaporciatti.it\/shop\/wp-json\/wp\/v2\/product_cat?post=5034"},{"taxonomy":"product_tag","embeddable":true,"href":"https:\/\/casaporciatti.it\/shop\/wp-json\/wp\/v2\/product_tag?post=5034"}],"curies":[{"name":"wp","href":"https:\/\/api.w.org\/{rel}","templated":true}]}}