{"id":5009,"date":"2023-02-14T17:21:52","date_gmt":"2023-02-14T16:21:52","guid":{"rendered":"https:\/\/casaporciatti.it\/shop\/prodotto\/antinori-marchese-antinori-chianti-classico-riserva-2019\/"},"modified":"2025-10-21T10:26:35","modified_gmt":"2025-10-21T08:26:35","slug":"antinori-marchese-antinori-chianti-classico-riserva-2022","status":"publish","type":"product","link":"https:\/\/casaporciatti.it\/shop\/prodotto\/antinori-marchese-antinori-chianti-classico-riserva-2022\/","title":{"rendered":"ANTINORI MARCHESE ANTINORI Chianti Classico Riserva 2022"},"content":{"rendered":"<p>Basato su un autentico senso del territorio, il <strong>Marchese Antinori <\/strong><strong>Chianti Classico Riserva 2022 <\/strong>prodotto nella Tenuta Tignanello\u00a0ha bouquet generoso e ben concentrato, con sfumature di frutta scura e spezie. Delicate sfumature floreali di rosa selvatica e violette. La bocca \u00e8 vellutata e fine nella consistenza.<\/p>\n<p class=\"p1\">La famiglia <strong>Antinori<\/strong> \u00e8 coinvolta nella produzione del vino da oltre sei secoli, da quando, nel 1385, Giovanni di Piero Antinori entr\u00f2 come membro, &#8220;Arte Fiorentina&#8221;, l&#8217;Associazione dei Vinattieri della citt\u00e0 di Firenze. Durante tutto questo lungo periodo, da ben ventisei generazioni, la famiglia ha sempre svolto in prima persona questo lavoro con scelte coraggiose e, a volte, innovative, ma mantenendo sempre, inalterato, un rispetto fondamentale per la tradizione e per il territorio in cui operano.<\/p>\n<p class=\"p1\">\n","protected":false},"excerpt":{"rendered":"<p>Basato su un autentico senso del territorio, il Marchese Antinori Chianti Classico Riserva 2022 prodotto nella Tenuta Tignanello\u00a0ha bouquet generoso [&hellip;]<\/p>\n","protected":false},"featured_media":5010,"template":"","meta":[],"product_brand":[],"product_cat":[16,23,17,35],"product_tag":[90,37],"class_list":{"0":"post-5009","1":"product","2":"type-product","3":"status-publish","4":"has-post-thumbnail","6":"product_cat-bere","7":"product_cat-vini-in-promozione","8":"product_cat-vini-rossi","9":"product_cat-in-evidenza","10":"product_tag-antinori","11":"product_tag-chianti-classico-riserva","12":"pa_chianti-classico-vini-di-san-donato","13":"pa_produttore-antinori","15":"first","16":"instock","17":"shipping-taxable","18":"purchasable","19":"product-type-simple"},"acf":[],"_links":{"self":[{"href":"https:\/\/casaporciatti.it\/shop\/wp-json\/wp\/v2\/product\/5009","targetHints":{"allow":["GET"]}}],"collection":[{"href":"https:\/\/casaporciatti.it\/shop\/wp-json\/wp\/v2\/product"}],"about":[{"href":"https:\/\/casaporciatti.it\/shop\/wp-json\/wp\/v2\/types\/product"}],"wp:featuredmedia":[{"embeddable":true,"href":"https:\/\/casaporciatti.it\/shop\/wp-json\/wp\/v2\/media\/5010"}],"wp:attachment":[{"href":"https:\/\/casaporciatti.it\/shop\/wp-json\/wp\/v2\/media?parent=5009"}],"wp:term":[{"taxonomy":"product_brand","embeddable":true,"href":"https:\/\/casaporciatti.it\/shop\/wp-json\/wp\/v2\/product_brand?post=5009"},{"taxonomy":"product_cat","embeddable":true,"href":"https:\/\/casaporciatti.it\/shop\/wp-json\/wp\/v2\/product_cat?post=5009"},{"taxonomy":"product_tag","embeddable":true,"href":"https:\/\/casaporciatti.it\/shop\/wp-json\/wp\/v2\/product_tag?post=5009"}],"curies":[{"name":"wp","href":"https:\/\/api.w.org\/{rel}","templated":true}]}}