{"id":5006,"date":"2023-02-14T17:21:37","date_gmt":"2023-02-14T16:21:37","guid":{"rendered":"https:\/\/casaporciatti.it\/shop\/prodotto\/antinori-badia-a-passignano-chianti-classico-gran-selezione-2019\/"},"modified":"2026-01-02T11:03:37","modified_gmt":"2026-01-02T10:03:37","slug":"antinori-badia-a-passignano-chianti-classico-gran-selezione-2021","status":"publish","type":"product","link":"https:\/\/casaporciatti.it\/shop\/prodotto\/antinori-badia-a-passignano-chianti-classico-gran-selezione-2021\/","title":{"rendered":"ANTINORI BADIA A PASSIGNANO Chianti Classico Gran Selezione 2021"},"content":{"rendered":"<p class=\"p2\">Antinori <strong>Chianti Classico Gran Selezione Badia a Passignano<\/strong> \u00e8 prodotto esclusivamente da uve di altissima qualit\u00e0 coltivate nella tenuta omonima, situata nel quadrante nord della regione Chianti Classico.<\/p>\n<p class=\"p2\">La Badia (o &#8220;abbazia&#8221;) si trova in una zona abitata fin dal periodo etrusco ed \u00e8 una delle pi\u00f9 belle abbazie fortificate della zona. \u00c8 angolo di Chianti rinomato per la sua produzione di vino da oltre 1.000 anni.<\/p>\n<p class=\"p2\">La famiglia <strong>Antinori<\/strong> acquist\u00f2 le vigne attorno all&#8217;abbazia, di propriet\u00e0 dei monaci vallombrosani, nel 1987, compreso l&#8217;uso delle cantine del monastero<\/p>\n","protected":false},"excerpt":{"rendered":"<p>Antinori Chianti Classico Gran Selezione Badia a Passignano \u00e8 prodotto esclusivamente da uve di altissima qualit\u00e0 coltivate nella tenuta omonima, [&hellip;]<\/p>\n","protected":false},"featured_media":5007,"template":"","meta":[],"product_brand":[],"product_cat":[16,17],"product_tag":[90,43],"class_list":{"0":"post-5006","1":"product","2":"type-product","3":"status-publish","4":"has-post-thumbnail","6":"product_cat-bere","7":"product_cat-vini-rossi","8":"product_tag-antinori","9":"product_tag-chianti-classico-gran-selezione","10":"pa_chianti-classico-vini-di-san-donato","11":"pa_produttore-antinori","13":"first","14":"instock","15":"shipping-taxable","16":"purchasable","17":"product-type-simple"},"acf":[],"_links":{"self":[{"href":"https:\/\/casaporciatti.it\/shop\/wp-json\/wp\/v2\/product\/5006","targetHints":{"allow":["GET"]}}],"collection":[{"href":"https:\/\/casaporciatti.it\/shop\/wp-json\/wp\/v2\/product"}],"about":[{"href":"https:\/\/casaporciatti.it\/shop\/wp-json\/wp\/v2\/types\/product"}],"wp:featuredmedia":[{"embeddable":true,"href":"https:\/\/casaporciatti.it\/shop\/wp-json\/wp\/v2\/media\/5007"}],"wp:attachment":[{"href":"https:\/\/casaporciatti.it\/shop\/wp-json\/wp\/v2\/media?parent=5006"}],"wp:term":[{"taxonomy":"product_brand","embeddable":true,"href":"https:\/\/casaporciatti.it\/shop\/wp-json\/wp\/v2\/product_brand?post=5006"},{"taxonomy":"product_cat","embeddable":true,"href":"https:\/\/casaporciatti.it\/shop\/wp-json\/wp\/v2\/product_cat?post=5006"},{"taxonomy":"product_tag","embeddable":true,"href":"https:\/\/casaporciatti.it\/shop\/wp-json\/wp\/v2\/product_tag?post=5006"}],"curies":[{"name":"wp","href":"https:\/\/api.w.org\/{rel}","templated":true}]}}