{"id":4982,"date":"2023-02-14T17:21:37","date_gmt":"2023-02-14T16:21:37","guid":{"rendered":"https:\/\/casaporciatti.it\/shop\/prodotto\/barone-ricasoli-bettino-chianti-classico-2017\/"},"modified":"2026-03-11T10:22:28","modified_gmt":"2026-03-11T09:22:28","slug":"barone-ricasoli-bettino-chianti-classico-2023","status":"publish","type":"product","link":"https:\/\/casaporciatti.it\/shop\/prodotto\/barone-ricasoli-bettino-chianti-classico-2023\/","title":{"rendered":"BARONE RICASOLI BETTINO Chianti Classico 2023"},"content":{"rendered":"<p>Il <strong>Chianti Classico Bettino Ricasoli\u00a0<\/strong>\u00e8 il vino della tradizione di questa azienda storica chiantigiana. Solo sangiovese e colorino maturato in botti grandi per un vino che parla di Chianti e di tempi andati.<\/p>\n<p>Al centro della storia e dell\u2019economia della regione Chianti fin dal 1141, la\u00a0<strong>Barone Ricasoli<\/strong>\u00a0con sede nel magnifico\u00a0<strong>Castello di Brolio<\/strong>, \u00e8 una delle quattro pi\u00f9 antiche tenute vinicole del mondo.<\/p>\n<p>Uno degli antenati dell\u2019attuale propriet\u00e0,\u00a0<strong>Bettino Ricasoli<\/strong>,\u00a0 conosciuto anche come il Barone di Ferro, \u00e8 stato l\u2019inventore della moderna ricetta del vino Chianti Classico a met\u00e0 del XIX secolo. Oggi la compagnia \u00e8 presieduta da Francesco Ricasoli, pronipote di Bettino.<\/p>\n<p>La tenuta, comprensiva del Castello, si estende per 1200 ettari di cui 230 a vigneto. Con questi numeri l\u2019azienda di\u00a0<strong>Gaiole in Chianti<\/strong>\u00a0risulta essere la pi\u00f9 grande del comprensorio.<\/p>\n<p class=\"p1\">Il Barone Francesco Ricasoli \u00e8 al timone della cantina dal 1993 e con il pi\u00f9 profondo rispetto per i suoi illustri antenati, ha avviato un progetto molto importante di innovazione e sostenibilit\u00e0. Di grande rilievo \u00e8 lo studio dei suoli di Brolio al fine di poter mappare tutti i vigneti, cos\u00ec come la selezione dei cloni di Sangiovese presenti.<\/p>\n<p class=\"p1\">Oggi i vini rispecchiano l\u2019innovazione e la passione che questa famiglia ha per il territorio e per il suo vino da ormai novecento anni.<\/p>\n<p>&nbsp;<\/p>\n","protected":false},"excerpt":{"rendered":"<p>Il Chianti Classico Bettino Ricasoli\u00a0\u00e8 il vino della tradizione di questa azienda storica chiantigiana. Solo sangiovese e colorino maturato in [&hellip;]<\/p>\n","protected":false},"featured_media":4983,"template":"","meta":[],"product_brand":[],"product_cat":[16,17],"product_tag":[24,56,18],"class_list":{"0":"post-4982","1":"product","2":"type-product","3":"status-publish","4":"has-post-thumbnail","6":"product_cat-bere","7":"product_cat-vini-rossi","8":"product_tag-barone-ricasoli","9":"product_tag-brolio","10":"product_tag-chianti-classico","11":"pa_chianti-classico-vini-di-gaiole-in-chianti","12":"pa_produttore-barone-ricasoli","14":"first","15":"instock","16":"shipping-taxable","17":"purchasable","18":"product-type-simple"},"acf":[],"_links":{"self":[{"href":"https:\/\/casaporciatti.it\/shop\/wp-json\/wp\/v2\/product\/4982","targetHints":{"allow":["GET"]}}],"collection":[{"href":"https:\/\/casaporciatti.it\/shop\/wp-json\/wp\/v2\/product"}],"about":[{"href":"https:\/\/casaporciatti.it\/shop\/wp-json\/wp\/v2\/types\/product"}],"wp:featuredmedia":[{"embeddable":true,"href":"https:\/\/casaporciatti.it\/shop\/wp-json\/wp\/v2\/media\/4983"}],"wp:attachment":[{"href":"https:\/\/casaporciatti.it\/shop\/wp-json\/wp\/v2\/media?parent=4982"}],"wp:term":[{"taxonomy":"product_brand","embeddable":true,"href":"https:\/\/casaporciatti.it\/shop\/wp-json\/wp\/v2\/product_brand?post=4982"},{"taxonomy":"product_cat","embeddable":true,"href":"https:\/\/casaporciatti.it\/shop\/wp-json\/wp\/v2\/product_cat?post=4982"},{"taxonomy":"product_tag","embeddable":true,"href":"https:\/\/casaporciatti.it\/shop\/wp-json\/wp\/v2\/product_tag?post=4982"}],"curies":[{"name":"wp","href":"https:\/\/api.w.org\/{rel}","templated":true}]}}