{"id":4933,"date":"2023-02-14T17:21:21","date_gmt":"2023-02-14T16:21:21","guid":{"rendered":"https:\/\/casaporciatti.it\/shop\/prodotto\/antico-podere-casanova-bucciarelli-chianti-classico-2016\/"},"modified":"2025-05-13T10:37:36","modified_gmt":"2025-05-13T08:37:36","slug":"antico-podere-casanova-bucciarelli-chianti-classico-2018","status":"publish","type":"product","link":"https:\/\/casaporciatti.it\/shop\/prodotto\/antico-podere-casanova-bucciarelli-chianti-classico-2018\/","title":{"rendered":"ANTICO PODERE CASANOVA BUCCIARELLI Chianti Classico 2018"},"content":{"rendered":"<p>Il Chianti Classico <strong>Antico Podere Casanova Bucciarelli<\/strong> \u00e8 prodotto in localit\u00e0 La Piazza non lontano da <strong>Castellina in Chianti<\/strong>. A guidare questa piccola realt\u00e0 chiantigiana c&#8217;\u00e8 da pi\u00f9 di un secolo la famiglia Bucciarelli che ha fatto della riservatezza e della passione per la pi\u00f9 autentica tradizione toscana i loro punti di forza.<\/p>\n<p>Bevendo i vini di <strong>Massimo Bucciarelli<\/strong> si ha l&#8217;impressione di essere catapultati in un&#8217;altra epoca, quando il Chianti era in fiaschi e la mode per i vini iper tecnologici confezionati su misura da enologi super preparati, erano ancora lontani dall&#8217;essere immaginati.<\/p>\n<p>Il profondo rispetto per il territorio ha spinto la famiglia Bucciarelli ad affidarsi alla agricoltura Biologica per le loro vigne.<\/p>\n<p>Il <strong>Chianti Classico 2018 <\/strong>\u00e8 un inno alla semplicit\u00e0 e alla schiettezza. Due qualit\u00e0 che si trovano in quei vini che hanno carattere e storie da raccontare. Un sangiovese profumato, pieno e scoppiettante. Da bere ogni qual volta prende la nostalgia dei vecchi sapori di una volta.<\/p>\n","protected":false},"excerpt":{"rendered":"<p>Il Chianti Classico Antico Podere Casanova Bucciarelli \u00e8 prodotto in localit\u00e0 La Piazza non lontano da Castellina in Chianti. A [&hellip;]<\/p>\n","protected":false},"featured_media":4934,"template":"","meta":[],"product_brand":[],"product_cat":[16,17],"product_tag":[85,18,31,28,22],"class_list":{"0":"post-4933","1":"product","2":"type-product","3":"status-publish","4":"has-post-thumbnail","6":"product_cat-bere","7":"product_cat-vini-rossi","8":"product_tag-antico-podere-casanova-bucciarelli","9":"product_tag-chianti-classico","10":"product_tag-portami-in-chianti","11":"product_tag-produttore-artigianale","12":"product_tag-vino-biologico","13":"pa_categorie-speciali-portami-in-chianti","14":"pa_categorie-speciali-vino-biologico","15":"pa_chianti-classico-vini-di-castellina-in-chianti","16":"pa_etichette-porciatti-produttori-artigianali","17":"pa_etichette-porciatti-vino-biologico","18":"pa_produttore-antico-podere-casanova-bucciarelli","20":"first","21":"instock","22":"shipping-taxable","23":"purchasable","24":"product-type-simple"},"acf":[],"_links":{"self":[{"href":"https:\/\/casaporciatti.it\/shop\/wp-json\/wp\/v2\/product\/4933","targetHints":{"allow":["GET"]}}],"collection":[{"href":"https:\/\/casaporciatti.it\/shop\/wp-json\/wp\/v2\/product"}],"about":[{"href":"https:\/\/casaporciatti.it\/shop\/wp-json\/wp\/v2\/types\/product"}],"wp:featuredmedia":[{"embeddable":true,"href":"https:\/\/casaporciatti.it\/shop\/wp-json\/wp\/v2\/media\/4934"}],"wp:attachment":[{"href":"https:\/\/casaporciatti.it\/shop\/wp-json\/wp\/v2\/media?parent=4933"}],"wp:term":[{"taxonomy":"product_brand","embeddable":true,"href":"https:\/\/casaporciatti.it\/shop\/wp-json\/wp\/v2\/product_brand?post=4933"},{"taxonomy":"product_cat","embeddable":true,"href":"https:\/\/casaporciatti.it\/shop\/wp-json\/wp\/v2\/product_cat?post=4933"},{"taxonomy":"product_tag","embeddable":true,"href":"https:\/\/casaporciatti.it\/shop\/wp-json\/wp\/v2\/product_tag?post=4933"}],"curies":[{"name":"wp","href":"https:\/\/api.w.org\/{rel}","templated":true}]}}