{"id":4913,"date":"2023-02-14T17:21:21","date_gmt":"2023-02-14T16:21:21","guid":{"rendered":"https:\/\/casaporciatti.it\/shop\/prodotto\/dievole-novecento-chianti-classico-riserva-2019\/"},"modified":"2025-10-22T10:36:53","modified_gmt":"2025-10-22T08:36:53","slug":"dievole-novecento-chianti-classico-riserva-2021","status":"publish","type":"product","link":"https:\/\/casaporciatti.it\/shop\/prodotto\/dievole-novecento-chianti-classico-riserva-2021\/","title":{"rendered":"DIEVOLE NOVECENTO Chianti Classico Riserva 2021"},"content":{"rendered":"<p><strong>Il Dievole Novecento Chianti Classico Riserva 2021<\/strong>\u00a0\u00e8 nato per celebrare i 900 anni di della nascita dell&#8217;azienda e in pochi anni \u00e8 divenuto uno dei riferimenti della categoria. Corpose ed equilibrato, \u00e8 il Chianti Classico perfetto in abbinamento con la Bistecca alla Fiorentina<\/p>\n<p><strong>Dievole<\/strong>\u00a0\u00e8 un angolo di Toscana fra Siena e Firenze, al centro del\u00a0<strong>Chianti Classico<\/strong>\u00a0da sempre considerato un piccolo paradiso.<\/p>\n<p class=\"p2\">Qui il dialogo tra natura e uomo non \u00e8 mai stato interrotto e il nome pu\u00f2 spiegarne la ragione: \u201cDievole\u201d sigifica \u201cDio vuole\u201d.<\/p>\n<p class=\"p2\">Il nome di Dievole appare ufficialmente per la prima volta nell\u2019XI secolo e precisamente il 10 maggio 1090. Durante quel tempo l\u2019islandese Leif Erikson scopre il Nord America, i cinesi scoprono la polvere da sparo, la prima universit\u00e0 al mondo fu fondata a Bologna, Roma \u00e8 invasa dai Normanni e Papa Urbano II conquista Gerusalemme. In quel giorno, come si legge nel contratto stilato dal notaio Bellundo, furono pagati due capponi, tre pani di razza e sei denari lucchesi di argento buono per il contratto annuale di una vigna in una vallata divina, che era Dievole.<\/p>\n<p class=\"p2\">Nel 2012 Dievole inizia un rinnovamento armonico e graduale con l\u2019obiettivo di valorizzare la pi\u00f9 profonda identit\u00e0 di quest\u2019area. I sogni di ieri diventano gli obiettivi del domani, le antiche certezze si confrontano con nuove idee. \u00c8 un\u2019evoluzione, basata sul rispetto, che \u00e8 partita dall\u2019ascolto della terra e che ha un solo vantaggio: la qualit\u00e0. La qualit\u00e0 a Dievole inizia prima di tutto con eccellenti risorse agricole come una terra particolarmente vocata alla viticoltura, l\u2019esperienza dell\u2019uomo e il costante sforzo per l\u2019innovazione.<\/p>\n<p class=\"p2\">Sono questi gli strumenti con cui il team di Dievole guarda al futuro con l\u2019intento di proteggere l\u2019atmosfera di questo luogo magico e di farlo conoscere al mondo. Tre sono le espressioni di Dievole: i suoi vigneti che disegnano le onde sulle colline e che danno vita a vini freschi e intensi a base di Sangiovese, gli ulivi che punteggiano il paesaggio con il loro fascino senza tempo e la calda accoglienza della storica Villa \u2013 Villa Dievole \u2013 un elegante country resort dove \u00e8 possibile vivere momenti indimenticabili.<\/p>\n<p>&nbsp;<\/p>\n","protected":false},"excerpt":{"rendered":"<p>Il Dievole Novecento Chianti Classico Riserva 2021\u00a0\u00e8 nato per celebrare i 900 anni di della nascita dell&#8217;azienda e in pochi [&hellip;]<\/p>\n","protected":false},"featured_media":4914,"template":"","meta":[],"product_brand":[],"product_cat":[16,23,17,35],"product_tag":[37,81,22],"class_list":{"0":"post-4913","1":"product","2":"type-product","3":"status-publish","4":"has-post-thumbnail","6":"product_cat-bere","7":"product_cat-vini-in-promozione","8":"product_cat-vini-rossi","9":"product_cat-in-evidenza","10":"product_tag-chianti-classico-riserva","11":"product_tag-dievole","12":"product_tag-vino-biologico","13":"pa_categorie-speciali-vino-biologico","14":"pa_chianti-classico-vini-di-vagliagli","15":"pa_etichette-porciatti-vino-biologico","16":"pa_produttore-dievole","18":"first","19":"instock","20":"shipping-taxable","21":"purchasable","22":"product-type-simple"},"acf":[],"_links":{"self":[{"href":"https:\/\/casaporciatti.it\/shop\/wp-json\/wp\/v2\/product\/4913","targetHints":{"allow":["GET"]}}],"collection":[{"href":"https:\/\/casaporciatti.it\/shop\/wp-json\/wp\/v2\/product"}],"about":[{"href":"https:\/\/casaporciatti.it\/shop\/wp-json\/wp\/v2\/types\/product"}],"wp:featuredmedia":[{"embeddable":true,"href":"https:\/\/casaporciatti.it\/shop\/wp-json\/wp\/v2\/media\/4914"}],"wp:attachment":[{"href":"https:\/\/casaporciatti.it\/shop\/wp-json\/wp\/v2\/media?parent=4913"}],"wp:term":[{"taxonomy":"product_brand","embeddable":true,"href":"https:\/\/casaporciatti.it\/shop\/wp-json\/wp\/v2\/product_brand?post=4913"},{"taxonomy":"product_cat","embeddable":true,"href":"https:\/\/casaporciatti.it\/shop\/wp-json\/wp\/v2\/product_cat?post=4913"},{"taxonomy":"product_tag","embeddable":true,"href":"https:\/\/casaporciatti.it\/shop\/wp-json\/wp\/v2\/product_tag?post=4913"}],"curies":[{"name":"wp","href":"https:\/\/api.w.org\/{rel}","templated":true}]}}