{"id":4910,"date":"2023-02-14T17:21:21","date_gmt":"2023-02-14T16:21:21","guid":{"rendered":"https:\/\/casaporciatti.it\/shop\/prodotto\/monte-bernardi-retromarcia-chianti-classico-2020\/"},"modified":"2026-02-23T03:07:43","modified_gmt":"2026-02-23T02:07:43","slug":"monte-bernardi-retromarcia-chianti-classico-2022","status":"publish","type":"product","link":"https:\/\/casaporciatti.it\/shop\/prodotto\/monte-bernardi-retromarcia-chianti-classico-2022\/","title":{"rendered":"MONTE BERNARDI RETROMARCIA Chianti Classico 2022"},"content":{"rendered":"<h2 class=\"p2\"><strong>Monte Bernardi Retromarcia 2022<\/strong><\/h2>\n<p class=\"p2\"><strong>\u00e8 un Chianti Classico<\/strong> prodotto con uve Sangiovese 100% (dal 2010). Le uve provengono da vigneti composti da scisto (Galestro) 70%, arenaria (Arenaria-Calcare-Pietraforte) 20%, calcare (Alberese) 10%.<\/p>\n<p class=\"p2\">La vinificazione e la maturazione ricordano uno stile pi\u00f9 tradizionale del Chianti Classico. Il risultato \u00e8 un vino fresco e fruttato, di medio corpo, equilibrato, con una buona struttura, acidit\u00e0 succosa e un finale lungo.<\/p>\n<p class=\"p2\">Per <strong>Retromarcia<\/strong> s&#8217;intende un ritorno alle origini. L&#8217;obiettivo \u00e8 di produrre vini intensamente tipici ed espressivi della zona storica della Toscana: il Chianti Classico, utilizzando solo uve tradizionali. Con il nome di Retromarcia, si vuole enfatizzare il\u00a0 ritorno alla naturale eleganza e al fascino del Sangiovese.<\/p>\n<p>Le vigne di <strong>Monte Bernardi<\/strong> si estendono per 15 ettari, con viti che per un terzo hanno pi\u00f9 di 45 anni di et\u00e0.\u00a0 I vigneti sono situati nella zona collinare pi\u00f9 meridionale di <strong>Panzano in Chianti<\/strong>, un&#8217;area che \u00e8 stata riconosciuta come uno dei Grand Cru del Chianti Classico, ed \u00e8 considerata capace di produrre vini in grado di competere con i migliori del mondo. Le viti sono piantate su un terreno molto sassoso costituito da scisto (Galestro), marna e calcare (Alberese).<\/p>\n<p class=\"p1\">La tenuta fu originariamente acquistata nel 1988 da Stak &amp; Sharon e il primo vino fu prodotto nel 1992. La famiglia <strong>Schmelzer<\/strong> acquis\u00ec Monte Bernardi alla fine del 2003 investendo fin da subito sia nelle vigne che in cantina.<\/p>\n<p class=\"p1\">I vigneti sono perfettamente situati &#8211; si trovano a un&#8217;altitudine di 350 metri sul livello del mare, circondati da foreste e godono di un&#8217;esposizione a sud, con il fiume Pesa che scorre a poche centinaia di metri pi\u00f9 i basso. Questi fattori contribuiscono al microclima unico del Monte Bernardi.<\/p>\n<p class=\"p2\">\n","protected":false},"excerpt":{"rendered":"<p>Monte Bernardi Retromarcia 2022 \u00e8 un Chianti Classico prodotto con uve Sangiovese 100% (dal 2010). Le uve provengono da vigneti [&hellip;]<\/p>\n","protected":false},"featured_media":4911,"template":"","meta":[],"product_brand":[],"product_cat":[16,17],"product_tag":[18,53,28,20,32,22],"class_list":{"0":"post-4910","1":"product","2":"type-product","3":"status-publish","4":"has-post-thumbnail","6":"product_cat-bere","7":"product_cat-vini-rossi","8":"product_tag-chianti-classico","9":"product_tag-monte-bernardi","10":"product_tag-produttore-artigianale","11":"product_tag-vetrina","12":"product_tag-vini-di-panzano","13":"product_tag-vino-biologico","14":"pa_categorie-speciali-portami-in-chianti","15":"pa_categorie-speciali-vini-di-panzano-in-chianti","16":"pa_categorie-speciali-vino-biologico","17":"pa_chianti-classico-vini-di-panzano","18":"pa_etichette-porciatti-produttori-artigianali","19":"pa_etichette-porciatti-vino-biologico","20":"pa_produttore-monte-bernardi","22":"first","23":"instock","24":"shipping-taxable","25":"purchasable","26":"product-type-simple"},"acf":[],"_links":{"self":[{"href":"https:\/\/casaporciatti.it\/shop\/wp-json\/wp\/v2\/product\/4910","targetHints":{"allow":["GET"]}}],"collection":[{"href":"https:\/\/casaporciatti.it\/shop\/wp-json\/wp\/v2\/product"}],"about":[{"href":"https:\/\/casaporciatti.it\/shop\/wp-json\/wp\/v2\/types\/product"}],"wp:featuredmedia":[{"embeddable":true,"href":"https:\/\/casaporciatti.it\/shop\/wp-json\/wp\/v2\/media\/4911"}],"wp:attachment":[{"href":"https:\/\/casaporciatti.it\/shop\/wp-json\/wp\/v2\/media?parent=4910"}],"wp:term":[{"taxonomy":"product_brand","embeddable":true,"href":"https:\/\/casaporciatti.it\/shop\/wp-json\/wp\/v2\/product_brand?post=4910"},{"taxonomy":"product_cat","embeddable":true,"href":"https:\/\/casaporciatti.it\/shop\/wp-json\/wp\/v2\/product_cat?post=4910"},{"taxonomy":"product_tag","embeddable":true,"href":"https:\/\/casaporciatti.it\/shop\/wp-json\/wp\/v2\/product_tag?post=4910"}],"curies":[{"name":"wp","href":"https:\/\/api.w.org\/{rel}","templated":true}]}}