{"id":4883,"date":"2023-02-14T17:21:21","date_gmt":"2023-02-14T16:21:21","guid":{"rendered":"https:\/\/casaporciatti.it\/shop\/prodotto\/lamole-di-lamole-maggiolo-chianti-classico-2019\/"},"modified":"2024-12-29T10:48:13","modified_gmt":"2024-12-29T09:48:13","slug":"lamole-di-lamole-maggiolo-chianti-classico-2021","status":"publish","type":"product","link":"https:\/\/casaporciatti.it\/shop\/prodotto\/lamole-di-lamole-maggiolo-chianti-classico-2021\/","title":{"rendered":"LAMOLE DI LAMOLE MAGGIOLO Chianti Classico 2021"},"content":{"rendered":"<p><strong>Lamole di Lamole Maggiolo Chianti Classico <\/strong>\u00e8 innovativo nel suo genere. Assieme al Sangiovese fanno parte dell&#8217;assemblaggio anche qualche goccia di Merlot e Cabernet Sauvignon. Il colore \u00e8 rosso rubino intenso. Al palato, l&#8217;esuberanza del legno \u00e8 tenuta a bada dall&#8217;intensit\u00e0\u00a0 del frutto che poi lascia spazio a sfumature di spezie e cuoio, in perfetta armonia con il bouquet. Maggiolo Chianti Classico \u00e8 un assaggio della gioiosa solarit\u00e0 della terra di Lamole. Proprio dall\u2019immagine del giaggiolo, fiore tipico di questa zona che punteggia i campi nel mese di maggio all\u2019apice del suo splendore, deriva il nome di questo vino morbido e saporito. Lo possiamo sentire nelle sensazioni avvolgenti e nelle sonorit\u00e0 dolci e carezzevoli che ci sa regalare ad ogni sorso.<\/p>\n<p class=\"p1\"><strong>Lamole<\/strong> \u00e8 il nome di un piccolo borgo che si affaccia su una vallata incantevole nel cuore del Chianti Classico nel comune di <strong>Greve in Chianti.<\/strong> Fin dai tempi dei romani, qui le terre fertili erano apprezzate per la qualit\u00e0 dei raccolti.<\/p>\n<p class=\"p1\">Benedetta da un microclima unico, la valle offre precipitazioni e drenaggio ideali, con una variegata gamma di altitudini, tipi di suolo e temperature. Nel corso degli anni, il programma di selezione clonale di <strong>Lamole di Lamole<\/strong> ha identificato i cloni di Sangiovese che meglio si sono adattati a questo ambiente e che meglio ne interpretano le caratteristiche.<\/p>\n<p>t.<\/p>\n","protected":false},"excerpt":{"rendered":"<p>Lamole di Lamole Maggiolo Chianti Classico \u00e8 innovativo nel suo genere. Assieme al Sangiovese fanno parte dell&#8217;assemblaggio anche qualche goccia [&hellip;]<\/p>\n","protected":false},"featured_media":4884,"template":"","meta":[],"product_brand":[],"product_cat":[16,17],"product_tag":[18,55],"class_list":{"0":"post-4883","1":"product","2":"type-product","3":"status-publish","4":"has-post-thumbnail","6":"product_cat-bere","7":"product_cat-vini-rossi","8":"product_tag-chianti-classico","9":"product_tag-lamole-di-lamole","10":"pa_chianti-classico-vini-di-lamole","11":"pa_produttore-lamole-di-lamole","13":"first","14":"instock","15":"shipping-taxable","16":"purchasable","17":"product-type-simple"},"acf":[],"_links":{"self":[{"href":"https:\/\/casaporciatti.it\/shop\/wp-json\/wp\/v2\/product\/4883","targetHints":{"allow":["GET"]}}],"collection":[{"href":"https:\/\/casaporciatti.it\/shop\/wp-json\/wp\/v2\/product"}],"about":[{"href":"https:\/\/casaporciatti.it\/shop\/wp-json\/wp\/v2\/types\/product"}],"wp:featuredmedia":[{"embeddable":true,"href":"https:\/\/casaporciatti.it\/shop\/wp-json\/wp\/v2\/media\/4884"}],"wp:attachment":[{"href":"https:\/\/casaporciatti.it\/shop\/wp-json\/wp\/v2\/media?parent=4883"}],"wp:term":[{"taxonomy":"product_brand","embeddable":true,"href":"https:\/\/casaporciatti.it\/shop\/wp-json\/wp\/v2\/product_brand?post=4883"},{"taxonomy":"product_cat","embeddable":true,"href":"https:\/\/casaporciatti.it\/shop\/wp-json\/wp\/v2\/product_cat?post=4883"},{"taxonomy":"product_tag","embeddable":true,"href":"https:\/\/casaporciatti.it\/shop\/wp-json\/wp\/v2\/product_tag?post=4883"}],"curies":[{"name":"wp","href":"https:\/\/api.w.org\/{rel}","templated":true}]}}