{"id":4877,"date":"2023-02-14T17:21:21","date_gmt":"2023-02-14T16:21:21","guid":{"rendered":"https:\/\/casaporciatti.it\/shop\/prodotto\/badia-a-coltibuono-chianti-classico-riserva-2017\/"},"modified":"2026-01-02T11:03:43","modified_gmt":"2026-01-02T10:03:43","slug":"badia-a-coltibuono-chianti-classico-riserva-2020","status":"publish","type":"product","link":"https:\/\/casaporciatti.it\/shop\/prodotto\/badia-a-coltibuono-chianti-classico-riserva-2020\/","title":{"rendered":"BADIA A COLTIBUONO Chianti Classico Riserva 2020"},"content":{"rendered":"<p>Il <strong>Badia a Coltibuono\u00a0<\/strong>Chianti Classico Riserva 2020 mostra i risultati di un&#8217;annata eccellente. E&#8217; un vino rosso armonico ed elegante. Mantiene tutte le promesse del Sangiovese chiantigiano: complessit\u00e0, eleganza e \u00a0freschezza. \u00a0Sul finale compaiono note minerali e il tannino \u00e8 ben integrato.<\/p>\n<p class=\"p1\">Situata a Gaiole in Chianti, la storia di Badia a Coltibuono risale al 1051 e all&#8217;ordine dei monaci vallombrosani. Gli attuali proprietari sono i fratelli Emanuela, Roberto, Paolo e Guido Stucchi Prinetti.<\/p>\n<p class=\"p1\">Gli ettari vitati sono 74 per la maggior parte nella sottozona Monti sempre nel comune di Gaiole in Chianti.<\/p>\n<p class=\"p1\">Uno dei vanti di Badia a Coltibuono \u00e8 il patrimonio di antichi coloni di Sangiovese, usati per ripiantare siti chiave a densit\u00e0 pi\u00f9 elevate, di 7-8.000 piante di Sangiovese per ettaro.<\/p>\n<p class=\"p1\">Nel 1996 ha visto la luce la nuova cantina a Monti, e con la vendemmia 2003 \u00e8 arrivata la certificazione biologica<\/p>\n","protected":false},"excerpt":{"rendered":"<p>Il Badia a Coltibuono\u00a0Chianti Classico Riserva 2020 mostra i risultati di un&#8217;annata eccellente. E&#8217; un vino rosso armonico ed elegante. [&hellip;]<\/p>\n","protected":false},"featured_media":4878,"template":"","meta":[],"product_brand":[],"product_cat":[16,17],"product_tag":[79,37,34,26,22],"class_list":{"0":"post-4877","1":"product","2":"type-product","3":"status-publish","4":"has-post-thumbnail","6":"product_cat-bere","7":"product_cat-vini-rossi","8":"product_tag-badia-a-coltibuono","9":"product_tag-chianti-classico-riserva","10":"product_tag-scelto-da-riccardo","11":"product_tag-vini-di-gaiole","12":"product_tag-vino-biologico","13":"pa_categorie-speciali-vino-biologico","14":"pa_chianti-classico-vini-di-gaiole-in-chianti","15":"pa_etichette-porciatti-consigliato-da-riccardo","16":"pa_etichette-porciatti-vino-biologico","17":"pa_produttore-badia-a-coltibuono","19":"first","20":"instock","21":"shipping-taxable","22":"purchasable","23":"product-type-simple"},"acf":[],"_links":{"self":[{"href":"https:\/\/casaporciatti.it\/shop\/wp-json\/wp\/v2\/product\/4877","targetHints":{"allow":["GET"]}}],"collection":[{"href":"https:\/\/casaporciatti.it\/shop\/wp-json\/wp\/v2\/product"}],"about":[{"href":"https:\/\/casaporciatti.it\/shop\/wp-json\/wp\/v2\/types\/product"}],"wp:featuredmedia":[{"embeddable":true,"href":"https:\/\/casaporciatti.it\/shop\/wp-json\/wp\/v2\/media\/4878"}],"wp:attachment":[{"href":"https:\/\/casaporciatti.it\/shop\/wp-json\/wp\/v2\/media?parent=4877"}],"wp:term":[{"taxonomy":"product_brand","embeddable":true,"href":"https:\/\/casaporciatti.it\/shop\/wp-json\/wp\/v2\/product_brand?post=4877"},{"taxonomy":"product_cat","embeddable":true,"href":"https:\/\/casaporciatti.it\/shop\/wp-json\/wp\/v2\/product_cat?post=4877"},{"taxonomy":"product_tag","embeddable":true,"href":"https:\/\/casaporciatti.it\/shop\/wp-json\/wp\/v2\/product_tag?post=4877"}],"curies":[{"name":"wp","href":"https:\/\/api.w.org\/{rel}","templated":true}]}}