{"id":4850,"date":"2023-02-14T17:21:05","date_gmt":"2023-02-14T16:21:05","guid":{"rendered":"https:\/\/casaporciatti.it\/shop\/prodotto\/pruneto-chianti-classico-riserva-2019\/"},"modified":"2026-01-02T10:27:04","modified_gmt":"2026-01-02T09:27:04","slug":"pruneto-chianti-classico-riserva-2021","status":"publish","type":"product","link":"https:\/\/casaporciatti.it\/shop\/prodotto\/pruneto-chianti-classico-riserva-2021\/","title":{"rendered":"PRUNETO Chianti Classico Riserva 2021"},"content":{"rendered":"<p><strong>Pruneto Chianti Classico Riserva<\/strong>\u00a0\u00e8 un vino fuori dalle schemi moderni e senza inutili orpelli. Al naso note di fiori appassiti, frutta matura e sottobosco. In bocca \u00e8 fresco, di corpo e con una bella trama tannica gi\u00e0 svolta pronta a essere goduta.\u00a0 In beva<\/p>\n<p>Pruneto \u00e8 un&#8217;azienda agricola a Radda in Chianti che da sempre si \u00e8 tenuta lontana dalla moda e dalle facili scorciatoie che si possono intraprendere nel mondo del vino.<\/p>\n<p>L&#8217;anima e il cuore di Pruneto \u00e8 Riccardo Lanza che da anni si ispira a questa piccola parte del Chianti, dando vita a vini dal carattere originale che rispecchiano fedelmente il territorio e l&#8217;uomo.<\/p>\n<p>I vigneti di Pruneto si estendono per poco pi\u00f9 di tre ettari, disposti lungo il versante meridionale della collina su cui poggia l&#8217;azienda. I vigneti sono distribuiti in due diversi vigneti, il primo esposto a sud e il secondo a sud-ovest.<\/p>\n<p>L&#8217;uva principale \u00e8 ovviamente il Sangiovese, affiancato da alcuni filari di Merlot e Canaiolo. Il pi\u00f9 vecchio dei nostri vigneti risale al 1972, mentre il pi\u00f9 giovane \u00e8 stato impiantato nel 2017. I terreni sono prevalentemente costituiti da marna, hanno un buon scheletro pietroso ad una discreta profondit\u00e0. L&#8217;altitudine dei vigneti \u00e8 di circa 550 m s.l.m.<\/p>\n","protected":false},"excerpt":{"rendered":"<p>Pruneto Chianti Classico Riserva\u00a0\u00e8 un vino fuori dalle schemi moderni e senza inutili orpelli. Al naso note di fiori appassiti, [&hellip;]<\/p>\n","protected":false},"featured_media":4851,"template":"","meta":[],"product_brand":[],"product_cat":[16,17],"product_tag":[37,67,21],"class_list":{"0":"post-4850","1":"product","2":"type-product","3":"status-publish","4":"has-post-thumbnail","6":"product_cat-bere","7":"product_cat-vini-rossi","8":"product_tag-chianti-classico-riserva","9":"product_tag-pruneto","10":"product_tag-vini-di-radda","11":"pa_categorie-speciali-portami-in-chianti","12":"pa_categorie-speciali-vini-di-radda","13":"pa_chianti-classico-vini-di-radda-in-chianti","14":"pa_produttore-pruneto","16":"first","17":"outofstock","18":"shipping-taxable","19":"purchasable","20":"product-type-simple"},"acf":[],"_links":{"self":[{"href":"https:\/\/casaporciatti.it\/shop\/wp-json\/wp\/v2\/product\/4850","targetHints":{"allow":["GET"]}}],"collection":[{"href":"https:\/\/casaporciatti.it\/shop\/wp-json\/wp\/v2\/product"}],"about":[{"href":"https:\/\/casaporciatti.it\/shop\/wp-json\/wp\/v2\/types\/product"}],"wp:featuredmedia":[{"embeddable":true,"href":"https:\/\/casaporciatti.it\/shop\/wp-json\/wp\/v2\/media\/4851"}],"wp:attachment":[{"href":"https:\/\/casaporciatti.it\/shop\/wp-json\/wp\/v2\/media?parent=4850"}],"wp:term":[{"taxonomy":"product_brand","embeddable":true,"href":"https:\/\/casaporciatti.it\/shop\/wp-json\/wp\/v2\/product_brand?post=4850"},{"taxonomy":"product_cat","embeddable":true,"href":"https:\/\/casaporciatti.it\/shop\/wp-json\/wp\/v2\/product_cat?post=4850"},{"taxonomy":"product_tag","embeddable":true,"href":"https:\/\/casaporciatti.it\/shop\/wp-json\/wp\/v2\/product_tag?post=4850"}],"curies":[{"name":"wp","href":"https:\/\/api.w.org\/{rel}","templated":true}]}}