{"id":4832,"date":"2023-02-14T17:21:05","date_gmt":"2023-02-14T16:21:05","guid":{"rendered":"https:\/\/casaporciatti.it\/shop\/prodotto\/riecine-chianti-classico-2020\/"},"modified":"2026-03-12T15:47:11","modified_gmt":"2026-03-12T14:47:11","slug":"riecine-chianti-classico-2024","status":"publish","type":"product","link":"https:\/\/casaporciatti.it\/shop\/prodotto\/riecine-chianti-classico-2024\/","title":{"rendered":"RIECINE Chianti Classico 2024"},"content":{"rendered":"<p>Il <strong>Riecine<\/strong> <strong>Chianti Classico 2024<\/strong>\u00a0\u00e8 il portabandiera dell&#8217;azienda. E&#8217; un vino che dell&#8217;eleganza ha fatto la sua filosofia. Scarico di colore, naso floreale e di piccoli frutti rosso, bocca agile e scattante.<\/p>\n<p><strong>Riecine<\/strong> ha sempre seguito un percorso particolare chiunque sia stato al comando. Fondata vicino a <strong>Gaiole in Chianti<\/strong> dall&#8217;inglese John Dunkley e oggi gestita dalla famiglia Frank, la tenuta \u00e8 impegnata in un approccio naturale.<\/p>\n<p><strong>L&#8217;azienda \u00e8 certificata biologica<\/strong> e allo stesso tempo segue delle <strong>pratiche biodinamiche<\/strong>.\u00a0 Il terreno \u00e8 dunque vivo, popolato di piante, fiori ed erbe. La biodiversit\u00e0 \u00e8 incoraggiata e di conseguenza le difese proprie delle viti e la salute dei vigneti.\u00a0 Solo i grappoli migliori passano la selezione manuale, quelli pi\u00f9 maturi e sani; tutto il resto rimane nei campi per tornare sulla terra.<\/p>\n<p><strong>Pochissima solforosa, lieviti naturali e lunghe fermentazioni cos\u00ec i vini di Riecine<\/strong>,\u00a0 delicatamente, vengono al mondo. Credendo fortemente nel Sangiovese come unica variet\u00e0 capace di interpretare il terroir, i vini di questa splendida tenuta hanno nell&#8217;anima il &#8220;senso del luogo&#8221;.<\/p>\n<p>&nbsp;<\/p>\n","protected":false},"excerpt":{"rendered":"<p>Il Riecine Chianti Classico 2024\u00a0\u00e8 il portabandiera dell&#8217;azienda. E&#8217; un vino che dell&#8217;eleganza ha fatto la sua filosofia. Scarico di [&hellip;]<\/p>\n","protected":false},"featured_media":4833,"template":"","meta":[],"product_brand":[],"product_cat":[16,17],"product_tag":[18,31,74,34,26],"class_list":{"0":"post-4832","1":"product","2":"type-product","3":"status-publish","4":"has-post-thumbnail","6":"product_cat-bere","7":"product_cat-vini-rossi","8":"product_tag-chianti-classico","9":"product_tag-portami-in-chianti","10":"product_tag-riecine","11":"product_tag-scelto-da-riccardo","12":"product_tag-vini-di-gaiole","13":"pa_categorie-speciali-portami-in-chianti","14":"pa_categorie-speciali-vini-di-gaiole-in-chianti","15":"pa_chianti-classico-vini-di-gaiole-in-chianti","16":"pa_etichette-porciatti-consigliato-da-riccardo","17":"pa_etichette-porciatti-vino-biodinamico","18":"pa_produttore-riecine","20":"first","21":"instock","22":"shipping-taxable","23":"purchasable","24":"product-type-simple"},"acf":[],"_links":{"self":[{"href":"https:\/\/casaporciatti.it\/shop\/wp-json\/wp\/v2\/product\/4832","targetHints":{"allow":["GET"]}}],"collection":[{"href":"https:\/\/casaporciatti.it\/shop\/wp-json\/wp\/v2\/product"}],"about":[{"href":"https:\/\/casaporciatti.it\/shop\/wp-json\/wp\/v2\/types\/product"}],"wp:featuredmedia":[{"embeddable":true,"href":"https:\/\/casaporciatti.it\/shop\/wp-json\/wp\/v2\/media\/4833"}],"wp:attachment":[{"href":"https:\/\/casaporciatti.it\/shop\/wp-json\/wp\/v2\/media?parent=4832"}],"wp:term":[{"taxonomy":"product_brand","embeddable":true,"href":"https:\/\/casaporciatti.it\/shop\/wp-json\/wp\/v2\/product_brand?post=4832"},{"taxonomy":"product_cat","embeddable":true,"href":"https:\/\/casaporciatti.it\/shop\/wp-json\/wp\/v2\/product_cat?post=4832"},{"taxonomy":"product_tag","embeddable":true,"href":"https:\/\/casaporciatti.it\/shop\/wp-json\/wp\/v2\/product_tag?post=4832"}],"curies":[{"name":"wp","href":"https:\/\/api.w.org\/{rel}","templated":true}]}}