{"id":4823,"date":"2023-02-14T17:21:05","date_gmt":"2023-02-14T16:21:05","guid":{"rendered":"https:\/\/casaporciatti.it\/shop\/prodotto\/renzo-marinai-chianti-classico-riserva-2016\/"},"modified":"2026-01-02T10:26:00","modified_gmt":"2026-01-02T09:26:00","slug":"renzo-marinai-chianti-classico-riserva-2019","status":"publish","type":"product","link":"https:\/\/casaporciatti.it\/shop\/prodotto\/renzo-marinai-chianti-classico-riserva-2019\/","title":{"rendered":"RENZO MARINAI Chianti Classico Riserva 2019"},"content":{"rendered":"<p>Renzo Marinai Chianti Classico Riserva 2019 \u00e8 un vino potente e solido che si apre lentamente nel bicchiere. Il profumo rivela frutta scura, ciliegia matura, spezie e pietra di fiume.<\/p>\n<p>Possiede una trama tannica fitta. Il sorso \u00e8 pieno e appagante. La freschezza del Sangiovese contribuisce all&#8217;equilibrio.<\/p>\n<p><strong>Renzo Marinai<\/strong> \u00e8 una piccola realt\u00e0 di circa 6 ettari di vigneto posti in uno dei luoghi pi\u00f9 rinomati della denominazione Chianti Classico: la Conca d&#8217;Oro di<strong> Panzano in Chianti<\/strong>. I vigneti si trovano in localit\u00e0 San Martino a Cecione poco fuori il borgo di Panzano a circa 400 m slm. Ad affiancare il Sangiovese c&#8217;\u00e8 sempre una piccola percentuale di Cabernet Sauvignon che, soprattutto nelle annate difficili, apporta un contributo di tannino e struttura.<\/p>\n<p>Lo stile dei <strong>Chianti Classico<\/strong> prodotti da Renzo Marinai \u00e8 ben marcato:\u00a0 sostanza e corpo, con un&#8217;eccellente concentrazione di frutti maturi, spezie e cuoio. Vini muscolosi che richiedono un accompagnamento dello stesso tenore per mantenere l&#8217;equilibrio.<\/p>\n","protected":false},"excerpt":{"rendered":"<p>Renzo Marinai Chianti Classico Riserva 2019 \u00e8 un vino potente e solido che si apre lentamente nel bicchiere. Il profumo [&hellip;]<\/p>\n","protected":false},"featured_media":4824,"template":"","meta":[],"product_brand":[],"product_cat":[16,17],"product_tag":[37,31,28,72,22],"class_list":{"0":"post-4823","1":"product","2":"type-product","3":"status-publish","4":"has-post-thumbnail","6":"product_cat-bere","7":"product_cat-vini-rossi","8":"product_tag-chianti-classico-riserva","9":"product_tag-portami-in-chianti","10":"product_tag-produttore-artigianale","11":"product_tag-renzo-marinai","12":"product_tag-vino-biologico","13":"pa_categorie-speciali-portami-in-chianti","14":"pa_categorie-speciali-vino-biologico","15":"pa_chianti-classico-vini-di-panzano","16":"pa_etichette-porciatti-produttori-artigianali","17":"pa_etichette-porciatti-vino-biologico","18":"pa_produttore-renzo-marinai","20":"first","21":"outofstock","22":"shipping-taxable","23":"purchasable","24":"product-type-simple"},"acf":[],"_links":{"self":[{"href":"https:\/\/casaporciatti.it\/shop\/wp-json\/wp\/v2\/product\/4823","targetHints":{"allow":["GET"]}}],"collection":[{"href":"https:\/\/casaporciatti.it\/shop\/wp-json\/wp\/v2\/product"}],"about":[{"href":"https:\/\/casaporciatti.it\/shop\/wp-json\/wp\/v2\/types\/product"}],"wp:featuredmedia":[{"embeddable":true,"href":"https:\/\/casaporciatti.it\/shop\/wp-json\/wp\/v2\/media\/4824"}],"wp:attachment":[{"href":"https:\/\/casaporciatti.it\/shop\/wp-json\/wp\/v2\/media?parent=4823"}],"wp:term":[{"taxonomy":"product_brand","embeddable":true,"href":"https:\/\/casaporciatti.it\/shop\/wp-json\/wp\/v2\/product_brand?post=4823"},{"taxonomy":"product_cat","embeddable":true,"href":"https:\/\/casaporciatti.it\/shop\/wp-json\/wp\/v2\/product_cat?post=4823"},{"taxonomy":"product_tag","embeddable":true,"href":"https:\/\/casaporciatti.it\/shop\/wp-json\/wp\/v2\/product_tag?post=4823"}],"curies":[{"name":"wp","href":"https:\/\/api.w.org\/{rel}","templated":true}]}}