{"id":4808,"date":"2023-02-14T17:20:50","date_gmt":"2023-02-14T16:20:50","guid":{"rendered":"https:\/\/casaporciatti.it\/shop\/prodotto\/pruneto-chianti-classico-2020\/"},"modified":"2026-02-20T01:09:10","modified_gmt":"2026-02-20T00:09:10","slug":"pruneto-chianti-classico-2022","status":"publish","type":"product","link":"https:\/\/casaporciatti.it\/shop\/prodotto\/pruneto-chianti-classico-2022\/","title":{"rendered":"PRUNETO Chianti Classico 2022"},"content":{"rendered":"<p>Il <strong>Chianti Classico di Pruneto<\/strong> \u00e8 un vino rosso fresco e accessibile con frutta di buona qualit\u00e0. Il Sangiovese in questa vendemmia offre pienezza e maturit\u00e0. In bocca il vino presenta sentori di frutti di bosco dolci e un tocco piccante di spezie selvatiche.<\/p>\n<p><strong>Pruneto<\/strong> \u00e8 un&#8217;azienda agricola di <strong>Radda in Chianti<\/strong> che si \u00e8 sempre tenuta ben lontana dalle mode a dalle facili scorciatoie che nel mondo del vino si possono prendere.<\/p>\n<p>Anima e cuore di Pruneto \u00e8 <strong>Riccardo Lanza<\/strong> che da questa piccola parte di Chianti\u00a0 si lascia ispirare da anni dando vita a vini dal carattere originale che rispecchiano fedelmente il territorio e l&#8217;uomo.<\/p>\n<p>I vigneti di Pruneto si estendono per poco pi\u00f9 di tre ettari, disposti lungo il versante meridionale della collina su cui poggia il podere. Le viti sono distribuite in due diversi vigneti, il primo con esposizione verso sud e il secondo a sud-ovest.<\/p>\n<p>Il vitigno prevalente \u00e8 ovviamente il Sangiovese, affiancato da alcuni filari di Merlot e Canaiolo. La pi\u00f9 vecchia delle nostre vigne risale al 1972, mentre la pi\u00f9 giovane \u00e8 stata impiantata nel corso del 2017. I terreni sono composti principalmente da galestro, hanno un buono scheletro pietroso a discreta profondit\u00e0. L\u2019altitudine delle vigne \u00e8 di circa 550 m s.l.m.<\/p>\n<p>&nbsp;<\/p>\n","protected":false},"excerpt":{"rendered":"<p>Il Chianti Classico di Pruneto \u00e8 un vino rosso fresco e accessibile con frutta di buona qualit\u00e0. Il Sangiovese in [&hellip;]<\/p>\n","protected":false},"featured_media":4809,"template":"","meta":[],"product_brand":[],"product_cat":[16,17],"product_tag":[18,28,67,20,21],"class_list":{"0":"post-4808","1":"product","2":"type-product","3":"status-publish","4":"has-post-thumbnail","6":"product_cat-bere","7":"product_cat-vini-rossi","8":"product_tag-chianti-classico","9":"product_tag-produttore-artigianale","10":"product_tag-pruneto","11":"product_tag-vetrina","12":"product_tag-vini-di-radda","13":"pa_categorie-speciali-portami-in-chianti","14":"pa_categorie-speciali-vini-di-radda","15":"pa_chianti-classico-vini-di-radda-in-chianti","16":"pa_etichette-porciatti-produttori-artigianali","17":"pa_produttore-pruneto","19":"first","20":"instock","21":"shipping-taxable","22":"purchasable","23":"product-type-simple"},"acf":[],"_links":{"self":[{"href":"https:\/\/casaporciatti.it\/shop\/wp-json\/wp\/v2\/product\/4808","targetHints":{"allow":["GET"]}}],"collection":[{"href":"https:\/\/casaporciatti.it\/shop\/wp-json\/wp\/v2\/product"}],"about":[{"href":"https:\/\/casaporciatti.it\/shop\/wp-json\/wp\/v2\/types\/product"}],"wp:featuredmedia":[{"embeddable":true,"href":"https:\/\/casaporciatti.it\/shop\/wp-json\/wp\/v2\/media\/4809"}],"wp:attachment":[{"href":"https:\/\/casaporciatti.it\/shop\/wp-json\/wp\/v2\/media?parent=4808"}],"wp:term":[{"taxonomy":"product_brand","embeddable":true,"href":"https:\/\/casaporciatti.it\/shop\/wp-json\/wp\/v2\/product_brand?post=4808"},{"taxonomy":"product_cat","embeddable":true,"href":"https:\/\/casaporciatti.it\/shop\/wp-json\/wp\/v2\/product_cat?post=4808"},{"taxonomy":"product_tag","embeddable":true,"href":"https:\/\/casaporciatti.it\/shop\/wp-json\/wp\/v2\/product_tag?post=4808"}],"curies":[{"name":"wp","href":"https:\/\/api.w.org\/{rel}","templated":true}]}}