{"id":4802,"date":"2023-02-14T17:20:50","date_gmt":"2023-02-14T16:20:50","guid":{"rendered":"https:\/\/casaporciatti.it\/shop\/prodotto\/castello-di-albola-chianti-classico-2020\/"},"modified":"2026-04-07T08:47:36","modified_gmt":"2026-04-07T06:47:36","slug":"castello-di-albola-chianti-classico-2024","status":"publish","type":"product","link":"https:\/\/casaporciatti.it\/shop\/prodotto\/castello-di-albola-chianti-classico-2024\/","title":{"rendered":"CASTELLO DI ALBOLA Chianti Classico 2024"},"content":{"rendered":"<p><strong>Il Castello di Albola Chianti Classico 2024 <\/strong>\u00e8 un sangiovese di Radda in Chianti. Dal naso fine e delicato, in bocca ha buona struttura e tannini soavi.<\/p>\n<p>Il <strong>Castello di Albola<\/strong> si trova a <strong>Radda in Chianti<\/strong> nel cuore della denominazione <strong>Chianti Classico<\/strong> DOCG, dove la coltivazione della vite risale al tempo degli Etruschi.<\/p>\n<p>La famiglia <strong>Acciaiuoli<\/strong> incaric\u00f2 la tenuta di piantare un vigneto nella parte pi\u00f9 alta del Chianti Classico nel XV secolo come simbolo del loro alto rango. Nel corso dei secoli, molte famiglie nobili toscane si succedute alla propriet\u00e0, e la tenuta \u00e8 sempre stata menzionata per l&#8217;altra qualit\u00e0 dei suoi vini.<\/p>\n<p>Nel 1979, la famiglia <strong>Zonin<\/strong> acquist\u00f2 Castello di Albola con l&#8217;obiettivo di continuare la tradizione di alta qualit\u00e0 dei vini per la quale l&#8217;azienda era famosa. Fin da subito \u00e8 partito un progetto di ampliamento e ammodernamento che ha portato la tenuta alle dimensioni attuali: 125 ettari di vigneto splendidamente collocati e una moderna cantina perfettamente armonizzata con il paesaggio circostante.<\/p>\n<p>I vini di Castello di Albola sono sinonimo di sapidit\u00e0 e mineralit\u00e0 con profumi fruttati ed eleganti.\u00a0 Vini dal forte carattere chiantigiano, fieri ambasciatori di Radda in Chianti<\/p>\n<p>&nbsp;<\/p>\n","protected":false},"excerpt":{"rendered":"<p>Il Castello di Albola Chianti Classico 2024 \u00e8 un sangiovese di Radda in Chianti. Dal naso fine e delicato, in [&hellip;]<\/p>\n","protected":false},"featured_media":4803,"template":"","meta":[],"product_brand":[],"product_cat":[16,23,17,35],"product_tag":[66,18,25,21],"class_list":{"0":"post-4802","1":"product","2":"type-product","3":"status-publish","4":"has-post-thumbnail","6":"product_cat-bere","7":"product_cat-vini-in-promozione","8":"product_cat-vini-rossi","9":"product_cat-in-evidenza","10":"product_tag-castello-di-albola","11":"product_tag-chianti-classico","12":"product_tag-in-promozione","13":"product_tag-vini-di-radda","14":"pa_categorie-speciali-in-promozione-ora","15":"pa_categorie-speciali-vini-di-radda","16":"pa_chianti-classico-vini-di-radda-in-chianti","17":"pa_produttore-castello-dalbola","19":"first","20":"instock","21":"sale","22":"shipping-taxable","23":"purchasable","24":"product-type-simple"},"acf":[],"_links":{"self":[{"href":"https:\/\/casaporciatti.it\/shop\/wp-json\/wp\/v2\/product\/4802","targetHints":{"allow":["GET"]}}],"collection":[{"href":"https:\/\/casaporciatti.it\/shop\/wp-json\/wp\/v2\/product"}],"about":[{"href":"https:\/\/casaporciatti.it\/shop\/wp-json\/wp\/v2\/types\/product"}],"wp:featuredmedia":[{"embeddable":true,"href":"https:\/\/casaporciatti.it\/shop\/wp-json\/wp\/v2\/media\/4803"}],"wp:attachment":[{"href":"https:\/\/casaporciatti.it\/shop\/wp-json\/wp\/v2\/media?parent=4802"}],"wp:term":[{"taxonomy":"product_brand","embeddable":true,"href":"https:\/\/casaporciatti.it\/shop\/wp-json\/wp\/v2\/product_brand?post=4802"},{"taxonomy":"product_cat","embeddable":true,"href":"https:\/\/casaporciatti.it\/shop\/wp-json\/wp\/v2\/product_cat?post=4802"},{"taxonomy":"product_tag","embeddable":true,"href":"https:\/\/casaporciatti.it\/shop\/wp-json\/wp\/v2\/product_tag?post=4802"}],"curies":[{"name":"wp","href":"https:\/\/api.w.org\/{rel}","templated":true}]}}