{"id":4796,"date":"2023-02-14T17:20:50","date_gmt":"2023-02-14T16:20:50","guid":{"rendered":"https:\/\/casaporciatti.it\/shop\/prodotto\/castelvecchi-madonnino-della-pieve-chianti-classico-gran-selezione-2016\/"},"modified":"2026-03-28T05:03:28","modified_gmt":"2026-03-28T04:03:28","slug":"castelvecchi-madonnino-della-pieve-chianti-classico-gran-selezione-2018","status":"publish","type":"product","link":"https:\/\/casaporciatti.it\/shop\/prodotto\/castelvecchi-madonnino-della-pieve-chianti-classico-gran-selezione-2018\/","title":{"rendered":"CASTELVECCHI MADONNINO DELLA PIEVE Chianti Classico Gran Selezione 2018"},"content":{"rendered":"<p>Il Chianti Classico Gran Selezione Madonnino della Pieve di Fattoria di Castelvecchi, nasce da uve Sangiovese in purezza coltivate in un unico vigneto chiamato Madonnino, che si estende di fronte alla Pieve di Santa Maria Novella. Questa vigna, tra le pi\u00f9 antiche di Castelvecchi e gi\u00e0 presente nel primo catasto del Chianti Classico, offre grappoli eccezionali che, anche grazie ad una gestione con pi\u00f9 passaggi vendemmiali, producono la complessit\u00e0 straordinaria di un vino indimenticabile<\/p>\n<p>La cantina di Castelvecchi si erge proprio di fronte al borgo di Volpaia, villaggio medievale rimasto intatto per secoli.<\/p>\n<p>I vigneti di Castelvecchi e Collepetroso sono situati a 530 metri sul livello del mare. I suoli che si compongono di galestro e arenaria. Freschezza e purezza sono le caratteristiche che contraddistinguono i vini di questa premiata cantina di Radda in Chianti.<\/p>\n","protected":false},"excerpt":{"rendered":"<p>Il Chianti Classico Gran Selezione Madonnino della Pieve di Fattoria di Castelvecchi, nasce da uve Sangiovese in purezza coltivate in [&hellip;]<\/p>\n","protected":false},"featured_media":4797,"template":"","meta":[],"product_brand":[],"product_cat":[16,17],"product_tag":[64,43,21],"class_list":{"0":"post-4796","1":"product","2":"type-product","3":"status-publish","4":"has-post-thumbnail","6":"product_cat-bere","7":"product_cat-vini-rossi","8":"product_tag-castelvecchi","9":"product_tag-chianti-classico-gran-selezione","10":"product_tag-vini-di-radda","11":"pa_categorie-speciali-vini-di-radda","12":"pa_chianti-classico-vini-di-radda-in-chianti","13":"pa_produttore-castelvecchi","15":"first","16":"instock","17":"shipping-taxable","18":"purchasable","19":"product-type-simple"},"acf":[],"_links":{"self":[{"href":"https:\/\/casaporciatti.it\/shop\/wp-json\/wp\/v2\/product\/4796","targetHints":{"allow":["GET"]}}],"collection":[{"href":"https:\/\/casaporciatti.it\/shop\/wp-json\/wp\/v2\/product"}],"about":[{"href":"https:\/\/casaporciatti.it\/shop\/wp-json\/wp\/v2\/types\/product"}],"wp:featuredmedia":[{"embeddable":true,"href":"https:\/\/casaporciatti.it\/shop\/wp-json\/wp\/v2\/media\/4797"}],"wp:attachment":[{"href":"https:\/\/casaporciatti.it\/shop\/wp-json\/wp\/v2\/media?parent=4796"}],"wp:term":[{"taxonomy":"product_brand","embeddable":true,"href":"https:\/\/casaporciatti.it\/shop\/wp-json\/wp\/v2\/product_brand?post=4796"},{"taxonomy":"product_cat","embeddable":true,"href":"https:\/\/casaporciatti.it\/shop\/wp-json\/wp\/v2\/product_cat?post=4796"},{"taxonomy":"product_tag","embeddable":true,"href":"https:\/\/casaporciatti.it\/shop\/wp-json\/wp\/v2\/product_tag?post=4796"}],"curies":[{"name":"wp","href":"https:\/\/api.w.org\/{rel}","templated":true}]}}