{"id":4752,"date":"2023-02-14T17:20:50","date_gmt":"2023-02-14T16:20:50","guid":{"rendered":"https:\/\/casaporciatti.it\/shop\/prodotto\/monte-bernardi-chianti-classico-riserva-2019\/"},"modified":"2026-03-08T15:17:19","modified_gmt":"2026-03-08T14:17:19","slug":"monte-bernardi-chianti-classico-riserva-2022","status":"publish","type":"product","link":"https:\/\/casaporciatti.it\/shop\/prodotto\/monte-bernardi-chianti-classico-riserva-2022\/","title":{"rendered":"MONTE BERNARDI Chianti Classico Riserva 2022"},"content":{"rendered":"<p>Il <strong>Monte Bernardi <\/strong><strong>Chianti Classico Riserva 2022 <\/strong>\u00e8 ottenuto da uve Sangiovese (95%) e Canaiolo Nero (5%). Proviene da vigneti che hanno pi\u00f9 di 40 anni di et\u00e0 con un terreno ricco di scisto friabile (Galestro) e calcare (Alberese). Il risultato \u00e8 un vino fruttato e aromatico a base di Sangiovese con tannini morbidi e fini. Di buon corpo, non pu\u00f2 che migliorare con l&#8217;invecchiamento.<\/p>\n<p>Le vigne di <strong>Monte Bernardi<\/strong> si estendono per 15 ettari, con viti che per un terzo hanno pi\u00f9 di 45 anni di et\u00e0.\u00a0 I vigneti sono situati nella zona collinare pi\u00f9 meridionale di <strong>Panzano in Chianti<\/strong>, un&#8217;area che \u00e8 stata riconosciuta come uno dei Grand Cru del Chianti Classico, ed \u00e8 considerata capace di produrre vini in grado di competere con i migliori del mondo. Le viti sono piantate su un terreno molto sassoso costituito da scisto (Galestro), marna e calcare (Alberese).<\/p>\n<p class=\"p1\">La tenuta fu originariamente acquistata nel 1988 da Stak &amp; Sharon e il primo vino fu prodotto nel 1992. La famiglia <strong>Schmelzer<\/strong> acquis\u00ec Monte Bernardi alla fine del 2003 investendo fin da subito sia nelle vigne che in cantina.<\/p>\n<p class=\"p1\">I vigneti sono perfettamente situati &#8211; si trovano a un&#8217;altitudine di 350 metri sul livello del mare, circondati da foreste e godono di un&#8217;esposizione a sud, con il fiume Pesa che scorre a poche centinaia di metri pi\u00f9 i basso. Questi fattori contribuiscono al microclima unico del Monte Bernardi.<\/p>\n<p class=\"p1\">\n","protected":false},"excerpt":{"rendered":"<p>Il Monte Bernardi Chianti Classico Riserva 2022 \u00e8 ottenuto da uve Sangiovese (95%) e Canaiolo Nero (5%). Proviene da vigneti [&hellip;]<\/p>\n","protected":false},"featured_media":4753,"template":"","meta":[],"product_brand":[],"product_cat":[16,17],"product_tag":[37,53,31,28,32,22],"class_list":{"0":"post-4752","1":"product","2":"type-product","3":"status-publish","4":"has-post-thumbnail","6":"product_cat-bere","7":"product_cat-vini-rossi","8":"product_tag-chianti-classico-riserva","9":"product_tag-monte-bernardi","10":"product_tag-portami-in-chianti","11":"product_tag-produttore-artigianale","12":"product_tag-vini-di-panzano","13":"product_tag-vino-biologico","14":"pa_categorie-speciali-portami-in-chianti","15":"pa_categorie-speciali-vini-di-panzano-in-chianti","16":"pa_categorie-speciali-vino-biologico","17":"pa_chianti-classico-vini-di-panzano","18":"pa_etichette-porciatti-produttori-artigianali","19":"pa_etichette-porciatti-vino-biologico","20":"pa_produttore-monte-bernardi","22":"first","23":"instock","24":"shipping-taxable","25":"purchasable","26":"product-type-simple"},"acf":[],"_links":{"self":[{"href":"https:\/\/casaporciatti.it\/shop\/wp-json\/wp\/v2\/product\/4752","targetHints":{"allow":["GET"]}}],"collection":[{"href":"https:\/\/casaporciatti.it\/shop\/wp-json\/wp\/v2\/product"}],"about":[{"href":"https:\/\/casaporciatti.it\/shop\/wp-json\/wp\/v2\/types\/product"}],"wp:featuredmedia":[{"embeddable":true,"href":"https:\/\/casaporciatti.it\/shop\/wp-json\/wp\/v2\/media\/4753"}],"wp:attachment":[{"href":"https:\/\/casaporciatti.it\/shop\/wp-json\/wp\/v2\/media?parent=4752"}],"wp:term":[{"taxonomy":"product_brand","embeddable":true,"href":"https:\/\/casaporciatti.it\/shop\/wp-json\/wp\/v2\/product_brand?post=4752"},{"taxonomy":"product_cat","embeddable":true,"href":"https:\/\/casaporciatti.it\/shop\/wp-json\/wp\/v2\/product_cat?post=4752"},{"taxonomy":"product_tag","embeddable":true,"href":"https:\/\/casaporciatti.it\/shop\/wp-json\/wp\/v2\/product_tag?post=4752"}],"curies":[{"name":"wp","href":"https:\/\/api.w.org\/{rel}","templated":true}]}}