{"id":4729,"date":"2023-02-14T17:20:33","date_gmt":"2023-02-14T16:20:33","guid":{"rendered":"https:\/\/casaporciatti.it\/shop\/prodotto\/brancaia-chianti-classico-riserva-2019\/"},"modified":"2024-11-30T07:28:32","modified_gmt":"2024-11-30T06:28:32","slug":"brancaia-chianti-classico-riserva-2021","status":"publish","type":"product","link":"https:\/\/casaporciatti.it\/shop\/prodotto\/brancaia-chianti-classico-riserva-2021\/","title":{"rendered":"BRANCAIA Chianti Classico Riserva 2021"},"content":{"rendered":"<p><strong>Il Brancaia Chianti Classico Riserva 2021<\/strong>\u00a0\u00e8 un bellissimo vino che fa un ottimo lavoro nel mettere insieme i tanti e vari componenti di ci\u00f2 che rende grande un Chianti Classico in un&#8217;unica bottiglia. Il vino \u00e8 equilibrato e intenso con un bouquet che inizia con frutta nera per poi sfumare in un continuum di spezie, cuoio, catrame e terra. In bocca \u00e8 strutturato, fresco e goloso. Il blend \u00e8 80% Sangiovese e 20% Merlot.<\/p>\n<p>La storia di <strong>Brancaia<\/strong> \u00e8 relativamente recente. Risale ai primi anni ottanta quando la coppia svizzera\u00a0Brigitte e Bruno Widmer s&#8217;innamorarono delle colline del Chianti e decisero di acquistare un podere abbandonato poco fuori<strong> Castellina in Chianti: Brancaia.<\/strong><\/p>\n<p>Il successo dei vini di questa tenuta fu pressoch\u00e9 immediato e da qui la necessit\u00e0 di investire nella vicina <strong>Radda in Chianti<\/strong>, in localit\u00e0 Poppi e successivamente anche in Maremma non lontano dalla costa toscana.<\/p>\n<p>La passione dei signori Widmer si trasmise ben presto anche alla loro figlia Barbara la quale dopo gli studi di enologia segue e dirige personalmente l&#8217;azienda.<\/p>\n<p>L&#8217;identit\u00e0 dei vini di Brancaia \u00e8 ben precisa. I suoi fan la apprezzano per il frutto ben maturo e la pulizia dei profumi, la delicatezza del sorso, sempre presente nei sui vini pi\u00f9 semplici e la struttura importante nei sui vini pi\u00f9 ambiziosi.<\/p>\n","protected":false},"excerpt":{"rendered":"<p>Il Brancaia Chianti Classico Riserva 2021\u00a0\u00e8 un bellissimo vino che fa un ottimo lavoro nel mettere insieme i tanti e [&hellip;]<\/p>\n","protected":false},"featured_media":4730,"template":"","meta":[],"product_brand":[],"product_cat":[16,17],"product_tag":[48,37,25,21],"class_list":{"0":"post-4729","1":"product","2":"type-product","3":"status-publish","4":"has-post-thumbnail","6":"product_cat-bere","7":"product_cat-vini-rossi","8":"product_tag-brancaia","9":"product_tag-chianti-classico-riserva","10":"product_tag-in-promozione","11":"product_tag-vini-di-radda","12":"pa_categorie-speciali-vini-di-radda","13":"pa_chianti-classico-vini-di-radda-in-chianti","14":"pa_produttore-brancaia","16":"first","17":"instock","18":"shipping-taxable","19":"purchasable","20":"product-type-simple"},"acf":[],"_links":{"self":[{"href":"https:\/\/casaporciatti.it\/shop\/wp-json\/wp\/v2\/product\/4729","targetHints":{"allow":["GET"]}}],"collection":[{"href":"https:\/\/casaporciatti.it\/shop\/wp-json\/wp\/v2\/product"}],"about":[{"href":"https:\/\/casaporciatti.it\/shop\/wp-json\/wp\/v2\/types\/product"}],"wp:featuredmedia":[{"embeddable":true,"href":"https:\/\/casaporciatti.it\/shop\/wp-json\/wp\/v2\/media\/4730"}],"wp:attachment":[{"href":"https:\/\/casaporciatti.it\/shop\/wp-json\/wp\/v2\/media?parent=4729"}],"wp:term":[{"taxonomy":"product_brand","embeddable":true,"href":"https:\/\/casaporciatti.it\/shop\/wp-json\/wp\/v2\/product_brand?post=4729"},{"taxonomy":"product_cat","embeddable":true,"href":"https:\/\/casaporciatti.it\/shop\/wp-json\/wp\/v2\/product_cat?post=4729"},{"taxonomy":"product_tag","embeddable":true,"href":"https:\/\/casaporciatti.it\/shop\/wp-json\/wp\/v2\/product_tag?post=4729"}],"curies":[{"name":"wp","href":"https:\/\/api.w.org\/{rel}","templated":true}]}}