{"id":4705,"date":"2023-02-14T17:20:33","date_gmt":"2023-02-14T16:20:33","guid":{"rendered":"https:\/\/casaporciatti.it\/shop\/prodotto\/il-barlettaio-chianti-classico-2018\/"},"modified":"2025-02-26T15:50:40","modified_gmt":"2025-02-26T14:50:40","slug":"il-barlettaio-chianti-classico-2020","status":"publish","type":"product","link":"https:\/\/casaporciatti.it\/shop\/prodotto\/il-barlettaio-chianti-classico-2020\/","title":{"rendered":"IL BARLETTAIO Chianti Classico 2020"},"content":{"rendered":"<p>Il Barlettaio <strong>Chianti Classico 2020 <\/strong>ha un frutto accattivante. Presenta un bouquet pieno di esuberanti aromi di frutta con amarena, mora e rosa rossa in primo piano.\u00a0 Buona intensit\u00e0 e elevata soglia di piacere. Ha anche un approccio naturalmente informale, ed \u00e8 questo che lo rende cos\u00ec facile da abbinare. Se hai nostalgia del Sangiovese classico, questo \u00e8 il tuo vino.<\/p>\n<p>Il Barlettaio di\u00a0<strong>Radda in Chianti<\/strong>, \u00e8 una piccola azienda a conduzione familiare le cui vigne si trovano proprio fuori il borgo. Il volto dietro il\u00a0<strong>Barlettaio<\/strong>\u00a0\u00e8 quello di Francesco Bertozzi che in questa attivit\u00e0 ha riversato tutta la sua passione per il Chianti Classico.<\/p>\n<p class=\"p1\">Le vigne sono a circa 500 metri slm, e danno vita a vini freschi e particolarmente vivaci, e con profumi fini di grande complessit\u00e0. Tutto ci\u00f2 contribuisce alla naturale longevit\u00e0 di questi vini.<br \/>\nI terreni della zona sono essenzialmente macigno toscano, alberese e galestro, cio\u00e8 arenarie, argille e calcari che donano ai vini una struttura tannica molto elegante e un\u2019accattivante sapidit\u00e0 gustativa che ne allunga moltissimo la persistenza in bocca.<\/p>\n<p>Il Barlettaio lavora in biologico. I vini non sono mai banali, ma di carattere e fedeli interpreti del territorio raddese<\/p>\n<p>&nbsp;<\/p>\n","protected":false},"excerpt":{"rendered":"<p>Il Barlettaio Chianti Classico 2020 ha un frutto accattivante. Presenta un bouquet pieno di esuberanti aromi di frutta con amarena, [&hellip;]<\/p>\n","protected":false},"featured_media":4706,"template":"","meta":[],"product_brand":[],"product_cat":[16,17],"product_tag":[18,39,31,28,21,22],"class_list":{"0":"post-4705","1":"product","2":"type-product","3":"status-publish","4":"has-post-thumbnail","6":"product_cat-bere","7":"product_cat-vini-rossi","8":"product_tag-chianti-classico","9":"product_tag-il-barlettaio","10":"product_tag-portami-in-chianti","11":"product_tag-produttore-artigianale","12":"product_tag-vini-di-radda","13":"product_tag-vino-biologico","14":"pa_categorie-speciali-portami-in-chianti","15":"pa_categorie-speciali-vini-di-radda","16":"pa_categorie-speciali-vino-biologico","17":"pa_chianti-classico-vini-di-radda-in-chianti","18":"pa_etichette-porciatti-produttori-artigianali","19":"pa_etichette-porciatti-vino-biologico","20":"pa_produttore-il-barlettaio","22":"first","23":"instock","24":"shipping-taxable","25":"purchasable","26":"product-type-simple"},"acf":[],"_links":{"self":[{"href":"https:\/\/casaporciatti.it\/shop\/wp-json\/wp\/v2\/product\/4705","targetHints":{"allow":["GET"]}}],"collection":[{"href":"https:\/\/casaporciatti.it\/shop\/wp-json\/wp\/v2\/product"}],"about":[{"href":"https:\/\/casaporciatti.it\/shop\/wp-json\/wp\/v2\/types\/product"}],"wp:featuredmedia":[{"embeddable":true,"href":"https:\/\/casaporciatti.it\/shop\/wp-json\/wp\/v2\/media\/4706"}],"wp:attachment":[{"href":"https:\/\/casaporciatti.it\/shop\/wp-json\/wp\/v2\/media?parent=4705"}],"wp:term":[{"taxonomy":"product_brand","embeddable":true,"href":"https:\/\/casaporciatti.it\/shop\/wp-json\/wp\/v2\/product_brand?post=4705"},{"taxonomy":"product_cat","embeddable":true,"href":"https:\/\/casaporciatti.it\/shop\/wp-json\/wp\/v2\/product_cat?post=4705"},{"taxonomy":"product_tag","embeddable":true,"href":"https:\/\/casaporciatti.it\/shop\/wp-json\/wp\/v2\/product_tag?post=4705"}],"curies":[{"name":"wp","href":"https:\/\/api.w.org\/{rel}","templated":true}]}}