{"id":4680,"date":"2023-02-14T17:20:33","date_gmt":"2023-02-14T16:20:33","guid":{"rendered":"https:\/\/casaporciatti.it\/shop\/prodotto\/barone-ricasoli-brolio-chianti-classico-2020\/"},"modified":"2026-03-11T15:13:10","modified_gmt":"2026-03-11T14:13:10","slug":"barone-ricasoli-brolio-chianti-classico-2023","status":"publish","type":"product","link":"https:\/\/casaporciatti.it\/shop\/prodotto\/barone-ricasoli-brolio-chianti-classico-2023\/","title":{"rendered":"BARONE RICASOLI BROLIO Chianti Classico 2023"},"content":{"rendered":"<p>Il<strong> Barone Ricasoli Brolio Chianti Classico<\/strong>\u00a0\u00e8 fedele testimone della storia millenaria di questa tenuta. Frutti rossi, mineralit\u00e0 e freschezza. Un bell&#8217;esempio di Chianti Classico: succosi e godereccio<\/p>\n<p>Al centro della storia e dell&#8217;economia della regione Chianti fin dal 1141, la <strong>Barone Ricasoli<\/strong> con sede nel magnifico <strong>Castello di Brolio<\/strong>, \u00e8 una delle quattro pi\u00f9 antiche tenute vinicole del mondo.<\/p>\n<p>Uno degli antenati dell&#8217;attuale propriet\u00e0, <strong>Bettino Ricasoli<\/strong>,\u00a0 conosciuto anche come il Barone di Ferro, \u00e8 stato l&#8217;inventore dell&#8217;moderna ricetta del vino Chianti Classico a met\u00e0 del XIX secolo. Oggi la compagnia \u00e8 presieduta da Francesco Ricasoli, pronipote di Bettino.<\/p>\n<p>La tenuta, comprensiva del Castello, si estende per 1200 ettari di cui 230 a vigneto. Con questi numeri l&#8217;azienda di <strong>Gaiole in Chianti<\/strong> risulta essere la pi\u00f9 grande del comprensorio.<\/p>\n<pre id=\"tw-target-text\" class=\"tw-data-text tw-ta tw-text-small\"><\/pre>\n","protected":false},"excerpt":{"rendered":"<p>Il Barone Ricasoli Brolio Chianti Classico\u00a0\u00e8 fedele testimone della storia millenaria di questa tenuta. Frutti rossi, mineralit\u00e0 e freschezza. Un [&hellip;]<\/p>\n","protected":false},"featured_media":4681,"template":"","meta":[],"product_brand":[],"product_cat":[16,17],"product_tag":[24,18,25,26],"class_list":{"0":"post-4680","1":"product","2":"type-product","3":"status-publish","4":"has-post-thumbnail","6":"product_cat-bere","7":"product_cat-vini-rossi","8":"product_tag-barone-ricasoli","9":"product_tag-chianti-classico","10":"product_tag-in-promozione","11":"product_tag-vini-di-gaiole","12":"pa_categorie-speciali-in-promozione-ora","13":"pa_chianti-classico-vini-di-gaiole-in-chianti","14":"pa_produttore-barone-ricasoli","16":"first","17":"instock","18":"shipping-taxable","19":"purchasable","20":"product-type-simple"},"acf":[],"_links":{"self":[{"href":"https:\/\/casaporciatti.it\/shop\/wp-json\/wp\/v2\/product\/4680","targetHints":{"allow":["GET"]}}],"collection":[{"href":"https:\/\/casaporciatti.it\/shop\/wp-json\/wp\/v2\/product"}],"about":[{"href":"https:\/\/casaporciatti.it\/shop\/wp-json\/wp\/v2\/types\/product"}],"wp:featuredmedia":[{"embeddable":true,"href":"https:\/\/casaporciatti.it\/shop\/wp-json\/wp\/v2\/media\/4681"}],"wp:attachment":[{"href":"https:\/\/casaporciatti.it\/shop\/wp-json\/wp\/v2\/media?parent=4680"}],"wp:term":[{"taxonomy":"product_brand","embeddable":true,"href":"https:\/\/casaporciatti.it\/shop\/wp-json\/wp\/v2\/product_brand?post=4680"},{"taxonomy":"product_cat","embeddable":true,"href":"https:\/\/casaporciatti.it\/shop\/wp-json\/wp\/v2\/product_cat?post=4680"},{"taxonomy":"product_tag","embeddable":true,"href":"https:\/\/casaporciatti.it\/shop\/wp-json\/wp\/v2\/product_tag?post=4680"}],"curies":[{"name":"wp","href":"https:\/\/api.w.org\/{rel}","templated":true}]}}