{"id":240,"date":"2023-01-30T14:09:38","date_gmt":"2023-01-30T13:09:38","guid":{"rendered":"https:\/\/casaporciatti.it\/shop\/?post_type=product&#038;p=240"},"modified":"2025-06-07T11:35:17","modified_gmt":"2025-06-07T09:35:17","slug":"tenuta-san-guido-sassicaia-sassicaia-2022","status":"publish","type":"product","link":"https:\/\/casaporciatti.it\/shop\/prodotto\/tenuta-san-guido-sassicaia-sassicaia-2022\/","title":{"rendered":"TENUTA SAN GUIDO SASSICAIA Sassicaia 2022"},"content":{"rendered":"<p>Oggi la <strong>Tenuta San Guido<\/strong>\u00a0 non ha bisogno di presentazioni. Il <strong>Sassicaia 2016<\/strong>\u00a0\u00e8 stato nominato miglior vino al mondo dalla rivista <strong>Wine Spectator<\/strong>. Premio che non \u00e8 altro che una conferma per i tanti appassionati e collezionisti di tutto il mondo che ogni anno aspettano con trepidazione l&#8217;uscita della nuova annata di quello che \u00e8 ormai un mito della produzione enologica italiana.<\/p>\n<p>I creatori del <strong>Sassicaia<\/strong> sono Mario Incisa della Rocchetta e il figlio Nicol\u00f2 insieme all&#8217;enologo Giacomo Tachis, i quali intravidero nel microclima di <strong>Bolgheri<\/strong> un futuro enologico inimmaginabile negli anni 70.<\/p>\n<p class=\"p1\">Tenuta San Guido \u00e8 composta da 4.500 ettari, di cui 180 ettari coltivati divisi in 8 diverse parcelle. Il metodo di potatura\u00a0 \u00e8 il cordone speronato e le rese sono mantenute molto basse.<\/p>\n<p class=\"p1\">I due vigneti principali sono Castiglioncello e Sassicaia, che sono stati piantati tra il 1965 e il 1985 in fasi successive insieme al pacco a Aia Nuova. Un vigneto pi\u00f9 recente, chiamato Quercione, \u00e8 stato piantato da talee del vigneto Sassicaia nel 1989 e 1990 ed \u00e8 situato su una cresta sassosa sopra la cantina.<\/p>\n<p>&nbsp;<\/p>\n<p>&nbsp;<\/p>\n","protected":false},"excerpt":{"rendered":"<p>Oggi la Tenuta San Guido\u00a0 non ha bisogno di presentazioni. Il Sassicaia 2016\u00a0\u00e8 stato nominato miglior vino al mondo dalla [&hellip;]<\/p>\n","protected":false},"featured_media":657,"template":"","meta":[],"product_brand":[],"product_cat":[16,17],"product_tag":[98,102,99],"class_list":{"0":"post-240","1":"product","2":"type-product","3":"status-publish","4":"has-post-thumbnail","6":"product_cat-bere","7":"product_cat-vini-rossi","8":"product_tag-bolgheri","9":"product_tag-sassicaia","10":"product_tag-tenuta-san-guido","11":"pa_categorie-speciali-vini-premiati","12":"pa_etichette-porciatti-vino-pluripremiato","13":"pa_produttore-tenuta-san-guido","15":"first","16":"instock","17":"shipping-taxable","18":"purchasable","19":"product-type-simple"},"acf":[],"_links":{"self":[{"href":"https:\/\/casaporciatti.it\/shop\/wp-json\/wp\/v2\/product\/240","targetHints":{"allow":["GET"]}}],"collection":[{"href":"https:\/\/casaporciatti.it\/shop\/wp-json\/wp\/v2\/product"}],"about":[{"href":"https:\/\/casaporciatti.it\/shop\/wp-json\/wp\/v2\/types\/product"}],"wp:featuredmedia":[{"embeddable":true,"href":"https:\/\/casaporciatti.it\/shop\/wp-json\/wp\/v2\/media\/657"}],"wp:attachment":[{"href":"https:\/\/casaporciatti.it\/shop\/wp-json\/wp\/v2\/media?parent=240"}],"wp:term":[{"taxonomy":"product_brand","embeddable":true,"href":"https:\/\/casaporciatti.it\/shop\/wp-json\/wp\/v2\/product_brand?post=240"},{"taxonomy":"product_cat","embeddable":true,"href":"https:\/\/casaporciatti.it\/shop\/wp-json\/wp\/v2\/product_cat?post=240"},{"taxonomy":"product_tag","embeddable":true,"href":"https:\/\/casaporciatti.it\/shop\/wp-json\/wp\/v2\/product_tag?post=240"}],"curies":[{"name":"wp","href":"https:\/\/api.w.org\/{rel}","templated":true}]}}