{"id":234,"date":"2023-01-30T14:09:36","date_gmt":"2023-01-30T13:09:36","guid":{"rendered":"https:\/\/casaporciatti.it\/shop\/?post_type=product&#038;p=234"},"modified":"2023-07-19T09:42:51","modified_gmt":"2023-07-19T07:42:51","slug":"podere-le-boncie-le-trame-2019","status":"publish","type":"product","link":"https:\/\/casaporciatti.it\/shop\/prodotto\/podere-le-boncie-le-trame-2019\/","title":{"rendered":"PODERE LE BONCIE LE TRAME  2019"},"content":{"rendered":"<p><strong>Podere Le Boncie Le Trame 2019\u00a0 di Giovanna Morganti<\/strong> \u00e8 la bellezza del Sangiovese\u00a0 che qui si rivela nella sua forma pi\u00f9 pura, libera dalla manipolazione del vino durante la vinificazione e l&#8217;elevazione e senza esposizione ai legni nuovi.<\/p>\n<p>Il vigneto si trova ad un&#8217;altitudine di 300-350 metri; l&#8217;et\u00e0 media della vite \u00e8 di 15 anni. Il carattere essenziale di questo vino pu\u00f2 essere meglio descritto come &#8220;ferocemente elegante&#8221;. Ma ci\u00f2 che sembra essere un ossimoro \u00e8, in realt\u00e0, la realt\u00e0. C&#8217;\u00e8 una grazia in questo vino, un equilibrio impeccabile, che cela l&#8217;intensa concentrazione riflessa nei suoi tannini vigorosi e maturi.<\/p>\n<p>Giovanna Morganti sta rapidamente diventando famosa tra la nuova generazione di viticoltori toscani. La sua piccola tenuta \u00e8 di soli tre ettari e il suo vino\u00a0 pi\u00f9 conosciuto si chiama &#8220;Le Trame&#8221; (gli intrighi) a significare gli scambi necessari per acquistare la terra.<\/p>\n<p>&nbsp;<\/p>\n","protected":false},"excerpt":{"rendered":"<p class=\"p1\">\u221a Vino naturale<\/p>\n<p class=\"p1\">\u221a Lieviti indigeni<\/p>\n<p class=\"p1\">\u221a No filtrazioni<\/p>\n<p class=\"p1\">\u221a No chiarifiche<\/p>\n","protected":false},"featured_media":691,"template":"","meta":[],"product_brand":[],"product_cat":[16,17],"product_tag":[112,191,28,20],"class_list":{"0":"post-234","1":"product","2":"type-product","3":"status-publish","4":"has-post-thumbnail","6":"product_cat-bere","7":"product_cat-vini-rossi","8":"product_tag-la-toscana-nascosta","9":"product_tag-podere-le-boncie","10":"product_tag-produttore-artigianale","11":"product_tag-vetrina","12":"pa_categorie-speciali-la-toscana-nascosta","13":"pa_chianti-classico-vini-di-castelnuovo-berardenga","14":"pa_etichette-porciatti-produttori-artigianali","15":"pa_produttore-podere-le-boncie","17":"first","18":"outofstock","19":"shipping-taxable","20":"purchasable","21":"product-type-simple"},"acf":[],"_links":{"self":[{"href":"https:\/\/casaporciatti.it\/shop\/wp-json\/wp\/v2\/product\/234","targetHints":{"allow":["GET"]}}],"collection":[{"href":"https:\/\/casaporciatti.it\/shop\/wp-json\/wp\/v2\/product"}],"about":[{"href":"https:\/\/casaporciatti.it\/shop\/wp-json\/wp\/v2\/types\/product"}],"wp:featuredmedia":[{"embeddable":true,"href":"https:\/\/casaporciatti.it\/shop\/wp-json\/wp\/v2\/media\/691"}],"wp:attachment":[{"href":"https:\/\/casaporciatti.it\/shop\/wp-json\/wp\/v2\/media?parent=234"}],"wp:term":[{"taxonomy":"product_brand","embeddable":true,"href":"https:\/\/casaporciatti.it\/shop\/wp-json\/wp\/v2\/product_brand?post=234"},{"taxonomy":"product_cat","embeddable":true,"href":"https:\/\/casaporciatti.it\/shop\/wp-json\/wp\/v2\/product_cat?post=234"},{"taxonomy":"product_tag","embeddable":true,"href":"https:\/\/casaporciatti.it\/shop\/wp-json\/wp\/v2\/product_tag?post=234"}],"curies":[{"name":"wp","href":"https:\/\/api.w.org\/{rel}","templated":true}]}}