{"id":13303,"date":"2026-03-09T18:30:50","date_gmt":"2026-03-09T17:30:50","guid":{"rendered":"https:\/\/casaporciatti.it\/shop\/?post_type=product&#038;p=13303"},"modified":"2026-03-09T18:34:56","modified_gmt":"2026-03-09T17:34:56","slug":"il-castellaccio-chianti-classico-lama-dellaraldo-2024","status":"publish","type":"product","link":"https:\/\/casaporciatti.it\/shop\/prodotto\/il-castellaccio-chianti-classico-lama-dellaraldo-2024\/","title":{"rendered":"IL CASTELLACCIO Chianti Classico Lama dell&#8217;Araldo 2024"},"content":{"rendered":"<p data-path-to-node=\"3\">Il Chianti Classico <b data-path-to-node=\"3\" data-index-in-node=\"20\">Lama dell&#8217;Araldo 2024<\/b> \u00e8 un Cru prodotto in sole <b data-path-to-node=\"3\" data-index-in-node=\"68\">600 bottiglie<\/b> che incarna il volto pi\u00f9 solare ed energetico del versante Sud-Ovest di <b data-path-to-node=\"3\" data-index-in-node=\"154\">Lamole<\/b>. In questa zona, il maggior irraggiamento solare permette al Sangiovese di raggiungere una maturit\u00e0 pi\u00f9 piena e una struttura pi\u00f9 importante, pur mantenendo la freschezza tipica dei vigneti situati a <b data-path-to-node=\"3\" data-index-in-node=\"361\">600 metri di altitudine<\/b>.<\/p>\n<p data-path-to-node=\"4\">Prodotto con uve 100% Sangiovese, il vino svolge fermentazioni spontanee con interventi minimi per preservare la purezza del frutto. L&#8217;affinamento avviene in <b data-path-to-node=\"4\" data-index-in-node=\"158\">tonneaux a grana fine<\/b>, una scelta che contribuisce a creare una trama setosa e avvolgente, capace di bilanciare perfettamente la materia e l&#8217;eleganza del sorso.<\/p>\n<p data-path-to-node=\"5\">Con un grado alcolico del 12% vol, la &#8220;Lama dell&#8217;Araldo&#8221; si distingue per essere un vino dinamico e vibrante. Al palato, la spiccata spina dorsale acida sostiene un corpo morbido e rotondo, raccontando con precisione la geodiversit\u00e0 di Lamole. \u00c8 un&#8217;espressione eterea ma strutturata, che riflette la visione aziendale di <b data-path-to-node=\"5\" data-index-in-node=\"321\">Davide Bottai<\/b> volta a valorizzare i singoli micro-terroir delle vigne d&#8217;altura.<\/p>\n<h3 data-path-to-node=\"9\"><\/h3>\n<p>&nbsp;<\/p>\n<p>&nbsp;<\/p>\n<p>&nbsp;<\/p>\n","protected":false},"excerpt":{"rendered":"<p>Il Chianti Classico Lama dell&#8217;Araldo 2024 \u00e8 un Cru prodotto in sole 600 bottiglie che incarna il volto pi\u00f9 solare [&hellip;]<\/p>\n","protected":false},"featured_media":13305,"template":"","meta":[],"product_brand":[],"product_cat":[16,17],"product_tag":[2765,2632],"class_list":{"0":"post-13303","1":"product","2":"type-product","3":"status-publish","4":"has-post-thumbnail","6":"product_cat-bere","7":"product_cat-vini-rossi","8":"product_tag-il-castellaccio","9":"product_tag-vini-di-lamole","10":"pa_categorie-speciali-portami-in-chianti","11":"pa_chianti-classico-vini-di-lamole","12":"pa_etichette-porciatti-consigliato-da-riccardo","13":"pa_etichette-porciatti-produttori-artigianali","14":"pa_produttore-il-castellaccio","16":"first","17":"instock","18":"shipping-taxable","19":"purchasable","20":"product-type-simple"},"acf":[],"_links":{"self":[{"href":"https:\/\/casaporciatti.it\/shop\/wp-json\/wp\/v2\/product\/13303","targetHints":{"allow":["GET"]}}],"collection":[{"href":"https:\/\/casaporciatti.it\/shop\/wp-json\/wp\/v2\/product"}],"about":[{"href":"https:\/\/casaporciatti.it\/shop\/wp-json\/wp\/v2\/types\/product"}],"wp:featuredmedia":[{"embeddable":true,"href":"https:\/\/casaporciatti.it\/shop\/wp-json\/wp\/v2\/media\/13305"}],"wp:attachment":[{"href":"https:\/\/casaporciatti.it\/shop\/wp-json\/wp\/v2\/media?parent=13303"}],"wp:term":[{"taxonomy":"product_brand","embeddable":true,"href":"https:\/\/casaporciatti.it\/shop\/wp-json\/wp\/v2\/product_brand?post=13303"},{"taxonomy":"product_cat","embeddable":true,"href":"https:\/\/casaporciatti.it\/shop\/wp-json\/wp\/v2\/product_cat?post=13303"},{"taxonomy":"product_tag","embeddable":true,"href":"https:\/\/casaporciatti.it\/shop\/wp-json\/wp\/v2\/product_tag?post=13303"}],"curies":[{"name":"wp","href":"https:\/\/api.w.org\/{rel}","templated":true}]}}