{"id":13215,"date":"2026-01-15T05:14:30","date_gmt":"2026-01-15T04:14:30","guid":{"rendered":"https:\/\/casaporciatti.it\/shop\/?post_type=product&#038;p=13215"},"modified":"2026-01-26T15:13:04","modified_gmt":"2026-01-26T14:13:04","slug":"giacomo-conterno-barbera-dalba-vigna-francia-2023","status":"publish","type":"product","link":"https:\/\/casaporciatti.it\/shop\/prodotto\/giacomo-conterno-barbera-dalba-vigna-francia-2023\/","title":{"rendered":"GIACOMO CONTERNO Barbera d&#8217;Alba Vigna Francia 2023"},"content":{"rendered":"<p>La <strong>Barbera Vigna Francia<\/strong> di <strong>Giacomo Conterno<\/strong> proviene dal Cru Cascina Francia a Serralunga d&#8217;Alba. Il vigneto posa su un suolo calcareo e ha orientamento ovest &#8211; sud-ovet. La resa della Barbera \u00e8 molto bassa: 30-35 hl per ettaro. La vinificazione \u00e8 tradizionale, 2-3 settimane in tini di legno con regolare rottura del cappello. Affinamento per due anni in botte grande<\/p>\n<p class=\"p1\"><strong>Cantine Giacomo Conterno<\/strong> \u00e8 uno dei pi\u00f9 grandi nomi di tutto il Piemonte. La tenuta fu fondata nel 1908 quando il padre di Giacomo, Giovanni Conterno, avvi\u00f2 un&#8217;osteria nel paese di San Giuseppe. Giovanni faceva Barolo da uve acquistate e vendeva quello che non era necessario per l&#8217;osteria, come era consuetudine in tutta la regione all&#8217;inizio del XX secolo. La\u00a0 Riserva Barolo Monfortino,\u00a0 fu imbottigliata per la prima volta nel 1920 prodotto da Giovanni e suo figlio\u00a0 Giacomo al ritorno dalla guerra. Il mito inizi\u00f2 cos\u00ec.<\/p>\n","protected":false},"excerpt":{"rendered":"<p>La Barbera Vigna Francia di Giacomo Conterno proviene dal Cru Cascina Francia a Serralunga d&#8217;Alba. Il vigneto posa su un [&hellip;]<\/p>\n","protected":false},"featured_media":5366,"template":"","meta":[],"product_brand":[],"product_cat":[16,17],"product_tag":[161,162],"class_list":{"0":"post-13215","1":"product","2":"type-product","3":"status-publish","4":"has-post-thumbnail","6":"product_cat-bere","7":"product_cat-vini-rossi","8":"product_tag-barbera-dalba","9":"product_tag-giacomo-conterno","10":"pa_produttore-giacomo-conterno","12":"first","13":"instock","14":"shipping-taxable","15":"purchasable","16":"product-type-simple"},"acf":[],"_links":{"self":[{"href":"https:\/\/casaporciatti.it\/shop\/wp-json\/wp\/v2\/product\/13215","targetHints":{"allow":["GET"]}}],"collection":[{"href":"https:\/\/casaporciatti.it\/shop\/wp-json\/wp\/v2\/product"}],"about":[{"href":"https:\/\/casaporciatti.it\/shop\/wp-json\/wp\/v2\/types\/product"}],"wp:featuredmedia":[{"embeddable":true,"href":"https:\/\/casaporciatti.it\/shop\/wp-json\/wp\/v2\/media\/5366"}],"wp:attachment":[{"href":"https:\/\/casaporciatti.it\/shop\/wp-json\/wp\/v2\/media?parent=13215"}],"wp:term":[{"taxonomy":"product_brand","embeddable":true,"href":"https:\/\/casaporciatti.it\/shop\/wp-json\/wp\/v2\/product_brand?post=13215"},{"taxonomy":"product_cat","embeddable":true,"href":"https:\/\/casaporciatti.it\/shop\/wp-json\/wp\/v2\/product_cat?post=13215"},{"taxonomy":"product_tag","embeddable":true,"href":"https:\/\/casaporciatti.it\/shop\/wp-json\/wp\/v2\/product_tag?post=13215"}],"curies":[{"name":"wp","href":"https:\/\/api.w.org\/{rel}","templated":true}]}}