{"id":13078,"date":"2025-10-28T15:01:26","date_gmt":"2025-10-28T14:01:26","guid":{"rendered":"https:\/\/casaporciatti.it\/shop\/?post_type=product&#038;p=13078"},"modified":"2026-03-08T16:47:26","modified_gmt":"2026-03-08T15:47:26","slug":"cascina-fontana-barolo-del-comune-di-castiglione-falletto-2021","status":"publish","type":"product","link":"https:\/\/casaporciatti.it\/shop\/prodotto\/cascina-fontana-barolo-del-comune-di-castiglione-falletto-2021\/","title":{"rendered":"CASCINA FONTANA Barolo del Comune di Castiglione Falletto 2021"},"content":{"rendered":"<p>Il Cascina Fontana Barolo del Comune di Castiglione Falletto \u00e8 un omaggio alla memoria della famiglia Fontana.<\/p>\n<p>Questo vino incarna la passione trasmessa da generazioni, risalendo ai giorni in cui il giovane erede della famiglia, ispirato dalle storie dei contadini locali, abbandon\u00f2 la scuola a soli 17 anni per unirsi al lavoro dei suoi genitori e del nonno Saverio. Attratto dal mondo del vino sin dalla giovinezza, si immerse nelle attivit\u00e0 della cantina, nei vigneti e nelle conversazioni con i contadini che condividevano le loro vite vissute con umilt\u00e0 ma arricchite da una profonda connessione con la terra.<\/p>\n<p>Questi momenti di scambio e apprendimento gli permisero di sviluppare un amore autentico e incondizionato per la terra di Castiglione Falletto, che continua a riflettersi in ogni sorso di questo pregiato Barolo.<\/p>\n<p>Mario e Luisa Fontana fondano Cascina Fontana nel 1995 con quattro ettari ereditati dalla famiglia di Mario. Poich\u00e9 Mario \u00e8 un enologo di sesta generazione, la decisione di continuare a produrre vini del luogo \u00e8 stata facile. Cascina Fontana si trova a Monforte d&#8217;Alba in Perno, con vigneti situati a Castiglione Falletto, La Morra e Sinio. Mario e Luisa si dedicano alle uve classiche della regione: Nebbiolo, Dolcetto e Barbera.<\/p>\n<p>L&#8217;approccio di Mario alla vinificazione e alla viticoltura sono tradizionali e tramandate da suo nonno. In primo luogo, si assicura che la frutta venga sempre raccolta a temperature fresche e sempre a mano. Le uve determinano la durata della fermentazione e quindi della maturazione. Il Dolcetto sosta in acciaio per la maturazione, mentre Barbera e Nebbiolo riposano in abbinamenti di botti grandi e barrique da 225 litri per un anno. Il Nebbiolo passa per due anni al rovere di Slavonia e trascorre un terzo anno in cemento. Tutti i vini trascorrono un minimo di sei mesi in bottiglia prima di essere immessi sul mercato, non chiarificati e non filtrati.<\/p>\n","protected":false},"excerpt":{"rendered":"<p>Il Cascina Fontana Barolo del Comune di Castiglione Falletto \u00e8 un omaggio alla memoria della famiglia Fontana. Questo vino incarna [&hellip;]<\/p>\n","protected":false},"featured_media":12089,"template":"","meta":[],"product_brand":[],"product_cat":[16,17],"product_tag":[150,423,34],"class_list":{"0":"post-13078","1":"product","2":"type-product","3":"status-publish","4":"has-post-thumbnail","6":"product_cat-bere","7":"product_cat-vini-rossi","8":"product_tag-barolo","9":"product_tag-cascina-fontana","10":"product_tag-scelto-da-riccardo","11":"pa_etichette-porciatti-consigliato-da-riccardo","12":"pa_produttore-cascina-fontana","14":"first","15":"instock","16":"shipping-taxable","17":"purchasable","18":"product-type-simple"},"acf":[],"_links":{"self":[{"href":"https:\/\/casaporciatti.it\/shop\/wp-json\/wp\/v2\/product\/13078","targetHints":{"allow":["GET"]}}],"collection":[{"href":"https:\/\/casaporciatti.it\/shop\/wp-json\/wp\/v2\/product"}],"about":[{"href":"https:\/\/casaporciatti.it\/shop\/wp-json\/wp\/v2\/types\/product"}],"wp:featuredmedia":[{"embeddable":true,"href":"https:\/\/casaporciatti.it\/shop\/wp-json\/wp\/v2\/media\/12089"}],"wp:attachment":[{"href":"https:\/\/casaporciatti.it\/shop\/wp-json\/wp\/v2\/media?parent=13078"}],"wp:term":[{"taxonomy":"product_brand","embeddable":true,"href":"https:\/\/casaporciatti.it\/shop\/wp-json\/wp\/v2\/product_brand?post=13078"},{"taxonomy":"product_cat","embeddable":true,"href":"https:\/\/casaporciatti.it\/shop\/wp-json\/wp\/v2\/product_cat?post=13078"},{"taxonomy":"product_tag","embeddable":true,"href":"https:\/\/casaporciatti.it\/shop\/wp-json\/wp\/v2\/product_tag?post=13078"}],"curies":[{"name":"wp","href":"https:\/\/api.w.org\/{rel}","templated":true}]}}