{"id":13067,"date":"2023-02-15T12:00:53","date_gmt":"2023-02-15T11:00:53","guid":{"rendered":"https:\/\/casaporciatti.it\/shop\/prodotto\/pasticceria-bonci-il-panbriacone-750g\/"},"modified":"2025-12-22T12:12:55","modified_gmt":"2025-12-22T11:12:55","slug":"pasticceria-bonci-il-panbriacone-850g","status":"publish","type":"product","link":"https:\/\/casaporciatti.it\/shop\/prodotto\/pasticceria-bonci-il-panbriacone-850g\/","title":{"rendered":"PASTICCERIA BONCI Il PANBRIACONE 850g"},"content":{"rendered":"<h3>Il Panbriacone della Pasticceria Bonci<\/h3>\n<p>\u00e8 il dolce giusto per entrare nello spirito delle feste. Il Panbriacone \u00e8 un panettone artigianale a lievitazione naturale. Il ripieno di uvetta vine poi cosparso di vino passito. Il risultato \u00e8 una combinazione unica e ricercata: soffice nella consistenza, dolce nel sapore e \u201cforte\u201d di gusto grazie alla sua anima liquorosa<\/p>\n<p>Fondata a Montevarchi in provincia di Arezzo nel 1953 dai fratelli Giuseppe e Gino, oggi la Pasticceria Bonci \u00e8 un punto di riferimento in Toscana per la produzione dei dolci della tradizione con un tocco innovativo.<\/p>\n","protected":false},"excerpt":{"rendered":"<p>Il Panbriacone della Pasticceria Bonci \u00e8 il dolce giusto per entrare nello spirito delle feste. Il Panbriacone \u00e8 un panettone [&hellip;]<\/p>\n","protected":false},"featured_media":5966,"template":"","meta":[],"product_brand":[],"product_cat":[2763,216,103],"product_tag":[218,220,221],"class_list":{"0":"post-13067","1":"product","2":"type-product","3":"status-publish","4":"has-post-thumbnail","6":"product_cat-sweets","7":"product_cat-idee-regalo","8":"product_cat-mangiare","9":"product_tag-idee-regalo","10":"product_tag-panbriacone","11":"product_tag-pasticceria-bonci","12":"pa_categorie-speciali-idee-regalo","14":"first","15":"instock","16":"shipping-taxable","17":"purchasable","18":"product-type-simple"},"acf":[],"_links":{"self":[{"href":"https:\/\/casaporciatti.it\/shop\/wp-json\/wp\/v2\/product\/13067","targetHints":{"allow":["GET"]}}],"collection":[{"href":"https:\/\/casaporciatti.it\/shop\/wp-json\/wp\/v2\/product"}],"about":[{"href":"https:\/\/casaporciatti.it\/shop\/wp-json\/wp\/v2\/types\/product"}],"wp:featuredmedia":[{"embeddable":true,"href":"https:\/\/casaporciatti.it\/shop\/wp-json\/wp\/v2\/media\/5966"}],"wp:attachment":[{"href":"https:\/\/casaporciatti.it\/shop\/wp-json\/wp\/v2\/media?parent=13067"}],"wp:term":[{"taxonomy":"product_brand","embeddable":true,"href":"https:\/\/casaporciatti.it\/shop\/wp-json\/wp\/v2\/product_brand?post=13067"},{"taxonomy":"product_cat","embeddable":true,"href":"https:\/\/casaporciatti.it\/shop\/wp-json\/wp\/v2\/product_cat?post=13067"},{"taxonomy":"product_tag","embeddable":true,"href":"https:\/\/casaporciatti.it\/shop\/wp-json\/wp\/v2\/product_tag?post=13067"}],"curies":[{"name":"wp","href":"https:\/\/api.w.org\/{rel}","templated":true}]}}