{"id":12966,"date":"2025-07-27T10:49:50","date_gmt":"2025-07-27T08:49:50","guid":{"rendered":"https:\/\/casaporciatti.it\/shop\/?post_type=product&#038;p=12966"},"modified":"2025-12-03T21:25:50","modified_gmt":"2025-12-03T20:25:50","slug":"villa-calcinaia-chianti-classico-2022","status":"publish","type":"product","link":"https:\/\/casaporciatti.it\/shop\/prodotto\/villa-calcinaia-chianti-classico-2022\/","title":{"rendered":"VILLA CALCINAIA Chianti Classico 2022"},"content":{"rendered":"<p>Il Villa Calcinaia Chianti Classico di\u00a0 si distingue per un profilo che unisce classicit\u00e0 e profondit\u00e0. Al naso si apre con note di ciliegia matura, violetta, erbe mediterranee e lievi accenti di spezie dolci. Al sorso \u00e8 energico e armonico: l&#8217;acidit\u00e0 vivace sostiene un corpo snello ma stratificato, mentre i tannini \u2013 eleganti e ben integrati \u2013 accompagnano un finale lungo, minerale e saporito. \u00c8 un Sangiovese dalla personalit\u00e0 nitida, capace di coniugare bevibilit\u00e0 e carattere territoriale.<\/p>\n<p>Il vino nasce a <strong>Montefioralle<\/strong>, una delle UGA (Unit\u00e0 Geografiche Aggiuntive) pi\u00f9 rappresentative del Chianti Classico. Qui i vigneti si adagiano tra i 300 e i 500 metri s.l.m., su pendii ben esposti e ventilati. Suoli <strong data-start=\"106\" data-end=\"126\">calcareo-marnosi<\/strong> con una significativa presenza di <strong data-start=\"159\" data-end=\"171\">alberese<\/strong>\u00a0\u2013 una roccia calcarea che garantisce ottimo drenaggio \u2013 e in parte da <strong>pietraforte<\/strong>, un\u2019arenaria che dona struttura. Questo mosaico geologico, unito all\u2019altitudine e alle forti escursioni termiche, regala vini sottili, eleganti, dalla freschezza viva e dalla trama tannica fine. Il carattere minerale e la purezza aromatica che ne derivano rappresentano una delle firme pi\u00f9 riconoscibili del terroir di Montefioralle.<\/p>\n<p>Villa Calcinaia \u00e8 una storica tenuta situata nel comune di Greve in Chianti, di propriet\u00e0 della famiglia Capponi sin dal 1524. I vigneti sono coltivati nel pieno rispetto dell\u2019ambiente, con approccio biologico e metodi tradizionali. La filosofia dell\u2019azienda privilegia l\u2019espressione autentica del Sangiovese e del suo territorio, attraverso vinificazioni poco interventiste e lunghi affinamenti. I vini di Calcinaia riflettono un legame profondo con la storia e l\u2019identit\u00e0 del Chianti Classico, mantenendo sempre uno sguardo attento alla precisione e all\u2019eleganza.<\/p>\n","protected":false},"excerpt":{"rendered":"<p>Il Villa Calcinaia Chianti Classico di\u00a0 si distingue per un profilo che unisce classicit\u00e0 e profondit\u00e0. Al naso si apre [&hellip;]<\/p>\n","protected":false},"featured_media":12968,"template":"","meta":[],"product_brand":[],"product_cat":[16,23,17,35],"product_tag":[18,2755,2756],"class_list":{"0":"post-12966","1":"product","2":"type-product","3":"status-publish","4":"has-post-thumbnail","6":"product_cat-bere","7":"product_cat-vini-in-promozione","8":"product_cat-vini-rossi","9":"product_cat-in-evidenza","10":"product_tag-chianti-classico","11":"product_tag-villa-calcinaia","12":"product_tag-vini-di-montefioralle","13":"pa_chianti-classico-vini-di-montefioralle","14":"pa_produttore-villa-calcinaia","16":"first","17":"instock","18":"shipping-taxable","19":"purchasable","20":"product-type-simple"},"acf":[],"_links":{"self":[{"href":"https:\/\/casaporciatti.it\/shop\/wp-json\/wp\/v2\/product\/12966","targetHints":{"allow":["GET"]}}],"collection":[{"href":"https:\/\/casaporciatti.it\/shop\/wp-json\/wp\/v2\/product"}],"about":[{"href":"https:\/\/casaporciatti.it\/shop\/wp-json\/wp\/v2\/types\/product"}],"wp:featuredmedia":[{"embeddable":true,"href":"https:\/\/casaporciatti.it\/shop\/wp-json\/wp\/v2\/media\/12968"}],"wp:attachment":[{"href":"https:\/\/casaporciatti.it\/shop\/wp-json\/wp\/v2\/media?parent=12966"}],"wp:term":[{"taxonomy":"product_brand","embeddable":true,"href":"https:\/\/casaporciatti.it\/shop\/wp-json\/wp\/v2\/product_brand?post=12966"},{"taxonomy":"product_cat","embeddable":true,"href":"https:\/\/casaporciatti.it\/shop\/wp-json\/wp\/v2\/product_cat?post=12966"},{"taxonomy":"product_tag","embeddable":true,"href":"https:\/\/casaporciatti.it\/shop\/wp-json\/wp\/v2\/product_tag?post=12966"}],"curies":[{"name":"wp","href":"https:\/\/api.w.org\/{rel}","templated":true}]}}