{"id":12876,"date":"2025-05-11T06:46:51","date_gmt":"2025-05-11T04:46:51","guid":{"rendered":"https:\/\/casaporciatti.it\/shop\/?post_type=product&#038;p=12876"},"modified":"2026-04-11T18:32:25","modified_gmt":"2026-04-11T16:32:25","slug":"produttori-del-barbaresco-barbaresco-2021","status":"publish","type":"product","link":"https:\/\/casaporciatti.it\/shop\/prodotto\/produttori-del-barbaresco-barbaresco-2021\/","title":{"rendered":"PRODUTTORI DEL BARBARESCO Barbaresco 2021"},"content":{"rendered":"<div id=\"model-response-message-contentr_ed8b5326ceec6ebf\" class=\"markdown markdown-main-panel stronger enable-updated-hr-color\" dir=\"ltr\">\n<p data-sourcepos=\"7:1-7:446\">Il Barbaresco DOCG 2021 dei Produttori del Barbaresco si presenta con un elegante colore rosso granato, preludio a un profilo olfattivo di notevole intensit\u00e0 e complessit\u00e0. Al naso si distinguono delicate nuances floreali di rosa e viola, armoniosamente integrate a sentori di piccoli frutti rossi maturi, quali ciliegia e lampone, arricchite da sottili sfumature di spezie dolci e una precisa mineralit\u00e0 che ne sottolinea l&#8217;origine territoriale.<\/p>\n<p data-sourcepos=\"9:1-9:476\">Al palato rivela una struttura equilibrata e raffinata. La trama tannica, gi\u00e0 ben integrata, conferisce una piacevole setosit\u00e0, mentre una vivace acidit\u00e0 ne esalta la freschezza e la persistenza gustativa. Il finale si caratterizza per una lunga eco di frutta matura e lievi note balsamiche, invitando a una degustazione ulteriore. Questo Barbaresco 2021 possiede un notevole potenziale evolutivo in bottiglia, promettendo di esprimere pienamente la sua complessit\u00e0 nel tempo.<\/p>\n<p data-sourcepos=\"11:1-11:68\"><strong>Produttori del Barbaresco: un modello di cooperazione e qualit\u00e0.<\/strong><\/p>\n<p data-sourcepos=\"13:1-13:461\">La storia dei Produttori del Barbaresco affonda le sue radici nel 1894, grazie alla lungimiranza di Domizio Cavazza, preside della Regia Scuola Enologica di Alba, che riconobbe il valore intrinseco delle uve Nebbiolo coltivate nel comprensorio di Barbaresco. Egli promosse l&#8217;unione di nove viticoltori con l&#8217;obiettivo di vinificare congiuntamente le proprie uve, dando vita a una delle prime e pi\u00f9 significative esperienze di cooperativismo enologico in Italia.<\/p>\n<p data-sourcepos=\"15:1-15:508\">Oggi, i Produttori del Barbaresco rappresentano una realt\u00e0 cooperativa consolidata e stimata, che associa circa cinquanta aziende vitivinicole, proprietarie di alcuni dei cru pi\u00f9 vocati della denominazione. La filosofia aziendale \u00e8 da sempre orientata al rispetto della tradizione e alla valorizzazione del terroir. Ogni fase del processo produttivo, dalla gestione dei vigneti alla vinificazione, \u00e8 condotta con rigore e attenzione, al fine di preservare l&#8217;autenticit\u00e0 e le peculiarit\u00e0 del vitigno Nebbiolo.<\/p>\n<p data-sourcepos=\"17:1-17:549\">La cantina adotta un approccio enologico rigoroso, caratterizzato da macerazioni prolungate e affinamento in botti di rovere di grandi dimensioni, favorendo lo sviluppo di vini di grande eleganza, longevit\u00e0 e profonda espressione territoriale. I Produttori del Barbaresco incarnano un modello di impegno collettivo e di dedizione alla produzione di vini che narrano la storia di un territorio e della sua comunit\u00e0.<\/p>\n<\/div>\n","protected":false},"excerpt":{"rendered":"<p>Il Barbaresco DOCG 2021 dei Produttori del Barbaresco si presenta con un elegante colore rosso granato, preludio a un profilo [&hellip;]<\/p>\n","protected":false},"featured_media":12878,"template":"","meta":[],"product_brand":[],"product_cat":[16,17],"product_tag":[155,2753],"class_list":{"0":"post-12876","1":"product","2":"type-product","3":"status-publish","4":"has-post-thumbnail","6":"product_cat-bere","7":"product_cat-vini-rossi","8":"product_tag-barbaresco","9":"product_tag-produttori-del-barbaresco","10":"pa_produttore-produttori-del-barbaresco","12":"first","13":"outofstock","14":"shipping-taxable","15":"purchasable","16":"product-type-simple"},"acf":[],"_links":{"self":[{"href":"https:\/\/casaporciatti.it\/shop\/wp-json\/wp\/v2\/product\/12876","targetHints":{"allow":["GET"]}}],"collection":[{"href":"https:\/\/casaporciatti.it\/shop\/wp-json\/wp\/v2\/product"}],"about":[{"href":"https:\/\/casaporciatti.it\/shop\/wp-json\/wp\/v2\/types\/product"}],"wp:featuredmedia":[{"embeddable":true,"href":"https:\/\/casaporciatti.it\/shop\/wp-json\/wp\/v2\/media\/12878"}],"wp:attachment":[{"href":"https:\/\/casaporciatti.it\/shop\/wp-json\/wp\/v2\/media?parent=12876"}],"wp:term":[{"taxonomy":"product_brand","embeddable":true,"href":"https:\/\/casaporciatti.it\/shop\/wp-json\/wp\/v2\/product_brand?post=12876"},{"taxonomy":"product_cat","embeddable":true,"href":"https:\/\/casaporciatti.it\/shop\/wp-json\/wp\/v2\/product_cat?post=12876"},{"taxonomy":"product_tag","embeddable":true,"href":"https:\/\/casaporciatti.it\/shop\/wp-json\/wp\/v2\/product_tag?post=12876"}],"curies":[{"name":"wp","href":"https:\/\/api.w.org\/{rel}","templated":true}]}}