{"id":12571,"date":"2024-12-29T05:22:59","date_gmt":"2024-12-29T04:22:59","guid":{"rendered":"https:\/\/casaporciatti.it\/shop\/?post_type=product&#038;p=12571"},"modified":"2025-10-13T11:13:56","modified_gmt":"2025-10-13T09:13:56","slug":"la-calcinara-clochard-2023","status":"publish","type":"product","link":"https:\/\/casaporciatti.it\/shop\/prodotto\/la-calcinara-clochard-2023\/","title":{"rendered":"LA CALCINARA Clochard 2023"},"content":{"rendered":"<p class=\"p1\">Il <b>Clochard 2023<\/b> della <b>Fattoria La Calcinara<\/b> \u00e8 un vino bianco delle Marche che esprime l\u2019essenza del territorio del Conero. Prodotto principalmente da uve Verdicchio (90%), con un tocco di Chardonnay e Malvasia (10%), questo vino riflette la passione e la dedizione della famiglia Berluti nella valorizzazione dei vitigni autoctoni.<\/p>\n<p class=\"p1\">I vigneti, situati a Candia, in provincia di Ancona, si trovano a un\u2019altitudine di 200 metri sul livello del mare, con esposizione a ovest. I terreni sono composti da marne, banchi calcarenitici e arenarie, con una tessitura argilloso-sabbiosa ricca di calcare e fossili marini, conferendo al vino una spiccata mineralit\u00e0.<\/p>\n<p class=\"p1\">La vendemmia avviene manualmente: lo Chardonnay viene raccolto nell\u2019ultima decade di agosto, mentre il Verdicchio e la Malvasia nella seconda decade di settembre. La vinificazione prevede una macerazione sulle bucce per lo Chardonnay, seguita da fermentazione spontanea con lieviti indigeni a temperatura controllata. L\u2019assemblaggio dei vini avviene a dicembre, con un affinamento sulle fecce fini per sei mesi, e l\u2019imbottigliamento ad aprile previa leggera solfitazione.<\/p>\n<p class=\"p1\">Alla vista, il Clochard 2013 si presenta di un brillante giallo paglierino. Al naso, offre un bouquet complesso con note floreali e sentori minerali. Al palato, \u00e8 pieno e fragrante, con un\u2019ottima sapidit\u00e0 e mineralit\u00e0 derivante dal calcare del suolo del Conero. La persistenza \u00e8 notevole, con una verticalit\u00e0 tipica del Verdicchio, armonizzata dalla morbidezza dello Chardonnay.<\/p>\n<p class=\"p1\">Con una gradazione alcolica del 13%, il Clochard 2023 \u00e8 ideale in abbinamento con antipasti di pesce, ostriche, crudit\u00e0, primi piatti di pesce e preparazioni semplici come il branzino al sale. Si accompagna bene anche a piatti come la cacio e pepe, risultando un vino versatile, adatto dall\u2019aperitivo fino a un pasto completo in riva al mare.<\/p>\n<p class=\"p1\">La <b>Fattoria La Calcinara<\/b>, situata nel cuore delle Marche, \u00e8 gestita dai fratelli Paolo ed Eleonora Berluti, che con passione e rispetto per la tradizione producono vini autentici, espressione del territorio del Conero.<\/p>\n<p>&nbsp;<\/p>\n","protected":false},"excerpt":{"rendered":"<p>Il Clochard 2023 della Fattoria La Calcinara \u00e8 un vino bianco delle Marche che esprime l\u2019essenza del territorio del Conero. [&hellip;]<\/p>\n","protected":false},"featured_media":12573,"template":"","meta":[],"product_brand":[],"product_cat":[16,182],"product_tag":[2734,28,84,22],"class_list":{"0":"post-12571","1":"product","2":"type-product","3":"status-publish","4":"has-post-thumbnail","6":"product_cat-bere","7":"product_cat-vini-bianchi","8":"product_tag-la-calacinara","9":"product_tag-produttore-artigianale","10":"product_tag-vini-per-lestate","11":"product_tag-vino-biologico","12":"pa_categorie-speciali-vini-per-lestate","13":"pa_categorie-speciali-vino-biologico","14":"pa_etichette-porciatti-produttori-artigianali","15":"pa_etichette-porciatti-vino-biologico","16":"pa_produttore-la-calcinara","18":"first","19":"instock","20":"shipping-taxable","21":"purchasable","22":"product-type-simple"},"acf":[],"_links":{"self":[{"href":"https:\/\/casaporciatti.it\/shop\/wp-json\/wp\/v2\/product\/12571","targetHints":{"allow":["GET"]}}],"collection":[{"href":"https:\/\/casaporciatti.it\/shop\/wp-json\/wp\/v2\/product"}],"about":[{"href":"https:\/\/casaporciatti.it\/shop\/wp-json\/wp\/v2\/types\/product"}],"wp:featuredmedia":[{"embeddable":true,"href":"https:\/\/casaporciatti.it\/shop\/wp-json\/wp\/v2\/media\/12573"}],"wp:attachment":[{"href":"https:\/\/casaporciatti.it\/shop\/wp-json\/wp\/v2\/media?parent=12571"}],"wp:term":[{"taxonomy":"product_brand","embeddable":true,"href":"https:\/\/casaporciatti.it\/shop\/wp-json\/wp\/v2\/product_brand?post=12571"},{"taxonomy":"product_cat","embeddable":true,"href":"https:\/\/casaporciatti.it\/shop\/wp-json\/wp\/v2\/product_cat?post=12571"},{"taxonomy":"product_tag","embeddable":true,"href":"https:\/\/casaporciatti.it\/shop\/wp-json\/wp\/v2\/product_tag?post=12571"}],"curies":[{"name":"wp","href":"https:\/\/api.w.org\/{rel}","templated":true}]}}