{"id":12565,"date":"2024-12-29T05:04:05","date_gmt":"2024-12-29T04:04:05","guid":{"rendered":"https:\/\/casaporciatti.it\/shop\/?post_type=product&#038;p=12565"},"modified":"2026-03-12T11:38:43","modified_gmt":"2026-03-12T10:38:43","slug":"selvapiana-vigneto-erchi-chianti-rufina-riserva-2019","status":"publish","type":"product","link":"https:\/\/casaporciatti.it\/shop\/prodotto\/selvapiana-vigneto-erchi-chianti-rufina-riserva-2019\/","title":{"rendered":"SELVAPIANA VIGNETO ERCHI Chianti Rufina Riserva 2019"},"content":{"rendered":"<p class=\"p1\">Il <b>Chianti R\u00f9fina Riserva \u201cVigneto Erchi\u201d 2019<\/b> della <b>Fattoria Selvapiana<\/b> rappresenta una delle espressioni pi\u00f9 raffinate del Sangiovese proveniente dalla zona di R\u00f9fina. Questo vino \u00e8 ottenuto esclusivamente da uve Sangiovese coltivate nel vigneto Erchi, situato nel comune di Pontassieve, a un\u2019altitudine compresa tra 150 e 200 metri sul livello del mare. Il vigneto, acquisito nel 1998 e piantato nel 1999, si estende su sei ettari ed \u00e8 caratterizzato da suoli calcarei ricchi di ferro, che conferiscono al vino una struttura minerale distintiva.<\/p>\n<p class=\"p1\">La vendemmia 2019 ha beneficiato di condizioni climatiche ideali, permettendo una maturazione ottimale delle uve. La vinificazione prevede una fermentazione spontanea con lieviti indigeni in vasche di acciaio a temperatura controllata, seguita da una macerazione di circa 35 giorni. Il vino matura poi per 18 mesi in botti di rovere francese, affinando ulteriormente in bottiglia prima della commercializzazione.<\/p>\n<p class=\"p1\">Alla vista, il \u201cVigneto Erchi\u201d 2019 si presenta di un intenso rosso rubino. Al naso, offre eleganti aromi di frutti rossi maturi, note floreali di rosa e sfumature di erbe aromatiche. In bocca, il vino mostra un perfetto equilibrio tra tannini ben integrati e una vivace acidit\u00e0, con una persistenza avvolgente che riflette la tipicit\u00e0 del Sangiovese di alta quota.<\/p>\n<p class=\"p1\">Con un grado alcolico del 14%, questo Chianti R\u00f9fina Riserva \u00e8 ideale in abbinamento a piatti ricchi, arrosti di carne e formaggi stagionati. Si consiglia di servirlo a una temperatura di 16-18 \u00b0C per apprezzarne appieno le qualit\u00e0 organolettiche.<\/p>\n<p class=\"p1\">La <b>Fattoria Selvapiana<\/b>, fondata nel 1827 e di propriet\u00e0 della famiglia Giuntini, \u00e8 rinomata per la produzione di vini che esprimono l\u2019essenza del Chianti R\u00f9fina, combinando tradizione e innovazione nel rispetto del territorio.<\/p>\n","protected":false},"excerpt":{"rendered":"<p>Il Chianti R\u00f9fina Riserva \u201cVigneto Erchi\u201d 2019 della Fattoria Selvapiana rappresenta una delle espressioni pi\u00f9 raffinate del Sangiovese proveniente dalla [&hellip;]<\/p>\n","protected":false},"featured_media":12569,"template":"","meta":[],"product_brand":[],"product_cat":[16,17],"product_tag":[335,336],"class_list":{"0":"post-12565","1":"product","2":"type-product","3":"status-publish","4":"has-post-thumbnail","6":"product_cat-bere","7":"product_cat-vini-rossi","8":"product_tag-chianti-rufina","9":"product_tag-selvapiana","10":"pa_produttore-selvapiana","12":"first","13":"instock","14":"shipping-taxable","15":"purchasable","16":"product-type-simple"},"acf":[],"_links":{"self":[{"href":"https:\/\/casaporciatti.it\/shop\/wp-json\/wp\/v2\/product\/12565","targetHints":{"allow":["GET"]}}],"collection":[{"href":"https:\/\/casaporciatti.it\/shop\/wp-json\/wp\/v2\/product"}],"about":[{"href":"https:\/\/casaporciatti.it\/shop\/wp-json\/wp\/v2\/types\/product"}],"wp:featuredmedia":[{"embeddable":true,"href":"https:\/\/casaporciatti.it\/shop\/wp-json\/wp\/v2\/media\/12569"}],"wp:attachment":[{"href":"https:\/\/casaporciatti.it\/shop\/wp-json\/wp\/v2\/media?parent=12565"}],"wp:term":[{"taxonomy":"product_brand","embeddable":true,"href":"https:\/\/casaporciatti.it\/shop\/wp-json\/wp\/v2\/product_brand?post=12565"},{"taxonomy":"product_cat","embeddable":true,"href":"https:\/\/casaporciatti.it\/shop\/wp-json\/wp\/v2\/product_cat?post=12565"},{"taxonomy":"product_tag","embeddable":true,"href":"https:\/\/casaporciatti.it\/shop\/wp-json\/wp\/v2\/product_tag?post=12565"}],"curies":[{"name":"wp","href":"https:\/\/api.w.org\/{rel}","templated":true}]}}