{"id":12556,"date":"2024-12-23T05:35:03","date_gmt":"2024-12-23T04:35:03","guid":{"rendered":"https:\/\/casaporciatti.it\/shop\/?post_type=product&#038;p=12556"},"modified":"2025-12-05T17:25:41","modified_gmt":"2025-12-05T16:25:41","slug":"cascina-penna-currado-dolcetto-dalba-bricco-lago-2024","status":"publish","type":"product","link":"https:\/\/casaporciatti.it\/shop\/prodotto\/cascina-penna-currado-dolcetto-dalba-bricco-lago-2024\/","title":{"rendered":"CASCINA PENNA CURRADO Dolcetto d&#8217;Alba BRICCO LAGO 2024"},"content":{"rendered":"<p>Cascina Penna Currado Dolcetto d&#8217;Alba &#8220;Bricco Lago&#8221; \u00e8 uno dei vini di punta della cantina. Le uve provengono da vigneti situati a Monforte d&#8217;Alba, in una zona caratterizzata da una notevole biodiversit\u00e0 naturale. La vinificazione avviene in grappolo intero, seguita da un affinamento in acciaio inox, per preservare la fragranza e la freschezza tipiche del vitigno.<\/p>\n<p>Cascina Penna Currado \u00e8 una cantina situata a Serralunga d&#8217;Alba, nel cuore delle Langhe piemontesi. Fondata da Elena Penna e Luca Currado Vietti, insieme ai figli Giulia e Michele, rappresenta un ritorno alle origini per la famiglia, dopo l&#8217;esperienza pluridecennale alla guida della storica azienda Vietti. La sede della cantina \u00e8 una cascina del 1554, un tempo conosciuta come Cascina Lazzarito, appartenuta ai Marchesi Falletti, che \u00e8 stata accuratamente restaurata per ospitare la nuova attivit\u00e0 vitivinicola.<\/p>\n<p>Questo Dolcetto si presenta con un colore rubino brillante e offre al naso aromi fruttati e speziati, con note di frutti di bosco croccanti e fiori canditi. Al palato \u00e8 vivace e croccante, con tannini maturi e una piacevole acidit\u00e0 naturale, che lo rendono un accompagnamento ideale per piatti di pasta, carni rosse e formaggi stagionati.<\/p>\n","protected":false},"excerpt":{"rendered":"<p>Cascina Penna Currado Dolcetto d&#8217;Alba &#8220;Bricco Lago&#8221; \u00e8 uno dei vini di punta della cantina. Le uve provengono da vigneti [&hellip;]<\/p>\n","protected":false},"featured_media":12558,"template":"","meta":[],"product_brand":[],"product_cat":[16,17],"product_tag":[2727,188],"class_list":{"0":"post-12556","1":"product","2":"type-product","3":"status-publish","4":"has-post-thumbnail","6":"product_cat-bere","7":"product_cat-vini-rossi","8":"product_tag-cascina-penna-currado","9":"product_tag-dolcetto-dalba","10":"pa_produttore-cascina-penna-currado","12":"first","13":"instock","14":"shipping-taxable","15":"purchasable","16":"product-type-simple"},"acf":[],"_links":{"self":[{"href":"https:\/\/casaporciatti.it\/shop\/wp-json\/wp\/v2\/product\/12556","targetHints":{"allow":["GET"]}}],"collection":[{"href":"https:\/\/casaporciatti.it\/shop\/wp-json\/wp\/v2\/product"}],"about":[{"href":"https:\/\/casaporciatti.it\/shop\/wp-json\/wp\/v2\/types\/product"}],"wp:featuredmedia":[{"embeddable":true,"href":"https:\/\/casaporciatti.it\/shop\/wp-json\/wp\/v2\/media\/12558"}],"wp:attachment":[{"href":"https:\/\/casaporciatti.it\/shop\/wp-json\/wp\/v2\/media?parent=12556"}],"wp:term":[{"taxonomy":"product_brand","embeddable":true,"href":"https:\/\/casaporciatti.it\/shop\/wp-json\/wp\/v2\/product_brand?post=12556"},{"taxonomy":"product_cat","embeddable":true,"href":"https:\/\/casaporciatti.it\/shop\/wp-json\/wp\/v2\/product_cat?post=12556"},{"taxonomy":"product_tag","embeddable":true,"href":"https:\/\/casaporciatti.it\/shop\/wp-json\/wp\/v2\/product_tag?post=12556"}],"curies":[{"name":"wp","href":"https:\/\/api.w.org\/{rel}","templated":true}]}}