{"id":12431,"date":"2024-10-16T09:35:30","date_gmt":"2024-10-16T07:35:30","guid":{"rendered":"https:\/\/casaporciatti.it\/shop\/?post_type=product&#038;p=12431"},"modified":"2025-12-05T11:16:14","modified_gmt":"2025-12-05T10:16:14","slug":"giacomo-conterno-barolo-francia-2020","status":"publish","type":"product","link":"https:\/\/casaporciatti.it\/shop\/prodotto\/giacomo-conterno-barolo-francia-2020\/","title":{"rendered":"GIACOMO CONTERNO Barolo Francia 2020"},"content":{"rendered":"<p><strong>Giacomo Conterno Barolo Francia<\/strong> <strong>\u00a02020 <\/strong>parla a bassa voce, sussurrando promesse di profondit\u00e0 e complessit\u00e0. Il vino si dispiega lentamente, rivelando nuovi elementi ad ogni giro nel bicchiere. Il bouquet trasuda eleganza e complessit\u00e0 che lo accompagneranno nel tempo.<\/p>\n<p class=\"p1\"><strong>Giacomo Conterno Barolo Francia<\/strong><strong>\u00a02020<\/strong>\u00a0evidenzia tutte le immense potenzialit\u00e0\u00a0 dell&#8217;uva nebbiolo: minerale, floreali con petali di rosa e viola schiacciati, erbe fresche, terra riscaldata dal sole e tartufo. Energico eppure vellutato,\u00a0 \u00e8 uno straordinario Barolo di Serralunga d&#8217;Alba che premier\u00e0 i palati amanti delle Langhe e della tradizione langarola. Precedentemente chiamato &#8220;Cascina Francia&#8221;, il Barolo Francia \u00e8 vinificato in modo classico con lieviti naturali, fermentazione a temperatura controllata e una lunga macerazione di 3-4 settimane; successivamente il vino matura in grandi botti di Slavonia e poi in bottiglia per un totale di quattro anni.<\/p>\n<p><strong>Cantine Giacomo Conterno<\/strong>\u00a0\u00e8 uno dei pi\u00f9 grandi nomi di tutto il Piemonte. La tenuta fu fondata nel 1908 quando il padre di Giacomo, Giovanni Conterno, avvi\u00f2 un\u2019osteria nel paese di San Giuseppe. Giovanni faceva Barolo da uve acquistate e vendeva quello che non era necessario per l\u2019osteria, come era consuetudine in tutta la regione all\u2019inizio del XX secolo. La\u00a0 Riserva Barolo Monfortino,\u00a0 fu imbottigliata per la prima volta nel 1920 prodotto da Giovanni e suo figlio\u00a0 Giacomo al ritorno dalla guerra. Il mito inizi\u00f2 cos\u00ec.<\/p>\n","protected":false},"excerpt":{"rendered":"<p>Giacomo Conterno Barolo Francia \u00a02020 parla a bassa voce, sussurrando promesse di profondit\u00e0 e complessit\u00e0. Il vino si dispiega lentamente, [&hellip;]<\/p>\n","protected":false},"featured_media":5369,"template":"","meta":[],"product_brand":[],"product_cat":[16,17],"product_tag":[150,162,91],"class_list":{"0":"post-12431","1":"product","2":"type-product","3":"status-publish","4":"has-post-thumbnail","6":"product_cat-bere","7":"product_cat-vini-rossi","8":"product_tag-barolo","9":"product_tag-giacomo-conterno","10":"product_tag-vini-pregiati-e-rari","11":"pa_categorie-speciali-vini-pregiati-e-rari","12":"pa_produttore-giacomo-conterno","14":"first","15":"instock","16":"shipping-taxable","17":"purchasable","18":"product-type-simple"},"acf":[],"_links":{"self":[{"href":"https:\/\/casaporciatti.it\/shop\/wp-json\/wp\/v2\/product\/12431","targetHints":{"allow":["GET"]}}],"collection":[{"href":"https:\/\/casaporciatti.it\/shop\/wp-json\/wp\/v2\/product"}],"about":[{"href":"https:\/\/casaporciatti.it\/shop\/wp-json\/wp\/v2\/types\/product"}],"wp:featuredmedia":[{"embeddable":true,"href":"https:\/\/casaporciatti.it\/shop\/wp-json\/wp\/v2\/media\/5369"}],"wp:attachment":[{"href":"https:\/\/casaporciatti.it\/shop\/wp-json\/wp\/v2\/media?parent=12431"}],"wp:term":[{"taxonomy":"product_brand","embeddable":true,"href":"https:\/\/casaporciatti.it\/shop\/wp-json\/wp\/v2\/product_brand?post=12431"},{"taxonomy":"product_cat","embeddable":true,"href":"https:\/\/casaporciatti.it\/shop\/wp-json\/wp\/v2\/product_cat?post=12431"},{"taxonomy":"product_tag","embeddable":true,"href":"https:\/\/casaporciatti.it\/shop\/wp-json\/wp\/v2\/product_tag?post=12431"}],"curies":[{"name":"wp","href":"https:\/\/api.w.org\/{rel}","templated":true}]}}