{"id":12372,"date":"2024-08-28T06:11:33","date_gmt":"2024-08-28T04:11:33","guid":{"rendered":"https:\/\/casaporciatti.it\/shop\/?post_type=product&#038;p=12372"},"modified":"2026-03-12T15:47:10","modified_gmt":"2026-03-12T14:47:10","slug":"jurij-fiore-e-figlia-sonocosi-chianti-classico-2023","status":"publish","type":"product","link":"https:\/\/casaporciatti.it\/shop\/prodotto\/jurij-fiore-e-figlia-sonocosi-chianti-classico-2023\/","title":{"rendered":"JURIJ FIORE E FIGLIA SONOCOSI Chianti Classico 2023"},"content":{"rendered":"<p>Jurij Fiore e Figlia Sonocos\u00ec Chianti Classico 2023 \u00e8 un vino che esprime l&#8217;essenza di Lamole, una piccola gemma nel cuore del Chianti. Questa zona \u00e8 rinomata per i suoi terreni ricchi di sabbie e scheletro, descritti da molti come &#8220;macigno&#8221;, e per la qualit\u00e0 delle sue uve, coltivate su terrazzamenti che raccontano secoli di tradizione vitivinicola.<\/p>\n<p>L&#8217;azienda di Jurij Fiore e sua figlia Sara, nonostante le sue dimensioni lillipuziane di meno di 2 ettari, rappresenta un punto di riferimento per chi cerca autenticit\u00e0 e qualit\u00e0. Qui vengono coltivate diverse variet\u00e0 di uva, con un&#8217;attenzione particolare al Sangiovese, affiancato da alcune variet\u00e0 a bacca bianca come il Trebbiano e il Vermentino. Alcune delle piante, allevate con il metodo tradizionale ad alberello, sono addirittura centenarie, il che conferisce al vino una complessit\u00e0 e una profondit\u00e0 uniche.<\/p>\n<p>La vinificazione del &#8220;Sonocos\u00ec&#8221; segue un percorso lineare e tipico, rispettando la naturalezza del frutto. Dopo la fermentazione in acciaio inox, che preserva la freschezza e l&#8217;autenticit\u00e0 del vino, il vino viene affinato in acciaio e per brevi periodi in legno, evitando lunghi contatti che potrebbero alterarne la tipicit\u00e0.<\/p>\n<p>Il risultato \u00e8 un vino dal colore rubino brillante, con un bouquet elegante di frutta rossa matura e lievi note speziate e floreali, caratteristiche del Sangiovese. Al palato, il &#8220;Sonocos\u00ec&#8221; si presenta strutturato e complesso, con tannini ben integrati e una vivace acidit\u00e0 che dona freschezza. Il finale \u00e8 lungo e minerale, riflettendo perfettamente il terreno unico di Lamole.<\/p>\n<p>&nbsp;<\/p>\n","protected":false},"excerpt":{"rendered":"<p>Jurij Fiore e Figlia Sonocos\u00ec Chianti Classico 2023 \u00e8 un vino che esprime l&#8217;essenza di Lamole, una piccola gemma nel [&hellip;]<\/p>\n","protected":false},"featured_media":12374,"template":"","meta":[],"product_brand":[],"product_cat":[16,17],"product_tag":[2704,2632],"class_list":{"0":"post-12372","1":"product","2":"type-product","3":"status-publish","4":"has-post-thumbnail","6":"product_cat-bere","7":"product_cat-vini-rossi","8":"product_tag-jurij-fiore-e-figlia","9":"product_tag-vini-di-lamole","10":"pa_categorie-speciali-portami-in-chianti","11":"pa_chianti-classico-vini-di-lamole","12":"pa_etichette-porciatti-consigliato-da-riccardo","13":"pa_etichette-porciatti-produttori-artigianali","14":"pa_produttore-jurij-fiore-e-figlia","16":"first","17":"instock","18":"shipping-taxable","19":"purchasable","20":"product-type-simple"},"acf":[],"_links":{"self":[{"href":"https:\/\/casaporciatti.it\/shop\/wp-json\/wp\/v2\/product\/12372","targetHints":{"allow":["GET"]}}],"collection":[{"href":"https:\/\/casaporciatti.it\/shop\/wp-json\/wp\/v2\/product"}],"about":[{"href":"https:\/\/casaporciatti.it\/shop\/wp-json\/wp\/v2\/types\/product"}],"wp:featuredmedia":[{"embeddable":true,"href":"https:\/\/casaporciatti.it\/shop\/wp-json\/wp\/v2\/media\/12374"}],"wp:attachment":[{"href":"https:\/\/casaporciatti.it\/shop\/wp-json\/wp\/v2\/media?parent=12372"}],"wp:term":[{"taxonomy":"product_brand","embeddable":true,"href":"https:\/\/casaporciatti.it\/shop\/wp-json\/wp\/v2\/product_brand?post=12372"},{"taxonomy":"product_cat","embeddable":true,"href":"https:\/\/casaporciatti.it\/shop\/wp-json\/wp\/v2\/product_cat?post=12372"},{"taxonomy":"product_tag","embeddable":true,"href":"https:\/\/casaporciatti.it\/shop\/wp-json\/wp\/v2\/product_tag?post=12372"}],"curies":[{"name":"wp","href":"https:\/\/api.w.org\/{rel}","templated":true}]}}