{"id":12367,"date":"2024-08-26T06:57:48","date_gmt":"2024-08-26T04:57:48","guid":{"rendered":"https:\/\/casaporciatti.it\/shop\/?post_type=product&#038;p=12367"},"modified":"2025-07-10T10:18:50","modified_gmt":"2025-07-10T08:18:50","slug":"lino-maga-montebuono-2019-pavia-rosso","status":"publish","type":"product","link":"https:\/\/casaporciatti.it\/shop\/prodotto\/lino-maga-montebuono-2019-pavia-rosso\/","title":{"rendered":"LINO MAGA MONTEBUONO 2019 Pavia Rosso"},"content":{"rendered":"<p>Il Montebuono 2019 di Lino Maga \u00e8 un vino che rappresenta l&#8217;altra faccia della produzione di questo iconico vignaiolo dell&#8217;Oltrep\u00f2 Pavese. Mentre il Barbacarlo \u00e8 il suo vino pi\u00f9 celebre, il Montebuono ne \u00e8 il perfetto complemento, esprimendo un&#8217;altra sfaccettatura del territorio di Broni.<\/p>\n<p>Lino Maga, classe 1931, \u00e8 una figura leggendaria nel panorama vitivinicolo italiano. La sua filosofia di produzione, basata sul massimo rispetto per la natura e le tradizioni, si riflette anche nel Montebuono. Questo vino prende il nome dalla vigna omonima, situata a poca distanza dal vigneto Barbacarlo, ma con caratteristiche pedoclimatiche leggermente diverse.<\/p>\n<p>Il vigneto Montebuono si trova a un&#8217;altitudine di circa 250 metri sul livello del mare, su pendii meno ripidi rispetto al Barbacarlo. Il terreno \u00e8 sempre caratterizzato dalla presenza di marna calcarea, ma con una componente argillosa pi\u00f9 significativa. Questa composizione del suolo, unita all&#8217;esposizione sud-ovest, conferisce al vino una personalit\u00e0 distintiva, con una struttura pi\u00f9 morbida e avvolgente rispetto al suo &#8220;fratello maggiore&#8221;.<\/p>\n<p>Il Montebuono 2019 \u00e8 un blend che rispecchia la tradizione dell&#8217;Oltrep\u00f2 Pavese, composto principalmente da Croatina (circa 70%), con l&#8217;aggiunta di Barbera (20%) e una piccola percentuale di Uva Rara e Ughetta. Le viti hanno un&#8217;et\u00e0 media di 40 anni e sono allevate a Guyot, con una densit\u00e0 di impianto di circa 4500 piante per ettaro. La resa \u00e8 mantenuta bassa, intorno ai 40-45 quintali per ettaro, per garantire la massima concentrazione delle uve.<\/p>\n<p>La vinificazione del Montebuono segue lo stesso approccio naturale e tradizionale del Barbacarlo. La vendemmia \u00e8 manuale, con selezione accurata dei grappoli. La fermentazione \u00e8 spontanea, condotta con lieviti indigeni in tini di legno aperti. Non vengono aggiunti solfiti e il vino non subisce chiarifiche o filtrazioni. L&#8217;affinamento avviene in botti di rovere di medie dimensioni per circa 18 mesi.<\/p>\n<p>Il Montebuono 2019 si presenta nel calice con un colore rubino intenso e brillante. Al naso, offre un bouquet complesso e affascinante, con note di frutti rossi maturi (ciliegia, mora), spezie dolci, un tocco balsamico e lievi sentori di cuoio e tabacco. Al palato, il vino si rivela ampio e avvolgente, con tannini setosi e ben integrati. La freschezza tipica dei vini di Maga \u00e8 presente, ma in modo pi\u00f9 contenuto rispetto al Barbacarlo, rendendo il Montebuono pi\u00f9 approcciale in giovent\u00f9.<\/p>\n<p>Questo vino incarna perfettamente la filosofia di Lino Maga: un&#8217;espressione autentica e sincera del territorio, prodotta con metodi ancestrali e senza compromessi. Il Montebuono 2019 \u00e8 un vino che pu\u00f2 essere apprezzato fin da subito, ma che ha anche un ottimo potenziale di invecchiamento, evolvendosi magnificamente per 10-15 anni dalla vendemmia.<\/p>\n<p>Il Montebuono rappresenta un&#8217;opportunit\u00e0 unica per gli appassionati di esplorare un&#8217;altra sfaccettatura del talento di Lino Maga e della ricchezza enologica dell&#8217;Oltrep\u00f2 Pavese.<\/p>\n<p>&nbsp;<\/p>\n<p>&nbsp;<\/p>\n","protected":false},"excerpt":{"rendered":"<p>Il Montebuono 2019 di Lino Maga \u00e8 un vino che rappresenta l&#8217;altra faccia della produzione di questo iconico vignaiolo dell&#8217;Oltrep\u00f2 [&hellip;]<\/p>\n","protected":false},"featured_media":12369,"template":"","meta":[],"product_brand":[],"product_cat":[16,17],"product_tag":[2699],"class_list":{"0":"post-12367","1":"product","2":"type-product","3":"status-publish","4":"has-post-thumbnail","6":"product_cat-bere","7":"product_cat-vini-rossi","8":"product_tag-lino-maga","9":"pa_produttore-lino-maga","11":"first","12":"instock","13":"shipping-taxable","14":"purchasable","15":"product-type-simple"},"acf":[],"_links":{"self":[{"href":"https:\/\/casaporciatti.it\/shop\/wp-json\/wp\/v2\/product\/12367","targetHints":{"allow":["GET"]}}],"collection":[{"href":"https:\/\/casaporciatti.it\/shop\/wp-json\/wp\/v2\/product"}],"about":[{"href":"https:\/\/casaporciatti.it\/shop\/wp-json\/wp\/v2\/types\/product"}],"wp:featuredmedia":[{"embeddable":true,"href":"https:\/\/casaporciatti.it\/shop\/wp-json\/wp\/v2\/media\/12369"}],"wp:attachment":[{"href":"https:\/\/casaporciatti.it\/shop\/wp-json\/wp\/v2\/media?parent=12367"}],"wp:term":[{"taxonomy":"product_brand","embeddable":true,"href":"https:\/\/casaporciatti.it\/shop\/wp-json\/wp\/v2\/product_brand?post=12367"},{"taxonomy":"product_cat","embeddable":true,"href":"https:\/\/casaporciatti.it\/shop\/wp-json\/wp\/v2\/product_cat?post=12367"},{"taxonomy":"product_tag","embeddable":true,"href":"https:\/\/casaporciatti.it\/shop\/wp-json\/wp\/v2\/product_tag?post=12367"}],"curies":[{"name":"wp","href":"https:\/\/api.w.org\/{rel}","templated":true}]}}