{"id":12363,"date":"2024-08-26T06:47:48","date_gmt":"2024-08-26T04:47:48","guid":{"rendered":"https:\/\/casaporciatti.it\/shop\/?post_type=product&#038;p=12363"},"modified":"2024-08-26T06:55:43","modified_gmt":"2024-08-26T04:55:43","slug":"lino-maga-barbacarlo-2021-pavia-rosso","status":"publish","type":"product","link":"https:\/\/casaporciatti.it\/shop\/prodotto\/lino-maga-barbacarlo-2021-pavia-rosso\/","title":{"rendered":"LINO MAGA BARBACARLO 2021 Pavia Rosso"},"content":{"rendered":"<p>Lino Maga Barbacarlo 2021 \u00e8 un vino leggendario che racconta la storia di un uomo e di una terra. Lino Maga, classe 1931, \u00e8 una figura iconica dell&#8217;Oltrep\u00f2 Pavese, un vignaiolo che ha dedicato la sua vita a un singolo vigneto di soli 4 ettari, situato sulle colline di Broni.<\/p>\n<p>La storia del Barbacarlo inizia nel lontano 1886, quando il bisnonno di Lino acquist\u00f2 questo appezzamento. Da allora, la famiglia Maga ha coltivato queste viti con dedizione e rispetto, tramandando di generazione in generazione tecniche e conoscenze. Lino, dal 1968, ha preso le redini dell&#8217;azienda, diventando il custode di questa tradizione e innovando nel solco della continuit\u00e0.<\/p>\n<p>Il terroir del Barbacarlo \u00e8 unico: il vigneto si trova a 300 metri sul livello del mare, su pendii ripidi che raggiungono anche il 70% di pendenza. Il suolo, ricco di marna calcarea e gesso, conferisce al vino una mineralit\u00e0 distintiva. L&#8217;esposizione a sud-est e il microclima particolare, con forti escursioni termiche tra giorno e notte, contribuiscono alla complessit\u00e0 aromatica delle uve.<\/p>\n<p>Il blend del Barbacarlo 2021 rispecchia la composizione storica del vigneto: principalmente Croatina (circa 85%), con aggiunte di Uva Rara e Ughetta. Le viti, alcune delle quali centenarie, sono allevate a Guyot con una densit\u00e0 di circa 5000 piante per ettaro. La resa \u00e8 mantenuta bassissima, raramente superiore ai 30 quintali per ettaro.<\/p>\n<p>La vinificazione segue metodi ancestrali: vendemmia manuale in cassette, pigiatura soffice e fermentazione spontanea con lieviti indigeni in tini di legno aperti. Non vengono aggiunti solfiti e il vino non subisce chiarifiche o filtrazioni. L&#8217;affinamento avviene in botti di rovere di varie dimensioni per circa 20 mesi.<\/p>\n<p>Il risultato \u00e8 un vino di straordinaria personalit\u00e0. Il Barbacarlo 2021 si presenta con un colore rubino profondo con riflessi granata. Al naso, offre un bouquet complesso di frutti rossi maturi, spezie, note balsamiche e sentori di sottobosco. In bocca, colpisce per la sua struttura possente ma equilibrata, con tannini vellutati, una freschezza vibrante e una persistenza lunghissima.<\/p>\n<p>Questo vino incarna la filosofia di Lino Maga: rispetto per la natura, pazienza e ricerca dell&#8217;autenticit\u00e0. Il Barbacarlo non \u00e8 solo un vino, ma un pezzo di storia dell&#8217;Oltrep\u00f2 Pavese, un&#8217;esperienza sensoriale che racconta di un territorio, di una famiglia e di una passione che dura da generazioni.<\/p>\n<p>&nbsp;<\/p>\n","protected":false},"excerpt":{"rendered":"<p>Lino Maga Barbacarlo 2021 \u00e8 un vino leggendario che racconta la storia di un uomo e di una terra. Lino [&hellip;]<\/p>\n","protected":false},"featured_media":12365,"template":"","meta":[],"product_brand":[],"product_cat":[16,17],"product_tag":[2699],"class_list":{"0":"post-12363","1":"product","2":"type-product","3":"status-publish","4":"has-post-thumbnail","6":"product_cat-bere","7":"product_cat-vini-rossi","8":"product_tag-lino-maga","9":"pa_produttore-lino-maga","11":"first","12":"instock","13":"shipping-taxable","14":"purchasable","15":"product-type-simple"},"acf":[],"_links":{"self":[{"href":"https:\/\/casaporciatti.it\/shop\/wp-json\/wp\/v2\/product\/12363","targetHints":{"allow":["GET"]}}],"collection":[{"href":"https:\/\/casaporciatti.it\/shop\/wp-json\/wp\/v2\/product"}],"about":[{"href":"https:\/\/casaporciatti.it\/shop\/wp-json\/wp\/v2\/types\/product"}],"wp:featuredmedia":[{"embeddable":true,"href":"https:\/\/casaporciatti.it\/shop\/wp-json\/wp\/v2\/media\/12365"}],"wp:attachment":[{"href":"https:\/\/casaporciatti.it\/shop\/wp-json\/wp\/v2\/media?parent=12363"}],"wp:term":[{"taxonomy":"product_brand","embeddable":true,"href":"https:\/\/casaporciatti.it\/shop\/wp-json\/wp\/v2\/product_brand?post=12363"},{"taxonomy":"product_cat","embeddable":true,"href":"https:\/\/casaporciatti.it\/shop\/wp-json\/wp\/v2\/product_cat?post=12363"},{"taxonomy":"product_tag","embeddable":true,"href":"https:\/\/casaporciatti.it\/shop\/wp-json\/wp\/v2\/product_tag?post=12363"}],"curies":[{"name":"wp","href":"https:\/\/api.w.org\/{rel}","templated":true}]}}