{"id":12351,"date":"2024-08-24T09:41:05","date_gmt":"2024-08-24T07:41:05","guid":{"rendered":"https:\/\/casaporciatti.it\/shop\/?post_type=product&#038;p=12351"},"modified":"2025-10-30T18:25:22","modified_gmt":"2025-10-30T17:25:22","slug":"arianna-occhipinti-grotte-alte-2019","status":"publish","type":"product","link":"https:\/\/casaporciatti.it\/shop\/prodotto\/arianna-occhipinti-grotte-alte-2019\/","title":{"rendered":"ARIANNA OCCHIPINTI Grotte Alte 2019"},"content":{"rendered":"<div class=\"content user-select-text\" aria-label=\"Inviato da Copilot: Certo! Ecco una scheda tecnica in prosa per il **Grotte Alte 2021** di Arianna Occhipinti, ideale per un e-commerce di vini:\n\n---\n\nIl **Grotte Alte 2021** di Arianna Occhipinti \u00e8 un vino rosso di grande eleganza e complessit\u00e0, espressione autentica del territorio siciliano. Questo vino \u00e8 classificato come **Cerasuolo di Vittoria DOCG Classico** e nasce da un blend di **50% Nero d\u2019Avola** e **50% Frappato di Vittoria**, coltivati con metodi biodinamici certificati biologici.\n\nLe viti crescono su terreni di media consistenza, composti da sabbie brune e roccia calcarea subappenninica, a un'altitudine di 280 metri sul livello del mare. Il sistema di allevamento utilizzato \u00e8 il Guyot e l'alberello, con una densit\u00e0 d'impianto di 6.000 ceppi per ettaro e un'et\u00e0 media delle piante di 40 anni.\n\nLa vendemmia avviene nella prima decade di ottobre. La vinificazione prevede una fermentazione spontanea con lieviti indigeni in vasche di cemento, seguita da una macerazione sulle bucce per 30 giorni. L'affinamento si svolge per 48 mesi in botti di rovere francese da 50 hl, con un ulteriore affinamento di 4 mesi in bottiglia.\n\nIl **Grotte Alte 2021** si presenta con un colore rosso rubino intenso. Al naso, sprigiona aromi complessi di frutta rossa matura, spezie mediterranee, erbe aromatiche e note minerali. In bocca, \u00e8 armonioso e strutturato, con una freschezza vibrante e un finale lungo e persistente che riflette la sapidit\u00e0 del mare e le escursioni termiche dei monti Iblei.\n\nQuesto vino rappresenta la sintesi perfetta della Sicilia, ideale per chi cerca un'esperienza sensoriale raffinata e autentica. Perfetto da abbinare a piatti di carne, formaggi stagionati e cucina mediterranea.\n\n---\n\nSe hai bisogno di ulteriori dettagli o modifiche, fammi sapere! \ud83c\udf77\n\n[^1^]: [Azienda Agricola Arianna Occhipinti](https:\/\/www.agricolaocchipinti.it\/vini\/vino-grotte-alte\/)\n[^2^]: [TripleA](https:\/\/www.triplea.it\/it\/vini\/arianna-occhipinti\/cerasuolo-di-vittoria-grotte-alte-1178.html)\"><\/p>\n<div class=\"ac-container ac-adaptiveCard has-image\">\n<div class=\"ac-textBlock\">\n<p><strong>Arianna Occhipinti Grotte Alte 2019<\/strong> \u00e8 un vino rosso di grande eleganza e complessit\u00e0, espressione autentica del territorio siciliano. Questo vino \u00e8 classificato come <strong>Cerasuolo di Vittoria DOCG Classico<\/strong> e nasce da un blend di <strong>50% Nero d\u2019Avola<\/strong> e <strong>50% Frappato di Vittoria<\/strong>, coltivati con metodi biodinamici certificati biologici.<\/p>\n<p>Le viti crescono su terreni di media consistenza, composti da sabbie brune e roccia calcarea subappenninica, a un\u2019altitudine di 280 metri sul livello del mare. Il sistema di allevamento utilizzato \u00e8 il Guyot e l\u2019alberello, con una densit\u00e0 d\u2019impianto di 6.000 ceppi per ettaro e un\u2019et\u00e0 media delle piante di 40 anni.<\/p>\n<p>La vendemmia avviene nella prima decade di ottobre. La vinificazione prevede una fermentazione spontanea con lieviti indigeni in vasche di cemento, seguita da una macerazione sulle bucce per 30 giorni. L\u2019affinamento si svolge per 48 mesi in botti di rovere francese da 50 hl, con un ulteriore affinamento di 4 mesi in bottiglia.<\/p>\n<p>Il <strong>Grotte Alte 2019<\/strong> si presenta con un colore rosso rubino intenso. Al naso, sprigiona aromi complessi di frutta rossa matura, spezie mediterranee, erbe aromatiche e note minerali. In bocca, \u00e8 armonioso e strutturato, con una freschezza vibrante e un finale lungo e persistente che riflette la sapidit\u00e0 del mare e le escursioni termiche dei monti Iblei.<\/p>\n<p>Questo vino rappresenta la sintesi perfetta della Sicilia, ideale per chi cerca un\u2019esperienza sensoriale raffinata e autentica. Perfetto da abbinare a piatti di carne, formaggi stagionati e cucina mediterranea.<\/p>\n<\/div>\n<\/div>\n<div class=\"ad-container\"><strong>Arianna Occhipinti<\/strong> \u00e8 una giovane vignaiola che ha lanciato la sua prima annata nel 2004 all&#8217;et\u00e0 di 21 anni. Figura di culto del movimento biodinamico, Arianna cura 14 ettari di uliveti e 5 ettari di vigneto nei terreni intorno a Vittoria, nella Sicilia sud-orientale.<\/div>\n<\/div>\n<p>Occhipinti ha costruito la sua reputazione sul Frappato, un&#8217;uva secondaria in Sicilia utilizzata di solito per ravvivare il pesante Nero D&#8217;Avola. Arianna, con tenacia e caparbiet\u00e0,\u00a0 ha dimostrato che il Frappato pu\u00f2 dare grande risultati anche in purezza.<\/p>\n","protected":false},"excerpt":{"rendered":"<p>Arianna Occhipinti Grotte Alte 2019 \u00e8 un vino rosso di grande eleganza e complessit\u00e0, espressione autentica del territorio siciliano. Questo [&hellip;]<\/p>\n","protected":false},"featured_media":12353,"template":"","meta":[],"product_brand":[],"product_cat":[16,17],"product_tag":[380,28,381,22],"class_list":{"0":"post-12351","1":"product","2":"type-product","3":"status-publish","4":"has-post-thumbnail","6":"product_cat-bere","7":"product_cat-vini-rossi","8":"product_tag-arianna-occhipinti","9":"product_tag-produttore-artigianale","10":"product_tag-sicilia","11":"product_tag-vino-biologico","12":"pa_categorie-speciali-vino-biologico","13":"pa_etichette-porciatti-produttori-artigianali","14":"pa_etichette-porciatti-vino-biodinamico","15":"pa_produttore-arianna-occhipinti","17":"first","18":"outofstock","19":"shipping-taxable","20":"purchasable","21":"product-type-simple"},"acf":[],"_links":{"self":[{"href":"https:\/\/casaporciatti.it\/shop\/wp-json\/wp\/v2\/product\/12351","targetHints":{"allow":["GET"]}}],"collection":[{"href":"https:\/\/casaporciatti.it\/shop\/wp-json\/wp\/v2\/product"}],"about":[{"href":"https:\/\/casaporciatti.it\/shop\/wp-json\/wp\/v2\/types\/product"}],"wp:featuredmedia":[{"embeddable":true,"href":"https:\/\/casaporciatti.it\/shop\/wp-json\/wp\/v2\/media\/12353"}],"wp:attachment":[{"href":"https:\/\/casaporciatti.it\/shop\/wp-json\/wp\/v2\/media?parent=12351"}],"wp:term":[{"taxonomy":"product_brand","embeddable":true,"href":"https:\/\/casaporciatti.it\/shop\/wp-json\/wp\/v2\/product_brand?post=12351"},{"taxonomy":"product_cat","embeddable":true,"href":"https:\/\/casaporciatti.it\/shop\/wp-json\/wp\/v2\/product_cat?post=12351"},{"taxonomy":"product_tag","embeddable":true,"href":"https:\/\/casaporciatti.it\/shop\/wp-json\/wp\/v2\/product_tag?post=12351"}],"curies":[{"name":"wp","href":"https:\/\/api.w.org\/{rel}","templated":true}]}}