{"id":12309,"date":"2024-07-27T11:04:28","date_gmt":"2024-07-27T09:04:28","guid":{"rendered":"https:\/\/casaporciatti.it\/shop\/?post_type=product&#038;p=12309"},"modified":"2025-11-06T18:25:21","modified_gmt":"2025-11-06T17:25:21","slug":"terreno-sillano-chianti-classico-gran-selezione-2019","status":"publish","type":"product","link":"https:\/\/casaporciatti.it\/shop\/prodotto\/terreno-sillano-chianti-classico-gran-selezione-2019\/","title":{"rendered":"TERRENO SILLANO Chianti Classico Gran Selezione 2019"},"content":{"rendered":"<p>Terreno Sillano Chianti Classico Gran Selezione\u00a0 \u00e8 figlio di una produzione estremamente limitata, con solo 4.000 bottiglie e 300 magnum disponibili. Questo vino \u00e8 prodotto esclusivamente con uve Sangiovese provenienti dalla zona del Chianti Classico, precisamente dall&#8217;UGA Montefioralle, situata sulla riva sinistra del fiume Greve. Le uve provengono dal vigneto San Piero a Sillano, situato presso il pittoresco paese di Montefioralle, con un\u2019esposizione est che permette di catturare al meglio la luce del mattino. Il vigneto si trova a un\u2019altitudine di 500 metri sul livello del mare, su un suolo di Pietraforte, noto per la presenza di ciottoli calcarei che conferiscono una certa durezza e resistenza all\u2019erosione, caratteristiche ideali per la viticoltura.<\/p>\n<p>Le uve vengono raccolte a mano in piccole cassette per garantire la massima integrit\u00e0 del frutto. La fermentazione, avviata con lieviti naturali, e la macerazione si svolgono in mastelle aperte da 10 hl, favorendo un&#8217;ossigenazione ottimale e una maggiore complessit\u00e0 aromatica. Il vino viene poi affinato per 18 mesi in grandi botti di rovere da 12 e 24 hl, seguito da un ulteriore anno di affinamento in bottiglia nella cantina di Terreno. Il contenuto di zucchero residuo \u00e8 di 0,5 g\/l.<\/p>\n<p>L&#8217;annata 2019 \u00e8 considerata una delle migliori del millennio, grazie a temperature equilibrate durante tutto l&#8217;anno che hanno prodotto vini eleganti e complessi, perfetti per l&#8217;invecchiamento. L&#8217;annata 2019 ricorda i grandi Chianti Classico degli anni &#8217;80, con un potenziale di evoluzione straordinario.<\/p>\n<p>Il vino, proveniente da un single vineyard, si distingue per un carattere verticale, che unisce finezza e reattivit\u00e0. Al naso e al palato si presenta con eleganza e freschezza, con una struttura che promette un ottimo invecchiamento.<\/p>\n<p>Grazie alla sua elegante freschezza, il Terreno Sillano Chianti Classico Gran Selezione \u00e8 facile da abbinare a una variet\u00e0 di piatti. \u00c8 ideale con tagliatelle al rag\u00f9 di carne, salsicce toscane con cavolo nero all\u2019aglio, e sorprende piacevolmente anche con un filetto di salmone servito con patate e una ricca salsa al vino bianco.<\/p>\n<p>La cantina Terreno si trova nel cuore del Chianti Classico, vicino al paese di Greve in Chianti, dove la viticoltura \u00e8 una tradizione che risale ai tempi dei Romani. La famiglia Ruhne ha iniziato a produrre vino nel 1988 e oggi la cantina \u00e8 completamente autosufficiente dal punto di vista energetico, con l\u2019obiettivo di passare Terreno alle generazioni future in condizioni migliori rispetto a quando \u00e8 stata acquisita.<\/p>\n<p>&nbsp;<\/p>\n","protected":false},"excerpt":{"rendered":"<p>Terreno Sillano Chianti Classico Gran Selezione\u00a0 \u00e8 figlio di una produzione estremamente limitata, con solo 4.000 bottiglie e 300 magnum [&hellip;]<\/p>\n","protected":false},"featured_media":12311,"template":"","meta":[],"product_brand":[],"product_cat":[16,17],"product_tag":[18,31,2680,22],"class_list":{"0":"post-12309","1":"product","2":"type-product","3":"status-publish","4":"has-post-thumbnail","6":"product_cat-bere","7":"product_cat-vini-rossi","8":"product_tag-chianti-classico","9":"product_tag-portami-in-chianti","10":"product_tag-terreno","11":"product_tag-vino-biologico","12":"pa_categorie-speciali-portami-in-chianti","13":"pa_categorie-speciali-vino-biologico","14":"pa_chianti-classico-vini-di-montefioralle","15":"pa_produttore-terreno","17":"first","18":"outofstock","19":"shipping-taxable","20":"purchasable","21":"product-type-simple"},"acf":[],"_links":{"self":[{"href":"https:\/\/casaporciatti.it\/shop\/wp-json\/wp\/v2\/product\/12309","targetHints":{"allow":["GET"]}}],"collection":[{"href":"https:\/\/casaporciatti.it\/shop\/wp-json\/wp\/v2\/product"}],"about":[{"href":"https:\/\/casaporciatti.it\/shop\/wp-json\/wp\/v2\/types\/product"}],"wp:featuredmedia":[{"embeddable":true,"href":"https:\/\/casaporciatti.it\/shop\/wp-json\/wp\/v2\/media\/12311"}],"wp:attachment":[{"href":"https:\/\/casaporciatti.it\/shop\/wp-json\/wp\/v2\/media?parent=12309"}],"wp:term":[{"taxonomy":"product_brand","embeddable":true,"href":"https:\/\/casaporciatti.it\/shop\/wp-json\/wp\/v2\/product_brand?post=12309"},{"taxonomy":"product_cat","embeddable":true,"href":"https:\/\/casaporciatti.it\/shop\/wp-json\/wp\/v2\/product_cat?post=12309"},{"taxonomy":"product_tag","embeddable":true,"href":"https:\/\/casaporciatti.it\/shop\/wp-json\/wp\/v2\/product_tag?post=12309"}],"curies":[{"name":"wp","href":"https:\/\/api.w.org\/{rel}","templated":true}]}}